{"id":13710,"date":"2023-12-20T17:48:09","date_gmt":"2023-12-20T17:48:09","guid":{"rendered":"http:\/\/compunegocios.com.pe\/index.php\/product\/teclado-logitech-k400-plus-inalambrico-con-touchpad\/"},"modified":"2025-08-19T17:28:31","modified_gmt":"2025-08-19T17:28:31","slug":"teclado-logitech-k400-plus-inalambrico-con-touchpad","status":"publish","type":"product","link":"https:\/\/tmp.compunegocios.com.pe\/index.php\/product\/teclado-logitech-k400-plus-inalambrico-con-touchpad\/","title":{"rendered":"TECLADO LOGITECH K400 PLUS INAL\u00c1MBRICO CON TOUCHPAD"},"content":{"rendered":"<p>TECLADO LOGITECH K400 PLUS INAL\u00c1MBRICO CON TOUCHPAD <\/p>\n<p>El K400 es un silencioso teclado f\u00e1cil de usar, con un touchpad integrado y todas las teclas de acceso r\u00e1pido favoritas de los usuarios de Windows\u00ae y Android\u2122. Los controles multimedia simplifican la navegaci\u00f3n en un televisor conectado a una PC.<\/p>\n<p>Dimensiones<br \/>\nGeneral<br \/>\nAltura: 139,9 mm<br \/>\nAncho: 354,3 mm<br \/>\nProfundidad: 23,5 mm<br \/>\nPeso: 390 g (con bater\u00edas)<br \/>\nTouchpad<br \/>\nAltura: 76 mm<br \/>\nAncho: 47 mm<\/p>\n<p>Especificaciones t\u00e9cnicas<br \/>\nTipo de conexi\u00f3n<br \/>\nProtocolo Logitech Unifying (2,4 GHz)<br \/>\nRadio de acci\u00f3n inal\u00e1mbrico: &gt;10 m de alcance inal\u00e1mbrico 1El radio de acci\u00f3n inal\u00e1mbrico depende de las condiciones del entorno y de los dispositivos.<\/p>\n<p>Software opcional<br \/>\nLogitech Options<\/p>\n<p>Pilas<br \/>\nPilas: 2 AAA (incluidas)<br \/>\nPilas: 18 meses 2La duraci\u00f3n de las bater\u00edas depende del uso y de los dispositivos<\/p>\n<p>Botones\/Teclas especiales<br \/>\nSilencio y ajuste de volumen<\/p>\n<p>Conexi\u00f3n\/alimentaci\u00f3n: conmutador de encendido\/apagado<\/p>\n<p>Duraci\u00f3n de las teclas<br \/>\nHasta 5 millones de pulsaciones<\/p>\n<p>Ruido al escribir<br \/>\nHasta 55 dBA para todas las teclas<\/p>\n","protected":false},"excerpt":{"rendered":"<p>&#8211;<\/p>\n","protected":false},"featured_media":13729,"template":"","meta":[],"pwb-brand":[],"product_brand":[],"product_cat":[188],"product_tag":[],"class_list":{"0":"post-13710","1":"product","2":"type-product","3":"status-publish","4":"has-post-thumbnail","6":"product_cat-188","8":"first","9":"outofstock","10":"taxable","11":"shipping-taxable","12":"purchasable","13":"product-type-simple"},"brands":[],"_links":{"self":[{"href":"https:\/\/tmp.compunegocios.com.pe\/index.php\/wp-json\/wp\/v2\/product\/13710","targetHints":{"allow":["GET"]}}],"collection":[{"href":"https:\/\/tmp.compunegocios.com.pe\/index.php\/wp-json\/wp\/v2\/product"}],"about":[{"href":"https:\/\/tmp.compunegocios.com.pe\/index.php\/wp-json\/wp\/v2\/types\/product"}],"wp:featuredmedia":[{"embeddable":true,"href":"https:\/\/tmp.compunegocios.com.pe\/index.php\/wp-json\/wp\/v2\/media\/13729"}],"wp:attachment":[{"href":"https:\/\/tmp.compunegocios.com.pe\/index.php\/wp-json\/wp\/v2\/media?parent=13710"}],"wp:term":[{"taxonomy":"pwb-brand","embeddable":true,"href":"https:\/\/tmp.compunegocios.com.pe\/index.php\/wp-json\/wp\/v2\/pwb-brand?post=13710"},{"taxonomy":"product_brand","embeddable":true,"href":"https:\/\/tmp.compunegocios.com.pe\/index.php\/wp-json\/wp\/v2\/product_brand?post=13710"},{"taxonomy":"product_cat","embeddable":true,"href":"https:\/\/tmp.compunegocios.com.pe\/index.php\/wp-json\/wp\/v2\/product_cat?post=13710"},{"taxonomy":"product_tag","embeddable":true,"href":"https:\/\/tmp.compunegocios.com.pe\/index.php\/wp-json\/wp\/v2\/product_tag?post=13710"}],"curies":[{"name":"wp","href":"https:\/\/api.w.org\/{rel}","templated":true}]}}