{"id":13732,"date":"2023-12-21T17:31:58","date_gmt":"2023-12-21T17:31:58","guid":{"rendered":"http:\/\/compunegocios.com.pe\/index.php\/product\/teclado-logitech-k480-multidispositivo-inalambrico-bluetooht\/"},"modified":"2025-08-19T17:28:32","modified_gmt":"2025-08-19T17:28:32","slug":"teclado-logitech-k480-multidispositivo-inalambrico-bluetooht","status":"publish","type":"product","link":"https:\/\/tmp.compunegocios.com.pe\/index.php\/product\/teclado-logitech-k480-multidispositivo-inalambrico-bluetooht\/","title":{"rendered":"TECLADO LOGITECH K480 MULTIDISPOSITIVO, INAL\u00c1MBRICO BLUETOOTH"},"content":{"rendered":"<p>TECLADO LOGITECH K480 MULTIDISPOSITIVO, INAL\u00c1MBRICO BLUETOOTH<\/p>\n<p>El K480 es un confortable teclado multidispositivo que ahorra espacio y facilita la escritura en la laptop, la tablet o el celular. Con una impresionante durabilidad, duraci\u00f3n de bater\u00edas prolongada y un esmerado dise\u00f1o, es lo que necesitas para una mayor productividad, en cualquier sitio.<\/p>\n<p>Dimensiones<br \/>\nAltura: 195 mm<br \/>\nAncho: 299 mm<br \/>\nProfundidad: 20 mm<br \/>\nPeso: 820 g<\/p>\n<p>Especificaciones t\u00e9cnicas<br \/>\nTipo de conexi\u00f3n<br \/>\nBluetooth<br \/>\nRadio de acci\u00f3n inal\u00e1mbrico: &gt;10 m 1El radio de acci\u00f3n inal\u00e1mbrico depende de las condiciones del entorno y de los dispositivos.<br \/>\nAplicaci\u00f3n de personalizaci\u00f3n<br \/>\nCompatibilidad con Logi Options+ para Windows y macOS 2Disponible para Windows y macOS en logitech.com\/optionsplus<br \/>\nIndicadores luminosos (LED)<br \/>\nIndicador de carga de bater\u00edas<\/p>\n<p>Pilas<br \/>\nBater\u00edas: 2 AAA (incluidas)<br \/>\nDuraci\u00f3n de las bater\u00edas: 24 meses 3La duraci\u00f3n de las bater\u00edas depende del uso y de los dispositivos<br \/>\nBotones\/Teclas especiales<br \/>\nTeclas de acceso r\u00e1pido (p. ej. Inicio, B\u00fasqueda, Atr\u00e1s, Cambio de aplicaciones y Men\u00fa contextual), Easy-Switch<br \/>\nConexi\u00f3n\/alimentaci\u00f3n: Conmutador de encendido\/apagado<\/p>\n<p>Duraci\u00f3n de las teclas<br \/>\nHasta 5 millones de pulsaciones<\/p>\n<p>Funda y soporte para tablet<br \/>\nEs apto para la mayor\u00eda de celulares y tablets con una anchura de hasta 258 mm y un grosor de hasta 10,5 mm.<\/p>\n","protected":false},"excerpt":{"rendered":"<p>&#8211;<\/p>\n","protected":false},"featured_media":13734,"template":"","meta":[],"pwb-brand":[],"product_brand":[],"product_cat":[188],"product_tag":[],"class_list":{"0":"post-13732","1":"product","2":"type-product","3":"status-publish","4":"has-post-thumbnail","6":"product_cat-188","8":"first","9":"outofstock","10":"taxable","11":"shipping-taxable","12":"purchasable","13":"product-type-simple"},"brands":[],"_links":{"self":[{"href":"https:\/\/tmp.compunegocios.com.pe\/index.php\/wp-json\/wp\/v2\/product\/13732","targetHints":{"allow":["GET"]}}],"collection":[{"href":"https:\/\/tmp.compunegocios.com.pe\/index.php\/wp-json\/wp\/v2\/product"}],"about":[{"href":"https:\/\/tmp.compunegocios.com.pe\/index.php\/wp-json\/wp\/v2\/types\/product"}],"wp:featuredmedia":[{"embeddable":true,"href":"https:\/\/tmp.compunegocios.com.pe\/index.php\/wp-json\/wp\/v2\/media\/13734"}],"wp:attachment":[{"href":"https:\/\/tmp.compunegocios.com.pe\/index.php\/wp-json\/wp\/v2\/media?parent=13732"}],"wp:term":[{"taxonomy":"pwb-brand","embeddable":true,"href":"https:\/\/tmp.compunegocios.com.pe\/index.php\/wp-json\/wp\/v2\/pwb-brand?post=13732"},{"taxonomy":"product_brand","embeddable":true,"href":"https:\/\/tmp.compunegocios.com.pe\/index.php\/wp-json\/wp\/v2\/product_brand?post=13732"},{"taxonomy":"product_cat","embeddable":true,"href":"https:\/\/tmp.compunegocios.com.pe\/index.php\/wp-json\/wp\/v2\/product_cat?post=13732"},{"taxonomy":"product_tag","embeddable":true,"href":"https:\/\/tmp.compunegocios.com.pe\/index.php\/wp-json\/wp\/v2\/product_tag?post=13732"}],"curies":[{"name":"wp","href":"https:\/\/api.w.org\/{rel}","templated":true}]}}