{"id":13733,"date":"2023-12-21T17:42:09","date_gmt":"2023-12-21T17:42:09","guid":{"rendered":"http:\/\/compunegocios.com.pe\/index.php\/product\/teclado-logitech-k780-multidispositivo-inalambrico\/"},"modified":"2025-08-19T17:28:33","modified_gmt":"2025-08-19T17:28:33","slug":"teclado-logitech-k780-multidispositivo-inalambrico","status":"publish","type":"product","link":"https:\/\/tmp.compunegocios.com.pe\/index.php\/product\/teclado-logitech-k780-multidispositivo-inalambrico\/","title":{"rendered":"TECLADO LOGITECH K780 MULTIDISPOSITIVO, INAL\u00c1MBRICO"},"content":{"rendered":"<p>TECLADO LOGITECH K780 MULTIDISPOSITIVO, INAL\u00c1MBRICO<\/p>\n<p>Un teclado. Completamente equipado. Para computadora, tel\u00e9fono y tablet.<br \/>\nTe presentamos el K780, un teclado compacto dise\u00f1ado para nuestra \u00e9poca multitarea. Compatible con hasta tres dispositivos, puedes alternar el uso del celular, la tablet y la computadora con un sencillo procedimiento.<\/p>\n<p>Dimensiones<br \/>\nAltura: 158 mm<br \/>\nAncho: 380 mm<br \/>\nProfundidad: 8 mm (frontal), 22 mm (posterior)<br \/>\nPeso: 875 g<\/p>\n<p>Especificaciones t\u00e9cnicas<br \/>\nTipo de conexi\u00f3n<br \/>\nProtocolo Logitech Unifying (2,4 GHz)<br \/>\nTecnolog\u00eda Bluetooth Smart<br \/>\nRadio de acci\u00f3n inal\u00e1mbrico: Alcance inal\u00e1mbrico de &gt;10 m 1El radio de acci\u00f3n inal\u00e1mbrico depende de las condiciones del entorno y de los dispositivos.<\/p>\n<p>Aplicaci\u00f3n de personalizaci\u00f3n<br \/>\nCompatibilidad con Logi Options+ para Windows y macOS 2Disponible para Windows y macOS en logitech.com\/optionsplus<br \/>\nIndicadores luminosos (LED)<br \/>\n3 LED de canales Bluetooth<br \/>\nIndicador de carga de bater\u00edas<\/p>\n<p>Pilas<br \/>\nBater\u00edas: 2 AAA (incluidas)<br \/>\nPilas: 18 meses 3La duraci\u00f3n de las bater\u00edas depende del uso y de los dispositivos<\/p>\n<p>Botones\/Teclas especiales<br \/>\nTeclas de acceso r\u00e1pido (p. ej. Inicio, B\u00fasqueda, Atr\u00e1s, Cambio de aplicaciones y Men\u00fa contextual), Easy-Switch<br \/>\nConexi\u00f3n\/alimentaci\u00f3n: conmutador de encendido\/apagado<\/p>\n<p>Duraci\u00f3n de las teclas<br \/>\nHasta 10 millones de pulsaciones<\/p>\n<p>Funda y soporte para tablet<br \/>\nAdmite la mayor\u00eda de smartphones y tablets con un grosor de hasta 11,3 mm, en modo vertical u horizontal. iPad Pro (12.9 \u00ab) s\u00f3lo en modo horizontal.<\/p>\n","protected":false},"excerpt":{"rendered":"<p>&#8211;<\/p>\n","protected":false},"featured_media":13739,"template":"","meta":[],"pwb-brand":[],"product_brand":[],"product_cat":[188],"product_tag":[],"class_list":{"0":"post-13733","1":"product","2":"type-product","3":"status-publish","4":"has-post-thumbnail","6":"product_cat-188","8":"first","9":"instock","10":"taxable","11":"shipping-taxable","12":"purchasable","13":"product-type-simple"},"brands":[],"_links":{"self":[{"href":"https:\/\/tmp.compunegocios.com.pe\/index.php\/wp-json\/wp\/v2\/product\/13733","targetHints":{"allow":["GET"]}}],"collection":[{"href":"https:\/\/tmp.compunegocios.com.pe\/index.php\/wp-json\/wp\/v2\/product"}],"about":[{"href":"https:\/\/tmp.compunegocios.com.pe\/index.php\/wp-json\/wp\/v2\/types\/product"}],"wp:featuredmedia":[{"embeddable":true,"href":"https:\/\/tmp.compunegocios.com.pe\/index.php\/wp-json\/wp\/v2\/media\/13739"}],"wp:attachment":[{"href":"https:\/\/tmp.compunegocios.com.pe\/index.php\/wp-json\/wp\/v2\/media?parent=13733"}],"wp:term":[{"taxonomy":"pwb-brand","embeddable":true,"href":"https:\/\/tmp.compunegocios.com.pe\/index.php\/wp-json\/wp\/v2\/pwb-brand?post=13733"},{"taxonomy":"product_brand","embeddable":true,"href":"https:\/\/tmp.compunegocios.com.pe\/index.php\/wp-json\/wp\/v2\/product_brand?post=13733"},{"taxonomy":"product_cat","embeddable":true,"href":"https:\/\/tmp.compunegocios.com.pe\/index.php\/wp-json\/wp\/v2\/product_cat?post=13733"},{"taxonomy":"product_tag","embeddable":true,"href":"https:\/\/tmp.compunegocios.com.pe\/index.php\/wp-json\/wp\/v2\/product_tag?post=13733"}],"curies":[{"name":"wp","href":"https:\/\/api.w.org\/{rel}","templated":true}]}}