{"id":13744,"date":"2023-12-21T21:02:58","date_gmt":"2023-12-21T21:02:58","guid":{"rendered":"http:\/\/compunegocios.com.pe\/index.php\/product\/teclado-logitech-k380-multidispositivo-bluetooth-silenciosa\/"},"modified":"2025-08-19T17:28:35","modified_gmt":"2025-08-19T17:28:35","slug":"teclado-logitech-k380-multidispositivo-bluetooth-silenciosa","status":"publish","type":"product","link":"https:\/\/tmp.compunegocios.com.pe\/index.php\/product\/teclado-logitech-k380-multidispositivo-bluetooth-silenciosa\/","title":{"rendered":"TECLADO LOGITECH K380 MULTIDISPOSITIVO, BLUETOOTH, SILENCIOSA"},"content":{"rendered":"<p>TECLADO LOGITECH K380 MULTIDISPOSITIVO, BLUETOOTH, SILENCIOSA<\/p>\n<p>Un teclado multidispositivo compacto y discreto, para computadoras, tablets y celulares, en casa o en otros sitios.<\/p>\n<p>Dimensiones<br \/>\nAltura: 124 mm<br \/>\nAncho: 279 mm<br \/>\nProfundidad: 16 mm<br \/>\nPeso: 423 g incluidas bater\u00edas<\/p>\n<p>Especificaciones t\u00e9cnicas<br \/>\nTipo de conexi\u00f3n: Bluetooth Classic (3.0)<br \/>\nRadio de acci\u00f3n inal\u00e1mbrico: 10 metros 1El radio de acci\u00f3n inal\u00e1mbrico depende de las condiciones del entorno y de los dispositivos<br \/>\nAplicaci\u00f3n de personalizaci\u00f3n: Compatibilidad con Logi Options+ para Windows y macOS 2Disponible para Windows y macOS en logitech.com\/optionsplus<br \/>\nPilas: 2 x AAA<br \/>\nPilas: 24 meses<br \/>\nIndicadores luminosos (LED): LED de bater\u00edas, 3 LED de canales Bluetooth<br \/>\nBotones\/Teclas especiales: Acceso r\u00e1pido (Inicio, Atr\u00e1s, Cambio de aplicaciones, Men\u00fa contextual), Easy-Switch\u2122<br \/>\nConexi\u00f3n \/ Encendido: conmutador de encendido\/apagado<\/p>\n","protected":false},"excerpt":{"rendered":"<p>&#8211;<\/p>\n","protected":false},"featured_media":13754,"template":"","meta":[],"pwb-brand":[],"product_brand":[],"product_cat":[188],"product_tag":[],"class_list":{"0":"post-13744","1":"product","2":"type-product","3":"status-publish","4":"has-post-thumbnail","6":"product_cat-188","8":"first","9":"outofstock","10":"taxable","11":"shipping-taxable","12":"purchasable","13":"product-type-simple"},"brands":[],"_links":{"self":[{"href":"https:\/\/tmp.compunegocios.com.pe\/index.php\/wp-json\/wp\/v2\/product\/13744","targetHints":{"allow":["GET"]}}],"collection":[{"href":"https:\/\/tmp.compunegocios.com.pe\/index.php\/wp-json\/wp\/v2\/product"}],"about":[{"href":"https:\/\/tmp.compunegocios.com.pe\/index.php\/wp-json\/wp\/v2\/types\/product"}],"wp:featuredmedia":[{"embeddable":true,"href":"https:\/\/tmp.compunegocios.com.pe\/index.php\/wp-json\/wp\/v2\/media\/13754"}],"wp:attachment":[{"href":"https:\/\/tmp.compunegocios.com.pe\/index.php\/wp-json\/wp\/v2\/media?parent=13744"}],"wp:term":[{"taxonomy":"pwb-brand","embeddable":true,"href":"https:\/\/tmp.compunegocios.com.pe\/index.php\/wp-json\/wp\/v2\/pwb-brand?post=13744"},{"taxonomy":"product_brand","embeddable":true,"href":"https:\/\/tmp.compunegocios.com.pe\/index.php\/wp-json\/wp\/v2\/product_brand?post=13744"},{"taxonomy":"product_cat","embeddable":true,"href":"https:\/\/tmp.compunegocios.com.pe\/index.php\/wp-json\/wp\/v2\/product_cat?post=13744"},{"taxonomy":"product_tag","embeddable":true,"href":"https:\/\/tmp.compunegocios.com.pe\/index.php\/wp-json\/wp\/v2\/product_tag?post=13744"}],"curies":[{"name":"wp","href":"https:\/\/api.w.org\/{rel}","templated":true}]}}