{"id":13773,"date":"2023-12-21T23:27:07","date_gmt":"2023-12-21T23:27:07","guid":{"rendered":"http:\/\/compunegocios.com.pe\/index.php\/product\/teclado-logitech-k120-plano-usb\/"},"modified":"2025-09-25T02:24:13","modified_gmt":"2025-09-25T02:24:13","slug":"teclado-logitech-k120-plano-usb","status":"publish","type":"product","link":"https:\/\/tmp.compunegocios.com.pe\/index.php\/product\/teclado-logitech-k120-plano-usb\/","title":{"rendered":"TECLADO LOGITECH K120, PLANO, USB"},"content":{"rendered":"<p>TECLADO LOGITECH K120, PLANO, USB <\/p>\n<p>K120 es confiable y duradero, dotado de una secci\u00f3n num\u00e9rica y un dise\u00f1o que facilita el uso desde el principio. S\u00f3lo hay que conectar este teclado con cable a una toma USB para empezar a usarlo.<\/p>\n<p>Dimensiones<br \/>\nAltura: 155 mm<br \/>\nAncho: 450 mm<br \/>\nProfundidad: 23,5 mm<br \/>\nPeso: 550 g<br \/>\nLongitud del cable: 150 cm<\/p>\n<p>Especificaciones t\u00e9cnicas<br \/>\nTeclado<br \/>\nDise\u00f1o resistente a salpicaduras 1Pruebas realizadas en condiciones limitadas (m\u00e1ximo de 60 ml de l\u00edquido). No sumerjas el teclado en ning\u00fan l\u00edquido.<br \/>\nTeclado num\u00e9rico con 10 teclas<br \/>\nIndicador luminoso de bloqueo de may\u00fasculas<br \/>\nIndicador luminoso de bloqueo num\u00e9rico<br \/>\nHasta 10 millones de pulsaciones (excepto la tecla de bloqueo num\u00e9rico)<br \/>\nTipo de teclas: Teclas c\u00f3ncavas<\/p>\n","protected":false},"excerpt":{"rendered":"<p>&#8211;<\/p>\n","protected":false},"featured_media":13779,"template":"","meta":[],"pwb-brand":[],"product_brand":[],"product_cat":[189],"product_tag":[],"class_list":{"0":"post-13773","1":"product","2":"type-product","3":"status-publish","4":"has-post-thumbnail","6":"product_cat-189","8":"first","9":"instock","10":"taxable","11":"shipping-taxable","12":"purchasable","13":"product-type-simple"},"brands":[],"_links":{"self":[{"href":"https:\/\/tmp.compunegocios.com.pe\/index.php\/wp-json\/wp\/v2\/product\/13773","targetHints":{"allow":["GET"]}}],"collection":[{"href":"https:\/\/tmp.compunegocios.com.pe\/index.php\/wp-json\/wp\/v2\/product"}],"about":[{"href":"https:\/\/tmp.compunegocios.com.pe\/index.php\/wp-json\/wp\/v2\/types\/product"}],"wp:featuredmedia":[{"embeddable":true,"href":"https:\/\/tmp.compunegocios.com.pe\/index.php\/wp-json\/wp\/v2\/media\/13779"}],"wp:attachment":[{"href":"https:\/\/tmp.compunegocios.com.pe\/index.php\/wp-json\/wp\/v2\/media?parent=13773"}],"wp:term":[{"taxonomy":"pwb-brand","embeddable":true,"href":"https:\/\/tmp.compunegocios.com.pe\/index.php\/wp-json\/wp\/v2\/pwb-brand?post=13773"},{"taxonomy":"product_brand","embeddable":true,"href":"https:\/\/tmp.compunegocios.com.pe\/index.php\/wp-json\/wp\/v2\/product_brand?post=13773"},{"taxonomy":"product_cat","embeddable":true,"href":"https:\/\/tmp.compunegocios.com.pe\/index.php\/wp-json\/wp\/v2\/product_cat?post=13773"},{"taxonomy":"product_tag","embeddable":true,"href":"https:\/\/tmp.compunegocios.com.pe\/index.php\/wp-json\/wp\/v2\/product_tag?post=13773"}],"curies":[{"name":"wp","href":"https:\/\/api.w.org\/{rel}","templated":true}]}}