{"id":13784,"date":"2023-12-22T00:11:20","date_gmt":"2023-12-22T00:11:20","guid":{"rendered":"http:\/\/compunegocios.com.pe\/index.php\/product\/combo-teclado-mouse-microsoft-850-inalambrico\/"},"modified":"2025-08-19T17:28:42","modified_gmt":"2025-08-19T17:28:42","slug":"combo-teclado-mouse-microsoft-850-inalambrico","status":"publish","type":"product","link":"https:\/\/tmp.compunegocios.com.pe\/index.php\/product\/combo-teclado-mouse-microsoft-850-inalambrico\/","title":{"rendered":"COMBO TECLADO + MOUSE MICROSOFT 850 INAL\u00c1MBRICO"},"content":{"rendered":"<p>COMBO TECLADO + MOUSE MICROSOFT 850 INAL\u00c1MBRICO<\/p>\n<p>Conexi\u00f3n inal\u00e1mbrica segura<br \/>\nDisfrute de la tecnolog\u00eda inal\u00e1mbrica a 2.4 GHz que proporciona una conexi\u00f3n de confianza con un alcance de hasta 5 metros, sin pr\u00e1cticamente ninguna interferencia.<\/p>\n<p>Est\u00e1ndar de cifrado avanzado (AES) de 128 bits de cifrado<br \/>\nEste teclado presenta la tecnolog\u00eda de Est\u00e1ndar de Cifrado Avanzado (AES*), dise\u00f1ada para ayudar a proteger su informaci\u00f3n al cifrar sus pulsaciones en \u00e9l. Cada teclado est\u00e1 asociado de forma permanente con su receptor en la f\u00e1brica, de modo que nunca se comparte informaci\u00f3n clave por el aire.<\/p>\n<p>Teclas de acceso r\u00e1pido de Windows<br \/>\nUtilice las teclas de acceso r\u00e1pido para utilizar las herramientas de uso frecuente, como los controles de audio y acercamiento y la calculadora.<\/p>\n<p>Dise\u00f1ado para comodidad en ambas manos<br \/>\nExcelente comodidad con dise\u00f1o para adaptarse perfectamente a su mano derecha o izquierda.<\/p>\n<p>Tecnolog\u00eda \u00f3ptica de Microsoft<br \/>\nLa tecnolog\u00eda de seguimiento \u00f3ptico proporciona un control del cursor del mouse altamente eficaz.<\/p>\n<p>Transceptor acoplable<br \/>\nConecte el receptor inal\u00e1mbrico al puerto USB de su equipo cuando est\u00e9 listo para trabajar. Ac\u00f3plelo a la parte inferior del mouse cuando viaje y este se desconectar\u00e1 autom\u00e1ticamente.<\/p>\n<p>Indicador de duraci\u00f3n de la pila<br \/>\nEvite verse atrapado por una pila sin carga. El indicador de estado de la pila se ilumina en rojo cuando su carga es baja.<\/p>\n<p>Rueda de desplazamiento<br \/>\nDespl\u00e1cese r\u00e1pidamente por documentos y p\u00e1ginas web.<\/p>\n<p>Interruptor de encendido\/apagado<br \/>\nApague el mouse para prolongar la duraci\u00f3n de la pila.<\/p>\n<p>Tecla de pantalla de inicio de Windows<br \/>\nSolamente presione la tecla de inicio de Windows para visualizar sus aplicaciones y pantalla de inicio.<\/p>\n<p>Mayor duraci\u00f3n de la pila<br \/>\nExperimente menos interrupciones con una duraci\u00f3n de la pila del teclado de hasta 15 meses.<\/p>\n","protected":false},"excerpt":{"rendered":"<p>&#8211;<\/p>\n","protected":false},"featured_media":13789,"template":"","meta":[],"pwb-brand":[],"product_brand":[],"product_cat":[332],"product_tag":[],"class_list":{"0":"post-13784","1":"product","2":"type-product","3":"status-publish","4":"has-post-thumbnail","6":"product_cat-332","8":"first","9":"instock","10":"taxable","11":"shipping-taxable","12":"purchasable","13":"product-type-simple"},"brands":[],"_links":{"self":[{"href":"https:\/\/tmp.compunegocios.com.pe\/index.php\/wp-json\/wp\/v2\/product\/13784","targetHints":{"allow":["GET"]}}],"collection":[{"href":"https:\/\/tmp.compunegocios.com.pe\/index.php\/wp-json\/wp\/v2\/product"}],"about":[{"href":"https:\/\/tmp.compunegocios.com.pe\/index.php\/wp-json\/wp\/v2\/types\/product"}],"wp:featuredmedia":[{"embeddable":true,"href":"https:\/\/tmp.compunegocios.com.pe\/index.php\/wp-json\/wp\/v2\/media\/13789"}],"wp:attachment":[{"href":"https:\/\/tmp.compunegocios.com.pe\/index.php\/wp-json\/wp\/v2\/media?parent=13784"}],"wp:term":[{"taxonomy":"pwb-brand","embeddable":true,"href":"https:\/\/tmp.compunegocios.com.pe\/index.php\/wp-json\/wp\/v2\/pwb-brand?post=13784"},{"taxonomy":"product_brand","embeddable":true,"href":"https:\/\/tmp.compunegocios.com.pe\/index.php\/wp-json\/wp\/v2\/product_brand?post=13784"},{"taxonomy":"product_cat","embeddable":true,"href":"https:\/\/tmp.compunegocios.com.pe\/index.php\/wp-json\/wp\/v2\/product_cat?post=13784"},{"taxonomy":"product_tag","embeddable":true,"href":"https:\/\/tmp.compunegocios.com.pe\/index.php\/wp-json\/wp\/v2\/product_tag?post=13784"}],"curies":[{"name":"wp","href":"https:\/\/api.w.org\/{rel}","templated":true}]}}