{"id":13804,"date":"2023-12-22T17:04:48","date_gmt":"2023-12-22T17:04:48","guid":{"rendered":"http:\/\/compunegocios.com.pe\/index.php\/product\/fuente-de-poder-asus-tuf-450b-gaming-450w-certificacion-bronze\/"},"modified":"2025-08-19T17:28:43","modified_gmt":"2025-08-19T17:28:43","slug":"fuente-de-poder-asus-tuf-450b-gaming-450w-certificacion-bronze","status":"publish","type":"product","link":"https:\/\/tmp.compunegocios.com.pe\/index.php\/product\/fuente-de-poder-asus-tuf-450b-gaming-450w-certificacion-bronze\/","title":{"rendered":"FUENTE DE PODER ASUS TUF-450B-GAMING 450W CERTIFICACI\u00d3N BRONZE"},"content":{"rendered":"<p>FUENTE DE PODER ASUS TUF-450B-GAMING 450W CERTIFICACI\u00d3N BRONZE <\/p>\n<p>Construida para durar mucho tiempo.<br \/>\nProvistas de componentes de grado militar y una robusta soluci\u00f3n de refrigeraci\u00f3n, las PSU de la serie TUF Gaming son la plataforma de energ\u00eda en la que puedes confiar. Los condensadores y choques de alta calidad se someten a temperaturas extremas y pruebas de vibraci\u00f3n para garantizar que cumplan con las rigurosas especificaciones militares. El ventilador Axial-Tech con rodamiento de bolas doble dura m\u00e1s que otros ventiladores. Es la fuente de alimentaci\u00f3n perfecta para montar un equipo TUF o cualquier equipo para jugar.<\/p>\n<p>Certificaci\u00f3n de grado militar.<br \/>\nLas mejores notas.<br \/>\nTodos los condensadores y obturadores cr\u00edticos de las PSU TUF Gaming ofrecen una certificaci\u00f3n militar que asegura su fiabilidad en un amplio rango de temperaturas.<\/p>\n<p>Certificaci\u00f3n 80 Plus Bronze.<br \/>\nBrains y Bronze.<br \/>\nLos componentes de alta calidad utilizados en las fuentes de alimentaci\u00f3n TUF Gaming aseguran una fiabilidad conforme a certificaci\u00f3n 80 PLUS Bronze. Su eficiencia reduce la temperatura dentro de la PSU, facilitando un perfil ac\u00fastico m\u00e1s silencioso para el ventilador Axial-Tech de 135 mm.<\/p>\n<p>Ventilador con doble rodamiento de bolas.<br \/>\nDura el doble.<br \/>\nEl ventilador de 135 mm con rodamiento de bolas doble llega a durar el doble que los rodamientos de fricci\u00f3n tradicionales.<\/p>\n<p>Ventilador Axial-Tech.<br \/>\nMejor, m\u00e1s r\u00e1pido, m\u00e1s fuerte.<br \/>\nDise\u00f1ados para gr\u00e1ficas ROG de alta gama, los ventiladores Axial-Tech presentan unas aspas m\u00e1s grandes y un anillo de bloqueo que incrementa la presi\u00f3n de aire hacia abajo. Las fuentes de alimentaci\u00f3n de la serie TUF Gaming incorporan un ventilador de 135 mm que mantiene las temperaturas fr\u00edas a bajas RPM y producen menos ruido.<\/p>\n<p>Revestimiento protector.<br \/>\nProtecci\u00f3n total.<br \/>\nUna capa protectora envuelve la PCB para protegerla contra cortocircuitos causados por la humedad, el polvo y la suciedad.<\/p>\n<p>Tecnolog\u00eda 0 dB.<br \/>\nInteligente y silenciosa.<br \/>\nUna controladora integrada detiene por completo el ventilador de 135 mm mientras el consumo energ\u00e9tico se mantiene por debajo del 40%, permiti\u00e9ndote jugar en relativo silencio. Una vez el TDP supera el 40%, el ventilador se reanuda autom\u00e1ticamente.<\/p>\n<p>Cables apantallados.<br \/>\nDetalles de calidad.<br \/>\nLos cables apantallados dan a tu equipo un aspecto profesional.<\/p>\n<p>POTENCIA M\u00c1XIMA DE SALIDA: 450 W.<br \/>\nEFICIENCIA: 80PLUS BRONZE.<br \/>\nFunciones de Protecci\u00f3n: OPP \/ OVP \/ UVP \/ SCP \/ OCP \/ OTP.<br \/>\nRango de Entrada CA: 100 &#8211; 240 V AC.<br \/>\nVoltaje de Salida CC: +3,3 V, +5 V, +12 V, -12 V, + 5 V SB.<br \/>\nCarga M\u00e1xima: 20 A, 20 A, 37,4 A, 0,8 A, 3 A.<br \/>\nCarga Combinada: 110 W, 110 W, 448,8 W, 9,6 W, 15 W.<br \/>\nConectores: MB 24 \/ 20 pines x 1 \/ CPU 4 + 4 pines x 1 \/ PCI-E 6 + 2 pines x 2 \/ SATA x 5 \/ Perif\u00e9rico x 4.<br \/>\nPeso: 1,88 kg APROX.<br \/>\nDimensiones: 150 x 150 x 86 mm APROX.<\/p>\n","protected":false},"excerpt":{"rendered":"<p>&#8211;<\/p>\n","protected":false},"featured_media":13807,"template":"","meta":[],"pwb-brand":[339],"product_brand":[],"product_cat":[174],"product_tag":[],"class_list":{"0":"post-13804","1":"product","2":"type-product","3":"status-publish","4":"has-post-thumbnail","6":"pwb-brand-asus","7":"product_cat-174","9":"first","10":"instock","11":"taxable","12":"shipping-taxable","13":"purchasable","14":"product-type-simple"},"brands":[{"id":339,"name":"Asus","slug":"asus"}],"_links":{"self":[{"href":"https:\/\/tmp.compunegocios.com.pe\/index.php\/wp-json\/wp\/v2\/product\/13804","targetHints":{"allow":["GET"]}}],"collection":[{"href":"https:\/\/tmp.compunegocios.com.pe\/index.php\/wp-json\/wp\/v2\/product"}],"about":[{"href":"https:\/\/tmp.compunegocios.com.pe\/index.php\/wp-json\/wp\/v2\/types\/product"}],"wp:featuredmedia":[{"embeddable":true,"href":"https:\/\/tmp.compunegocios.com.pe\/index.php\/wp-json\/wp\/v2\/media\/13807"}],"wp:attachment":[{"href":"https:\/\/tmp.compunegocios.com.pe\/index.php\/wp-json\/wp\/v2\/media?parent=13804"}],"wp:term":[{"taxonomy":"pwb-brand","embeddable":true,"href":"https:\/\/tmp.compunegocios.com.pe\/index.php\/wp-json\/wp\/v2\/pwb-brand?post=13804"},{"taxonomy":"product_brand","embeddable":true,"href":"https:\/\/tmp.compunegocios.com.pe\/index.php\/wp-json\/wp\/v2\/product_brand?post=13804"},{"taxonomy":"product_cat","embeddable":true,"href":"https:\/\/tmp.compunegocios.com.pe\/index.php\/wp-json\/wp\/v2\/product_cat?post=13804"},{"taxonomy":"product_tag","embeddable":true,"href":"https:\/\/tmp.compunegocios.com.pe\/index.php\/wp-json\/wp\/v2\/product_tag?post=13804"}],"curies":[{"name":"wp","href":"https:\/\/api.w.org\/{rel}","templated":true}]}}