{"id":13805,"date":"2023-12-22T17:28:32","date_gmt":"2023-12-22T17:28:32","guid":{"rendered":"http:\/\/compunegocios.com.pe\/index.php\/product\/fuente-de-poder-antryx-xtreme-pro-ii-600v2-80-plus\/"},"modified":"2025-08-19T17:28:44","modified_gmt":"2025-08-19T17:28:44","slug":"fuente-de-poder-antryx-xtreme-pro-ii-600v2-80-plus","status":"publish","type":"product","link":"https:\/\/tmp.compunegocios.com.pe\/index.php\/product\/fuente-de-poder-antryx-xtreme-pro-ii-600v2-80-plus\/","title":{"rendered":"FUENTE DE PODER ANTRYX XTREME PRO II 600V2 80 PLUS"},"content":{"rendered":"<p>FUENTE DE PODER ANTRYX XTREME PRO II 600V2 80 PLUS<\/p>\n<p>Caracter\u00edsticas:<br \/>\n80 PLUS WHITE: Certificado 80 PLUS WHITE, define el compromiso de Antryx con el dise\u00f1o y la producci\u00f3n de fuentes de alimentaci\u00f3n ecol\u00f3gicas<br \/>\nCapacitores electrol\u00edticos de aluminio de 105 \u00b0C: construidos con componentes de alta calidad que se traducen en una mayor vida \u00fatil del producto<br \/>\nCompatible con Intel: actualizado a ATX v2.31 Intel Kabylake ready<br \/>\nTecnolog\u00edas Multi-GPU compatibles: conectores PCI-E de 6 pines y 8 pines para admitir todas las plataformas de GPU<br \/>\nDise\u00f1o de energ\u00eda verde: para cumplir con ErP 2010 y todas las nuevas regulaciones de ahorro de energ\u00eda CE<br \/>\nPotente riel \u00fanico de +12v: para un equilibrio de carga superior y compatibilidad con VGA<br \/>\nDise\u00f1o de protecci\u00f3n m\u00faltiple: protecci\u00f3n contra sobrevoltaje (OVP), protecci\u00f3n contra sobrealimentaci\u00f3n (OPP), protecci\u00f3n contra cortocircuitos (SCP), protecci\u00f3n contra bajo voltaje (UVP)<br \/>\nALTA EFICIENCIA: Curva de eficiencia: 82% \u2013 85% \u2013 82%, eficiencia m\u00ednima 82%<br \/>\nCondensador japon\u00e9s: el condensador japon\u00e9s de alta calidad mejora la confiabilidad de la fuente de alimentaci\u00f3n<br \/>\nFiltro EMI de doble capa: doble protecci\u00f3n contra interferencias electromagn\u00e9ticas<\/p>\n","protected":false},"excerpt":{"rendered":"<p>&#8211;<\/p>\n","protected":false},"featured_media":13809,"template":"","meta":[],"pwb-brand":[],"product_brand":[],"product_cat":[173],"product_tag":[],"class_list":{"0":"post-13805","1":"product","2":"type-product","3":"status-publish","4":"has-post-thumbnail","6":"product_cat-173","8":"first","9":"outofstock","10":"taxable","11":"shipping-taxable","12":"purchasable","13":"product-type-simple"},"brands":[],"_links":{"self":[{"href":"https:\/\/tmp.compunegocios.com.pe\/index.php\/wp-json\/wp\/v2\/product\/13805","targetHints":{"allow":["GET"]}}],"collection":[{"href":"https:\/\/tmp.compunegocios.com.pe\/index.php\/wp-json\/wp\/v2\/product"}],"about":[{"href":"https:\/\/tmp.compunegocios.com.pe\/index.php\/wp-json\/wp\/v2\/types\/product"}],"wp:featuredmedia":[{"embeddable":true,"href":"https:\/\/tmp.compunegocios.com.pe\/index.php\/wp-json\/wp\/v2\/media\/13809"}],"wp:attachment":[{"href":"https:\/\/tmp.compunegocios.com.pe\/index.php\/wp-json\/wp\/v2\/media?parent=13805"}],"wp:term":[{"taxonomy":"pwb-brand","embeddable":true,"href":"https:\/\/tmp.compunegocios.com.pe\/index.php\/wp-json\/wp\/v2\/pwb-brand?post=13805"},{"taxonomy":"product_brand","embeddable":true,"href":"https:\/\/tmp.compunegocios.com.pe\/index.php\/wp-json\/wp\/v2\/product_brand?post=13805"},{"taxonomy":"product_cat","embeddable":true,"href":"https:\/\/tmp.compunegocios.com.pe\/index.php\/wp-json\/wp\/v2\/product_cat?post=13805"},{"taxonomy":"product_tag","embeddable":true,"href":"https:\/\/tmp.compunegocios.com.pe\/index.php\/wp-json\/wp\/v2\/product_tag?post=13805"}],"curies":[{"name":"wp","href":"https:\/\/api.w.org\/{rel}","templated":true}]}}