{"id":13830,"date":"2023-12-23T16:14:18","date_gmt":"2023-12-23T16:14:18","guid":{"rendered":"http:\/\/compunegocios.com.pe\/index.php\/product\/camara-wifi-de-seguridad-tp-link-tapo-c310-para-exteriores-3mp-vision-nocturna\/"},"modified":"2025-09-09T16:47:51","modified_gmt":"2025-09-09T16:47:51","slug":"camara-wifi-de-seguridad-tp-link-tapo-c310-para-exteriores-3mp-vision-nocturna","status":"publish","type":"product","link":"https:\/\/tmp.compunegocios.com.pe\/index.php\/product\/camara-wifi-de-seguridad-tp-link-tapo-c310-para-exteriores-3mp-vision-nocturna\/","title":{"rendered":"C\u00c1MARA WIFI DE SEGURIDAD TP-LINK TAPO C310 PARA EXTERIORES 3MP VISI\u00d3N NOCTURNA"},"content":{"rendered":"<p>C\u00c1MARA WIFI DE SEGURIDAD TP-LINK TAPO C310 PARA EXTERIORES 3MP VISI\u00d3N NOCTURNA<\/p>\n<p>V\u00eddeo de ultra alta definici\u00f3n: graba todas las im\u00e1genes con una definici\u00f3n n\u00edtida de 3 MP.<br \/>\nRedes cableadas o inal\u00e1mbricas: conecte su c\u00e1mara a la red a trav\u00e9s de Ethernet o WiFi para una instalaci\u00f3n m\u00e1s flexible.<br \/>\nVisi\u00f3n nocturna avanzada: proporciona una distancia visual de hasta 30 m (98 pies) incluso en la oscuridad total.<br \/>\nDetecci\u00f3n de movimiento y notificaciones: le notifica cuando la c\u00e1mara detecta movimiento.<br \/>\nAlarma de luz y sonido: active los efectos de luz y sonido para ahuyentar a los visitantes no deseados.<br \/>\nAudio bidireccional: permite la comunicaci\u00f3n a trav\u00e9s de un micr\u00f3fono y un altavoz integrados.<br \/>\nAlmacenamiento seguro: almacena localmente hasta 128 GB de video de 3MP en una tarjeta microSD, lo que ofrece un acceso conveniente a sus secuencias de video.<br \/>\nControl por voz: libere sus manos con control por voz: funciona con el Asistente de Google y Amazon Alexa. (Google Assistant y Amazon Alexa no est\u00e1n disponibles en todos los idiomas y pa\u00edses).<\/p>\n","protected":false},"excerpt":{"rendered":"<p>&#8211;<\/p>\n","protected":false},"featured_media":13832,"template":"","meta":[],"pwb-brand":[],"product_brand":[],"product_cat":[235],"product_tag":[],"class_list":{"0":"post-13830","1":"product","2":"type-product","3":"status-publish","4":"has-post-thumbnail","6":"product_cat-235","8":"first","9":"instock","10":"taxable","11":"shipping-taxable","12":"purchasable","13":"product-type-simple"},"brands":[],"_links":{"self":[{"href":"https:\/\/tmp.compunegocios.com.pe\/index.php\/wp-json\/wp\/v2\/product\/13830","targetHints":{"allow":["GET"]}}],"collection":[{"href":"https:\/\/tmp.compunegocios.com.pe\/index.php\/wp-json\/wp\/v2\/product"}],"about":[{"href":"https:\/\/tmp.compunegocios.com.pe\/index.php\/wp-json\/wp\/v2\/types\/product"}],"wp:featuredmedia":[{"embeddable":true,"href":"https:\/\/tmp.compunegocios.com.pe\/index.php\/wp-json\/wp\/v2\/media\/13832"}],"wp:attachment":[{"href":"https:\/\/tmp.compunegocios.com.pe\/index.php\/wp-json\/wp\/v2\/media?parent=13830"}],"wp:term":[{"taxonomy":"pwb-brand","embeddable":true,"href":"https:\/\/tmp.compunegocios.com.pe\/index.php\/wp-json\/wp\/v2\/pwb-brand?post=13830"},{"taxonomy":"product_brand","embeddable":true,"href":"https:\/\/tmp.compunegocios.com.pe\/index.php\/wp-json\/wp\/v2\/product_brand?post=13830"},{"taxonomy":"product_cat","embeddable":true,"href":"https:\/\/tmp.compunegocios.com.pe\/index.php\/wp-json\/wp\/v2\/product_cat?post=13830"},{"taxonomy":"product_tag","embeddable":true,"href":"https:\/\/tmp.compunegocios.com.pe\/index.php\/wp-json\/wp\/v2\/product_tag?post=13830"}],"curies":[{"name":"wp","href":"https:\/\/api.w.org\/{rel}","templated":true}]}}