{"id":13831,"date":"2023-12-23T16:24:50","date_gmt":"2023-12-23T16:24:50","guid":{"rendered":"http:\/\/compunegocios.com.pe\/index.php\/product\/camara-wifi-de-seguridad-tp-link-tapo-c200-rotatoria-1080p-vision-nocturna\/"},"modified":"2025-08-19T17:28:50","modified_gmt":"2025-08-19T17:28:50","slug":"camara-wifi-de-seguridad-tp-link-tapo-c200-rotatoria-1080p-vision-nocturna","status":"publish","type":"product","link":"https:\/\/tmp.compunegocios.com.pe\/index.php\/product\/camara-wifi-de-seguridad-tp-link-tapo-c200-rotatoria-1080p-vision-nocturna\/","title":{"rendered":"C\u00c1MARA WIFI DE SEGURIDAD TP-LINK TAPO C200 ROTATORIA 1080P VISI\u00d3N NOCTURNA"},"content":{"rendered":"<p>C\u00c1MARA WIFI DE SEGURIDAD TP-LINK TAPO C200 ROTATORIA 1080P VISI\u00d3N NOCTURNA<\/p>\n<p>V\u00eddeo de Alta Definici\u00f3n: Captura todos los detalles con una definici\u00f3n de 1080p.<br \/>\nVisualizaci\u00f3n Nocturna Avanzada:  Incluso de noche, \u00e9sta c\u00e1mara propociona una distancia visual de hasta 9 metros.<br \/>\nNotificaciones y Detecci\u00f3n de Movimiento: Reciba una notificaci\u00f3n si algo sospechoso es detectado.<br \/>\nAlarma de Luz y Sonido: Active efectos de luz y sonido, ahuyentando a cualquier visita no deseada.<br \/>\nAudio de Doble V\u00eda: Comun\u00edcate con los dem\u00e1s gracias al micr\u00f3fono y altavoz incorporados.<br \/>\nAlmacenamiento Seguro: Soporta tarjeta MicroSD Card (hasta 128 GB).<\/p>\n","protected":false},"excerpt":{"rendered":"<p>&#8211;<\/p>\n","protected":false},"featured_media":13836,"template":"","meta":[],"pwb-brand":[],"product_brand":[],"product_cat":[235],"product_tag":[],"class_list":{"0":"post-13831","1":"product","2":"type-product","3":"status-publish","4":"has-post-thumbnail","6":"product_cat-235","8":"first","9":"outofstock","10":"taxable","11":"shipping-taxable","12":"purchasable","13":"product-type-simple"},"brands":[],"_links":{"self":[{"href":"https:\/\/tmp.compunegocios.com.pe\/index.php\/wp-json\/wp\/v2\/product\/13831","targetHints":{"allow":["GET"]}}],"collection":[{"href":"https:\/\/tmp.compunegocios.com.pe\/index.php\/wp-json\/wp\/v2\/product"}],"about":[{"href":"https:\/\/tmp.compunegocios.com.pe\/index.php\/wp-json\/wp\/v2\/types\/product"}],"wp:featuredmedia":[{"embeddable":true,"href":"https:\/\/tmp.compunegocios.com.pe\/index.php\/wp-json\/wp\/v2\/media\/13836"}],"wp:attachment":[{"href":"https:\/\/tmp.compunegocios.com.pe\/index.php\/wp-json\/wp\/v2\/media?parent=13831"}],"wp:term":[{"taxonomy":"pwb-brand","embeddable":true,"href":"https:\/\/tmp.compunegocios.com.pe\/index.php\/wp-json\/wp\/v2\/pwb-brand?post=13831"},{"taxonomy":"product_brand","embeddable":true,"href":"https:\/\/tmp.compunegocios.com.pe\/index.php\/wp-json\/wp\/v2\/product_brand?post=13831"},{"taxonomy":"product_cat","embeddable":true,"href":"https:\/\/tmp.compunegocios.com.pe\/index.php\/wp-json\/wp\/v2\/product_cat?post=13831"},{"taxonomy":"product_tag","embeddable":true,"href":"https:\/\/tmp.compunegocios.com.pe\/index.php\/wp-json\/wp\/v2\/product_tag?post=13831"}],"curies":[{"name":"wp","href":"https:\/\/api.w.org\/{rel}","templated":true}]}}