{"id":13970,"date":"2023-12-28T19:58:10","date_gmt":"2023-12-28T19:58:10","guid":{"rendered":"http:\/\/compunegocios.com.pe\/index.php\/product\/tinta-epson-534-black-c13t03l12a-120-ml-t534120\/"},"modified":"2025-09-17T16:12:00","modified_gmt":"2025-09-17T16:12:00","slug":"tinta-epson-534-black-c13t03l12a-120-ml-t534120","status":"publish","type":"product","link":"https:\/\/tmp.compunegocios.com.pe\/index.php\/product\/tinta-epson-534-black-c13t03l12a-120-ml-t534120\/","title":{"rendered":"TINTA EPSON 534 BLACK (C13T03L12A) 120 ML, T534120"},"content":{"rendered":"<p>TINTA EPSON 534 BLACK (C13T03L12A) 120 ML, T534120 <\/p>\n<p>Colores de impresi\u00f3n: Negro<br \/>\nTecnolog\u00eda de impresi\u00f3n: Inyecci\u00f3n de tinta<br \/>\nTipo de embalaje: Caja<br \/>\nMarca compatible: Epson<br \/>\nCompatibilidad: M1100 &#8211; M1120 &#8211; M1180 &#8211; M2120 &#8211; M2140 &#8211; M2170 &#8211; M3170 &#8211; M3180<br \/>\nP\u00e1gina de rendimiento de tinta negro: 11000 p\u00e1ginas<\/p>\n","protected":false},"excerpt":{"rendered":"<p>&#8211;<\/p>\n","protected":false},"featured_media":13972,"template":"","meta":[],"pwb-brand":[333],"product_brand":[],"product_cat":[255],"product_tag":[],"class_list":{"0":"post-13970","1":"product","2":"type-product","3":"status-publish","4":"has-post-thumbnail","6":"pwb-brand-epson","7":"product_cat-255","9":"first","10":"instock","11":"taxable","12":"shipping-taxable","13":"purchasable","14":"product-type-simple"},"brands":[{"id":333,"name":"Epson","slug":"epson"}],"_links":{"self":[{"href":"https:\/\/tmp.compunegocios.com.pe\/index.php\/wp-json\/wp\/v2\/product\/13970","targetHints":{"allow":["GET"]}}],"collection":[{"href":"https:\/\/tmp.compunegocios.com.pe\/index.php\/wp-json\/wp\/v2\/product"}],"about":[{"href":"https:\/\/tmp.compunegocios.com.pe\/index.php\/wp-json\/wp\/v2\/types\/product"}],"wp:featuredmedia":[{"embeddable":true,"href":"https:\/\/tmp.compunegocios.com.pe\/index.php\/wp-json\/wp\/v2\/media\/13972"}],"wp:attachment":[{"href":"https:\/\/tmp.compunegocios.com.pe\/index.php\/wp-json\/wp\/v2\/media?parent=13970"}],"wp:term":[{"taxonomy":"pwb-brand","embeddable":true,"href":"https:\/\/tmp.compunegocios.com.pe\/index.php\/wp-json\/wp\/v2\/pwb-brand?post=13970"},{"taxonomy":"product_brand","embeddable":true,"href":"https:\/\/tmp.compunegocios.com.pe\/index.php\/wp-json\/wp\/v2\/product_brand?post=13970"},{"taxonomy":"product_cat","embeddable":true,"href":"https:\/\/tmp.compunegocios.com.pe\/index.php\/wp-json\/wp\/v2\/product_cat?post=13970"},{"taxonomy":"product_tag","embeddable":true,"href":"https:\/\/tmp.compunegocios.com.pe\/index.php\/wp-json\/wp\/v2\/product_tag?post=13970"}],"curies":[{"name":"wp","href":"https:\/\/api.w.org\/{rel}","templated":true}]}}