{"id":13982,"date":"2023-12-28T23:55:33","date_gmt":"2023-12-28T23:55:33","guid":{"rendered":"http:\/\/compunegocios.com.pe\/index.php\/product\/tinta-hp-gt53-black-1vv22al-90-ml\/"},"modified":"2025-10-03T22:41:48","modified_gmt":"2025-10-03T22:41:48","slug":"tinta-hp-gt53-black-1vv22al-90-ml","status":"publish","type":"product","link":"https:\/\/tmp.compunegocios.com.pe\/index.php\/product\/tinta-hp-gt53-black-1vv22al-90-ml\/","title":{"rendered":"TINTA HP GT53 BLACK (1VV22AL) 90 ML"},"content":{"rendered":"<p>TINTA HP GT53 BLACK (1VV22AL) 90 ML<\/p>\n<p>Botella de Tinta Negra HP GT53 Original (1VV22AL)<br \/>\nImprima miles de p\u00e1ginas con un conjunto de botellas de tinta original HP de alta capacidad: el complemento ideal para los grandes vol\u00famenes de impresi\u00f3n.<\/p>\n<p>Rendimiento: Hasta 4000 p\u00e1ginas<br \/>\nCompatibilidad: HP DeskJet GT 5800 series, HP Ink Tank 100, 300, 400 series, HP Smart Tank 500, 600 series<\/p>\n","protected":false},"excerpt":{"rendered":"<p>&#8211;<\/p>\n","protected":false},"featured_media":13984,"template":"","meta":[],"pwb-brand":[340],"product_brand":[],"product_cat":[255],"product_tag":[],"class_list":{"0":"post-13982","1":"product","2":"type-product","3":"status-publish","4":"has-post-thumbnail","6":"pwb-brand-hp","7":"product_cat-255","9":"first","10":"instock","11":"taxable","12":"shipping-taxable","13":"purchasable","14":"product-type-simple"},"brands":[{"id":340,"name":"HP","slug":"hp"}],"_links":{"self":[{"href":"https:\/\/tmp.compunegocios.com.pe\/index.php\/wp-json\/wp\/v2\/product\/13982","targetHints":{"allow":["GET"]}}],"collection":[{"href":"https:\/\/tmp.compunegocios.com.pe\/index.php\/wp-json\/wp\/v2\/product"}],"about":[{"href":"https:\/\/tmp.compunegocios.com.pe\/index.php\/wp-json\/wp\/v2\/types\/product"}],"wp:featuredmedia":[{"embeddable":true,"href":"https:\/\/tmp.compunegocios.com.pe\/index.php\/wp-json\/wp\/v2\/media\/13984"}],"wp:attachment":[{"href":"https:\/\/tmp.compunegocios.com.pe\/index.php\/wp-json\/wp\/v2\/media?parent=13982"}],"wp:term":[{"taxonomy":"pwb-brand","embeddable":true,"href":"https:\/\/tmp.compunegocios.com.pe\/index.php\/wp-json\/wp\/v2\/pwb-brand?post=13982"},{"taxonomy":"product_brand","embeddable":true,"href":"https:\/\/tmp.compunegocios.com.pe\/index.php\/wp-json\/wp\/v2\/product_brand?post=13982"},{"taxonomy":"product_cat","embeddable":true,"href":"https:\/\/tmp.compunegocios.com.pe\/index.php\/wp-json\/wp\/v2\/product_cat?post=13982"},{"taxonomy":"product_tag","embeddable":true,"href":"https:\/\/tmp.compunegocios.com.pe\/index.php\/wp-json\/wp\/v2\/product_tag?post=13982"}],"curies":[{"name":"wp","href":"https:\/\/api.w.org\/{rel}","templated":true}]}}