{"id":13989,"date":"2023-12-29T15:30:09","date_gmt":"2023-12-29T15:30:09","guid":{"rendered":"http:\/\/compunegocios.com.pe\/index.php\/product\/toner-hp-105a-w1105a-black-laser-107-mfp-135-mfp-137\/"},"modified":"2025-08-19T17:29:34","modified_gmt":"2025-08-19T17:29:34","slug":"toner-hp-105a-w1105a-black-laser-107-mfp-135-mfp-137","status":"publish","type":"product","link":"https:\/\/tmp.compunegocios.com.pe\/index.php\/product\/toner-hp-105a-w1105a-black-laser-107-mfp-135-mfp-137\/","title":{"rendered":"TONER HP 105A (W1105A) BLACK LASER 107 MFP 135 MFP 137"},"content":{"rendered":"<p>TONER HP 105A (W1105A) BLACK LASER 107 MFP 135 MFP 137<\/p>\n<p>T\u00f3ner HP 105A Negro Laserjet Original (W1105A)<br \/>\nLos cartuchos de t\u00f3ner HP originales para impresoras l\u00e1ser brindan impresiones espectaculares en todo momento. Obtenga la calidad que un l\u00edder del sector ofrece para su oficina a un precio sorprendentemente asequible. Conf\u00ede en los cartuchos de t\u00f3ner HP originales para lograr impresiones monocrom\u00e1ticas de alta calidad y uniformes.<\/p>\n<p>Rendimiento: Hasta 1.000 p\u00e1ginas<br \/>\nCompatibilidad:<br \/>\n&#8211; HP Laser 107 a &amp; w<br \/>\n&#8211; HP Laser MFP 135a &amp; w<br \/>\n&#8211; HP Laser MFP 137fnw<\/p>\n","protected":false},"excerpt":{"rendered":"<p>&#8211;<\/p>\n","protected":false},"featured_media":13992,"template":"","meta":[],"pwb-brand":[333],"product_brand":[],"product_cat":[256],"product_tag":[],"class_list":{"0":"post-13989","1":"product","2":"type-product","3":"status-publish","4":"has-post-thumbnail","6":"pwb-brand-epson","7":"product_cat-256","9":"first","10":"instock","11":"taxable","12":"shipping-taxable","13":"purchasable","14":"product-type-simple"},"brands":[{"id":333,"name":"Epson","slug":"epson"}],"_links":{"self":[{"href":"https:\/\/tmp.compunegocios.com.pe\/index.php\/wp-json\/wp\/v2\/product\/13989","targetHints":{"allow":["GET"]}}],"collection":[{"href":"https:\/\/tmp.compunegocios.com.pe\/index.php\/wp-json\/wp\/v2\/product"}],"about":[{"href":"https:\/\/tmp.compunegocios.com.pe\/index.php\/wp-json\/wp\/v2\/types\/product"}],"wp:featuredmedia":[{"embeddable":true,"href":"https:\/\/tmp.compunegocios.com.pe\/index.php\/wp-json\/wp\/v2\/media\/13992"}],"wp:attachment":[{"href":"https:\/\/tmp.compunegocios.com.pe\/index.php\/wp-json\/wp\/v2\/media?parent=13989"}],"wp:term":[{"taxonomy":"pwb-brand","embeddable":true,"href":"https:\/\/tmp.compunegocios.com.pe\/index.php\/wp-json\/wp\/v2\/pwb-brand?post=13989"},{"taxonomy":"product_brand","embeddable":true,"href":"https:\/\/tmp.compunegocios.com.pe\/index.php\/wp-json\/wp\/v2\/product_brand?post=13989"},{"taxonomy":"product_cat","embeddable":true,"href":"https:\/\/tmp.compunegocios.com.pe\/index.php\/wp-json\/wp\/v2\/product_cat?post=13989"},{"taxonomy":"product_tag","embeddable":true,"href":"https:\/\/tmp.compunegocios.com.pe\/index.php\/wp-json\/wp\/v2\/product_tag?post=13989"}],"curies":[{"name":"wp","href":"https:\/\/api.w.org\/{rel}","templated":true}]}}