{"id":13990,"date":"2023-12-29T15:58:51","date_gmt":"2023-12-29T15:58:51","guid":{"rendered":"http:\/\/compunegocios.com.pe\/index.php\/product\/toner-hp-85a-ce285ad-dual-pack-black-laserjet-pro-p1102-p1102w-m1132-m1212-m1214-m1217\/"},"modified":"2025-08-19T17:29:34","modified_gmt":"2025-08-19T17:29:34","slug":"toner-hp-85a-ce285ad-dual-pack-black-laserjet-pro-p1102-p1102w-m1132-m1212-m1214-m1217","status":"publish","type":"product","link":"https:\/\/tmp.compunegocios.com.pe\/index.php\/product\/toner-hp-85a-ce285ad-dual-pack-black-laserjet-pro-p1102-p1102w-m1132-m1212-m1214-m1217\/","title":{"rendered":"TONER HP 85A (CE285AD) DUAL PACK BLACK LASERJET PRO P1102 P1102W M1132 M1212 M1214 M1217"},"content":{"rendered":"<p>TONER HP 85A (CE285AD) DUAL PACK BLACK LASERJET PRO P1102 P1102W M1132 M1212 M1214 M1217<\/p>\n<p>Alarga la vida \u00fatil de tu impresora con t\u00f3ner HP CE285AD (85AD) &#8211; DUAL PACK (2 UND TONER), asi mismo obtendr\u00e1 colores vibrantes, texto n\u00edtido, l\u00edneas finas y una salida consistente, p\u00e1gina tras p\u00e1gina. usted espera excelencia de su impresora HP, y solo nuestros suministros aut\u00e9nticos pueden garantizar la mejor impresi\u00f3n a un bajo costo.<\/p>\n<p>Imprima hasta el triple de p\u00e1ginas, con los cartuchos de t\u00f3ner originales HP. obt\u00e9n resultados brillantes y confiables con t\u00f3ner e impresoras originales de HP \u00a1nunca comprometa la calidad! No caigas en la falsa econom\u00eda del t\u00f3ner barato debido que a largo plazo, el t\u00f3ner barato solo causa m\u00e1s problemas y desperdicia tu tiempo y dinero.<\/p>\n","protected":false},"excerpt":{"rendered":"<p>&#8211;<\/p>\n","protected":false},"featured_media":13994,"template":"","meta":[],"pwb-brand":[340],"product_brand":[],"product_cat":[256],"product_tag":[],"class_list":{"0":"post-13990","1":"product","2":"type-product","3":"status-publish","4":"has-post-thumbnail","6":"pwb-brand-hp","7":"product_cat-256","9":"first","10":"outofstock","11":"taxable","12":"shipping-taxable","13":"purchasable","14":"product-type-simple"},"brands":[{"id":340,"name":"HP","slug":"hp"}],"_links":{"self":[{"href":"https:\/\/tmp.compunegocios.com.pe\/index.php\/wp-json\/wp\/v2\/product\/13990","targetHints":{"allow":["GET"]}}],"collection":[{"href":"https:\/\/tmp.compunegocios.com.pe\/index.php\/wp-json\/wp\/v2\/product"}],"about":[{"href":"https:\/\/tmp.compunegocios.com.pe\/index.php\/wp-json\/wp\/v2\/types\/product"}],"wp:featuredmedia":[{"embeddable":true,"href":"https:\/\/tmp.compunegocios.com.pe\/index.php\/wp-json\/wp\/v2\/media\/13994"}],"wp:attachment":[{"href":"https:\/\/tmp.compunegocios.com.pe\/index.php\/wp-json\/wp\/v2\/media?parent=13990"}],"wp:term":[{"taxonomy":"pwb-brand","embeddable":true,"href":"https:\/\/tmp.compunegocios.com.pe\/index.php\/wp-json\/wp\/v2\/pwb-brand?post=13990"},{"taxonomy":"product_brand","embeddable":true,"href":"https:\/\/tmp.compunegocios.com.pe\/index.php\/wp-json\/wp\/v2\/product_brand?post=13990"},{"taxonomy":"product_cat","embeddable":true,"href":"https:\/\/tmp.compunegocios.com.pe\/index.php\/wp-json\/wp\/v2\/product_cat?post=13990"},{"taxonomy":"product_tag","embeddable":true,"href":"https:\/\/tmp.compunegocios.com.pe\/index.php\/wp-json\/wp\/v2\/product_tag?post=13990"}],"curies":[{"name":"wp","href":"https:\/\/api.w.org\/{rel}","templated":true}]}}