{"id":14002,"date":"2023-12-30T15:45:31","date_gmt":"2023-12-30T15:45:31","guid":{"rendered":"http:\/\/compunegocios.com.pe\/index.php\/product\/tinta-epson-r04l-r04l42a-yellow-c13t94142a-38-ml\/"},"modified":"2025-08-19T17:29:38","modified_gmt":"2025-08-19T17:29:38","slug":"tinta-epson-r04l-r04l42a-yellow-c13t94142a-38-ml","status":"publish","type":"product","link":"https:\/\/tmp.compunegocios.com.pe\/index.php\/product\/tinta-epson-r04l-r04l42a-yellow-c13t94142a-38-ml\/","title":{"rendered":"TINTA EPSON R04L (R04L42A) YELLOW C13T94142A 38 ML PARA C5710 WORFORCE"},"content":{"rendered":"<p>TINTA EPSON R04L (R04L42A) YELLOW C13T94142A 38 ML PARA C5710 WORFORCE<\/p>\n<p>Bolsa de tinta EPSON C13T94142A color Amarillo. Las tintas Epson DURABrite Ultra Pro utilizan pigmentos insolubles en agua que se fijan por resina, para ofrecer impresiones de alta calidad y gr\u00e1ficos con colores m\u00e1s vivos. Imprime hasta 5000 p\u00e1ginas.<\/p>\n<p>Marca: Epson<br \/>\nModelo: C13T94132A<br \/>\nCapacidad: 38 ml<br \/>\nRendimiento: 5000 P\u00e1ginas<br \/>\nCompatibilidad: WorkForce C5210, C5290, C5710, C5790<br \/>\nColor: Amarillo<\/p>\n","protected":false},"excerpt":{"rendered":"<p>&#8211;<\/p>\n","protected":false},"featured_media":14007,"template":"","meta":[],"pwb-brand":[333],"product_brand":[],"product_cat":[254],"product_tag":[],"class_list":{"0":"post-14002","1":"product","2":"type-product","3":"status-publish","4":"has-post-thumbnail","6":"pwb-brand-epson","7":"product_cat-254","9":"first","10":"outofstock","11":"taxable","12":"shipping-taxable","13":"purchasable","14":"product-type-simple"},"brands":[{"id":333,"name":"Epson","slug":"epson"}],"_links":{"self":[{"href":"https:\/\/tmp.compunegocios.com.pe\/index.php\/wp-json\/wp\/v2\/product\/14002","targetHints":{"allow":["GET"]}}],"collection":[{"href":"https:\/\/tmp.compunegocios.com.pe\/index.php\/wp-json\/wp\/v2\/product"}],"about":[{"href":"https:\/\/tmp.compunegocios.com.pe\/index.php\/wp-json\/wp\/v2\/types\/product"}],"wp:featuredmedia":[{"embeddable":true,"href":"https:\/\/tmp.compunegocios.com.pe\/index.php\/wp-json\/wp\/v2\/media\/14007"}],"wp:attachment":[{"href":"https:\/\/tmp.compunegocios.com.pe\/index.php\/wp-json\/wp\/v2\/media?parent=14002"}],"wp:term":[{"taxonomy":"pwb-brand","embeddable":true,"href":"https:\/\/tmp.compunegocios.com.pe\/index.php\/wp-json\/wp\/v2\/pwb-brand?post=14002"},{"taxonomy":"product_brand","embeddable":true,"href":"https:\/\/tmp.compunegocios.com.pe\/index.php\/wp-json\/wp\/v2\/product_brand?post=14002"},{"taxonomy":"product_cat","embeddable":true,"href":"https:\/\/tmp.compunegocios.com.pe\/index.php\/wp-json\/wp\/v2\/product_cat?post=14002"},{"taxonomy":"product_tag","embeddable":true,"href":"https:\/\/tmp.compunegocios.com.pe\/index.php\/wp-json\/wp\/v2\/product_tag?post=14002"}],"curies":[{"name":"wp","href":"https:\/\/api.w.org\/{rel}","templated":true}]}}