{"id":14013,"date":"2023-12-30T17:18:13","date_gmt":"2023-12-30T17:18:13","guid":{"rendered":"http:\/\/compunegocios.com.pe\/index.php\/product\/toner-hp-83a-cf283a-black-laserjet-pro-m125-m127-m201-m225\/"},"modified":"2025-08-19T17:29:41","modified_gmt":"2025-08-19T17:29:41","slug":"toner-hp-83a-cf283a-black-laserjet-pro-m125-m127-m201-m225","status":"publish","type":"product","link":"https:\/\/tmp.compunegocios.com.pe\/index.php\/product\/toner-hp-83a-cf283a-black-laserjet-pro-m125-m127-m201-m225\/","title":{"rendered":"TONER HP 83A (CF283A) BLACK, LASERJET PRO M125, M127, M201, M225"},"content":{"rendered":"<p>TONER HP 83A (CF283A) BLACK, LASERJET PRO M125, M127, M201, M225<\/p>\n<p>T\u00f3ner HP 83A Negro Laserjet Original (CF283A)<br \/>\nImprima con resultados excelentes, p\u00e1gina tras p\u00e1gina. Los cartuchos de t\u00f3ner originales HP siempre brindan documentos de im\u00e1genes y textos n\u00edtidos. Simplifique la administraci\u00f3n y el reemplazo de consumibles, para que su oficina sea productiva.<\/p>\n<p>Rendimiento: Hasta 1.500 p\u00e1ginas<br \/>\nCompatibilidad: HP LaserJet Pro M201dw, M225dw, M125a, M127fn, M127fw<\/p>\n","protected":false},"excerpt":{"rendered":"<p>&#8211;<\/p>\n","protected":false},"featured_media":14016,"template":"","meta":[],"pwb-brand":[340],"product_brand":[],"product_cat":[256],"product_tag":[],"class_list":{"0":"post-14013","1":"product","2":"type-product","3":"status-publish","4":"has-post-thumbnail","6":"pwb-brand-hp","7":"product_cat-256","9":"first","10":"instock","11":"taxable","12":"shipping-taxable","13":"purchasable","14":"product-type-simple"},"brands":[{"id":340,"name":"HP","slug":"hp"}],"_links":{"self":[{"href":"https:\/\/tmp.compunegocios.com.pe\/index.php\/wp-json\/wp\/v2\/product\/14013","targetHints":{"allow":["GET"]}}],"collection":[{"href":"https:\/\/tmp.compunegocios.com.pe\/index.php\/wp-json\/wp\/v2\/product"}],"about":[{"href":"https:\/\/tmp.compunegocios.com.pe\/index.php\/wp-json\/wp\/v2\/types\/product"}],"wp:featuredmedia":[{"embeddable":true,"href":"https:\/\/tmp.compunegocios.com.pe\/index.php\/wp-json\/wp\/v2\/media\/14016"}],"wp:attachment":[{"href":"https:\/\/tmp.compunegocios.com.pe\/index.php\/wp-json\/wp\/v2\/media?parent=14013"}],"wp:term":[{"taxonomy":"pwb-brand","embeddable":true,"href":"https:\/\/tmp.compunegocios.com.pe\/index.php\/wp-json\/wp\/v2\/pwb-brand?post=14013"},{"taxonomy":"product_brand","embeddable":true,"href":"https:\/\/tmp.compunegocios.com.pe\/index.php\/wp-json\/wp\/v2\/product_brand?post=14013"},{"taxonomy":"product_cat","embeddable":true,"href":"https:\/\/tmp.compunegocios.com.pe\/index.php\/wp-json\/wp\/v2\/product_cat?post=14013"},{"taxonomy":"product_tag","embeddable":true,"href":"https:\/\/tmp.compunegocios.com.pe\/index.php\/wp-json\/wp\/v2\/product_tag?post=14013"}],"curies":[{"name":"wp","href":"https:\/\/api.w.org\/{rel}","templated":true}]}}