{"id":14022,"date":"2023-12-30T21:18:29","date_gmt":"2023-12-30T21:18:29","guid":{"rendered":"http:\/\/compunegocios.com.pe\/index.php\/product\/toner-hp-12a-q2612ad-dual-pack-black-laserjet\/"},"modified":"2025-08-19T17:29:44","modified_gmt":"2025-08-19T17:29:44","slug":"toner-hp-12a-q2612ad-dual-pack-black-laserjet","status":"publish","type":"product","link":"https:\/\/tmp.compunegocios.com.pe\/index.php\/product\/toner-hp-12a-q2612ad-dual-pack-black-laserjet\/","title":{"rendered":"TONER HP 12A (Q2612AD) DUAL PACK BLACK LASERJET"},"content":{"rendered":"<p>TONER HP 12A (Q2612AD) DUAL PACK BLACK LASERJET<\/p>\n<p>Pack de 2 Cartuchos de T\u00f3ner HP 12A Negra Laserjet Original<br \/>\nCuando la productividad es importante, obtenga ventaja. El cartucho de t\u00f3ner HP LaserJet confiable y f\u00e1cil de usar, mantiene su impresora funcionando sin problemas. Ahorre tiempo y obtendr\u00e1 m\u00e1s productividad, convirtiendo al cartucho HP 12 LaserJet original, en un aut\u00e9ntico valor.<\/p>\n<p>Especificaciones T\u00e9cnicas<br \/>\nCompatibilidad:<br \/>\nHP LaserJet 1010\/1012\/1015\/1018\/1020\/1020 PLUS\/1022\/3015\/3020\/3030\/3050\/3050Z\/3052\/3055\/M1005 MFP\/M1319F MFP<br \/>\nRendimiento:<br \/>\nHasta 2000 p\u00e1ginas por cartucho<\/p>\n","protected":false},"excerpt":{"rendered":"<p>&#8211;<\/p>\n","protected":false},"featured_media":14026,"template":"","meta":[],"pwb-brand":[340],"product_brand":[],"product_cat":[256],"product_tag":[],"class_list":{"0":"post-14022","1":"product","2":"type-product","3":"status-publish","4":"has-post-thumbnail","6":"pwb-brand-hp","7":"product_cat-256","9":"first","10":"instock","11":"taxable","12":"shipping-taxable","13":"purchasable","14":"product-type-simple"},"brands":[{"id":340,"name":"HP","slug":"hp"}],"_links":{"self":[{"href":"https:\/\/tmp.compunegocios.com.pe\/index.php\/wp-json\/wp\/v2\/product\/14022","targetHints":{"allow":["GET"]}}],"collection":[{"href":"https:\/\/tmp.compunegocios.com.pe\/index.php\/wp-json\/wp\/v2\/product"}],"about":[{"href":"https:\/\/tmp.compunegocios.com.pe\/index.php\/wp-json\/wp\/v2\/types\/product"}],"wp:featuredmedia":[{"embeddable":true,"href":"https:\/\/tmp.compunegocios.com.pe\/index.php\/wp-json\/wp\/v2\/media\/14026"}],"wp:attachment":[{"href":"https:\/\/tmp.compunegocios.com.pe\/index.php\/wp-json\/wp\/v2\/media?parent=14022"}],"wp:term":[{"taxonomy":"pwb-brand","embeddable":true,"href":"https:\/\/tmp.compunegocios.com.pe\/index.php\/wp-json\/wp\/v2\/pwb-brand?post=14022"},{"taxonomy":"product_brand","embeddable":true,"href":"https:\/\/tmp.compunegocios.com.pe\/index.php\/wp-json\/wp\/v2\/product_brand?post=14022"},{"taxonomy":"product_cat","embeddable":true,"href":"https:\/\/tmp.compunegocios.com.pe\/index.php\/wp-json\/wp\/v2\/product_cat?post=14022"},{"taxonomy":"product_tag","embeddable":true,"href":"https:\/\/tmp.compunegocios.com.pe\/index.php\/wp-json\/wp\/v2\/product_tag?post=14022"}],"curies":[{"name":"wp","href":"https:\/\/api.w.org\/{rel}","templated":true}]}}