{"id":14024,"date":"2023-12-30T22:04:44","date_gmt":"2023-12-30T22:04:44","guid":{"rendered":"http:\/\/compunegocios.com.pe\/index.php\/product\/toner-hp-35a-cb435ad-dual-pack-black-laserjet-p1005-p1006\/"},"modified":"2025-08-19T17:29:46","modified_gmt":"2025-08-19T17:29:46","slug":"toner-hp-35a-cb435ad-dual-pack-black-laserjet-p1005-p1006","status":"publish","type":"product","link":"https:\/\/tmp.compunegocios.com.pe\/index.php\/product\/toner-hp-35a-cb435ad-dual-pack-black-laserjet-p1005-p1006\/","title":{"rendered":"TONER HP 35A (CB435AD) DUAL PACK BLACK LASERJET P1005 P1006"},"content":{"rendered":"<p>TONER HP 35A (CB435AD) DUAL PACK BLACK LASERJET P1005 P1006<\/p>\n<p>Pack de 2 Cartuchos de T\u00f3ner HP 35A Negra Laserjet Original<br \/>\nCuanto m\u00e1s imprime, m\u00e1s ahorra. Con los paquetes dobles de cartuchos de t\u00f3ner HP LaserJet, puede reducir los costos de impresi\u00f3n de su empresa sin sacrificar los resultados profesionales y consistentes, ni la impresi\u00f3n sin problemas de los cartuchos HP originales.<\/p>\n<p>Especificaciones T\u00e9cnicas<br \/>\nCompatibilidad:<br \/>\nLJ P1005\/P1006, HP LaserJet P1005 and HP LaserJet P1006 Printers<br \/>\nRendimiento:<br \/>\nHasta 1500 p\u00e1ginas por cartucho<\/p>\n","protected":false},"excerpt":{"rendered":"<p>&#8211;<\/p>\n","protected":false},"featured_media":14034,"template":"","meta":[],"pwb-brand":[340],"product_brand":[],"product_cat":[256],"product_tag":[],"class_list":{"0":"post-14024","1":"product","2":"type-product","3":"status-publish","4":"has-post-thumbnail","6":"pwb-brand-hp","7":"product_cat-256","9":"first","10":"instock","11":"taxable","12":"shipping-taxable","13":"purchasable","14":"product-type-simple"},"brands":[{"id":340,"name":"HP","slug":"hp"}],"_links":{"self":[{"href":"https:\/\/tmp.compunegocios.com.pe\/index.php\/wp-json\/wp\/v2\/product\/14024","targetHints":{"allow":["GET"]}}],"collection":[{"href":"https:\/\/tmp.compunegocios.com.pe\/index.php\/wp-json\/wp\/v2\/product"}],"about":[{"href":"https:\/\/tmp.compunegocios.com.pe\/index.php\/wp-json\/wp\/v2\/types\/product"}],"wp:featuredmedia":[{"embeddable":true,"href":"https:\/\/tmp.compunegocios.com.pe\/index.php\/wp-json\/wp\/v2\/media\/14034"}],"wp:attachment":[{"href":"https:\/\/tmp.compunegocios.com.pe\/index.php\/wp-json\/wp\/v2\/media?parent=14024"}],"wp:term":[{"taxonomy":"pwb-brand","embeddable":true,"href":"https:\/\/tmp.compunegocios.com.pe\/index.php\/wp-json\/wp\/v2\/pwb-brand?post=14024"},{"taxonomy":"product_brand","embeddable":true,"href":"https:\/\/tmp.compunegocios.com.pe\/index.php\/wp-json\/wp\/v2\/product_brand?post=14024"},{"taxonomy":"product_cat","embeddable":true,"href":"https:\/\/tmp.compunegocios.com.pe\/index.php\/wp-json\/wp\/v2\/product_cat?post=14024"},{"taxonomy":"product_tag","embeddable":true,"href":"https:\/\/tmp.compunegocios.com.pe\/index.php\/wp-json\/wp\/v2\/product_tag?post=14024"}],"curies":[{"name":"wp","href":"https:\/\/api.w.org\/{rel}","templated":true}]}}