{"id":14055,"date":"2024-01-03T22:08:27","date_gmt":"2024-01-03T22:08:27","guid":{"rendered":"http:\/\/compunegocios.com.pe\/index.php\/product\/ups-cdp-r-upr508i-500va-250w-8-tomacorrientes\/"},"modified":"2025-08-27T16:47:32","modified_gmt":"2025-08-27T16:47:32","slug":"ups-cdp-r-upr508i-500va-250w-8-tomacorrientes","status":"publish","type":"product","link":"https:\/\/tmp.compunegocios.com.pe\/index.php\/product\/ups-cdp-r-upr508i-500va-250w-8-tomacorrientes\/","title":{"rendered":"UPS CDP R-UPR508i 500VA\/250W, 8 TOMACORRIENTES"},"content":{"rendered":"<p>UPS CDP R-UPR508i 500VA\/250W, 8 TOMACORRIENTES<\/p>\n<p>MARCA: CDP<br \/>\nMODELO: R-UPR508I<br \/>\nCAPACIDAD: 500VA \/ 250W<br \/>\nCONEXION: NEMA 5-15<\/p>\n<p>CARACTERISTICAS<br \/>\nEntrada: 220 VCA<br \/>\nSalida: 220 VCA +\/-10%<br \/>\n4 tomas con regulaci\u00f3n + 4 tomas con supresi\u00f3n de picos<br \/>\nVoltaje de bater\u00eda: 12VDC<br \/>\nProtecci\u00f3n de seguridad: sobrecarga y protecci\u00f3n contra descarga<br \/>\nTiempo de respaldo (carga 1 PC): 10 minutos<br \/>\nProtecci\u00f3n corto circuito: breaker termomagn\u00e9tico y circuitos electr\u00f3nicos (modo l\u00ednea).<br \/>\nProtecci\u00f3n descarga rel\u00e1mpago: 300 joules<br \/>\nDIMENSIONES: 30 x 9.5 x 14 cm<\/p>\n","protected":false},"excerpt":{"rendered":"<p>&#8211;<\/p>\n","protected":false},"featured_media":14062,"template":"","meta":[],"pwb-brand":[],"product_brand":[],"product_cat":[263],"product_tag":[],"class_list":{"0":"post-14055","1":"product","2":"type-product","3":"status-publish","4":"has-post-thumbnail","6":"product_cat-263","8":"first","9":"instock","10":"taxable","11":"shipping-taxable","12":"purchasable","13":"product-type-simple"},"brands":[],"_links":{"self":[{"href":"https:\/\/tmp.compunegocios.com.pe\/index.php\/wp-json\/wp\/v2\/product\/14055","targetHints":{"allow":["GET"]}}],"collection":[{"href":"https:\/\/tmp.compunegocios.com.pe\/index.php\/wp-json\/wp\/v2\/product"}],"about":[{"href":"https:\/\/tmp.compunegocios.com.pe\/index.php\/wp-json\/wp\/v2\/types\/product"}],"wp:featuredmedia":[{"embeddable":true,"href":"https:\/\/tmp.compunegocios.com.pe\/index.php\/wp-json\/wp\/v2\/media\/14062"}],"wp:attachment":[{"href":"https:\/\/tmp.compunegocios.com.pe\/index.php\/wp-json\/wp\/v2\/media?parent=14055"}],"wp:term":[{"taxonomy":"pwb-brand","embeddable":true,"href":"https:\/\/tmp.compunegocios.com.pe\/index.php\/wp-json\/wp\/v2\/pwb-brand?post=14055"},{"taxonomy":"product_brand","embeddable":true,"href":"https:\/\/tmp.compunegocios.com.pe\/index.php\/wp-json\/wp\/v2\/product_brand?post=14055"},{"taxonomy":"product_cat","embeddable":true,"href":"https:\/\/tmp.compunegocios.com.pe\/index.php\/wp-json\/wp\/v2\/product_cat?post=14055"},{"taxonomy":"product_tag","embeddable":true,"href":"https:\/\/tmp.compunegocios.com.pe\/index.php\/wp-json\/wp\/v2\/product_tag?post=14055"}],"curies":[{"name":"wp","href":"https:\/\/api.w.org\/{rel}","templated":true}]}}