{"id":14056,"date":"2024-01-03T22:50:25","date_gmt":"2024-01-03T22:50:25","guid":{"rendered":"http:\/\/compunegocios.com.pe\/index.php\/product\/ups-cdp-r-smart1210i-1200va-750w-10-tomacorrientes\/"},"modified":"2025-10-10T22:26:34","modified_gmt":"2025-10-10T22:26:34","slug":"ups-cdp-r-smart1210i-1200va-750w-10-tomacorrientes","status":"publish","type":"product","link":"https:\/\/tmp.compunegocios.com.pe\/index.php\/product\/ups-cdp-r-smart1210i-1200va-750w-10-tomacorrientes\/","title":{"rendered":"UPS CDP R-SMART1210i 1200VA\/750W, 10 TOMACORRIENTES"},"content":{"rendered":"<p>UPS CDP R-SMART1210i 1200VA\/750W, 10 TOMACORRIENTES<\/p>\n<p>5 tomas con respaldo de bater\u00eda y AVR, 5 tomas de supresi\u00f3n de picos, pantalla LCD, interfaz de comunicaci\u00f3n USB.<\/p>\n<p>MARCA: CDP<br \/>\nMODELO: R-Smart 1210i<br \/>\nCAPACIDAD: 1200 VA<br \/>\nCONEXION: USB<\/p>\n<p>CARACTERISTICAS<br \/>\nPotencia: 1200VA\/750W<br \/>\nEntrada: 220 VCA<br \/>\nSalida: 220 VCA +\/-10%<br \/>\nForma de onda: simulaci\u00f3n Senoidal.<br \/>\nTiempo de transferencia: 2-4MS (TIPICO)<br \/>\nTipo de salidas: NEMA -5-15 Universal 5 con respaldo de bater\u00eda Y AVR + 5 solo supresi\u00f3n de picos<br \/>\nN\u00famero y tipo de bater\u00eda: 12V\/7AH X 2<br \/>\nRango de tiempo: 4-6 de recuperaci\u00f3n a 90% de capacidad.<br \/>\nIndicador LED: modo ac \/ modo bater\u00eda \/ sobrecarga \/ modo AVR \/ critico \/ entrada de voltaje \/ salida de voltaje \/ frecuencia de salida \/ porcentaje de carga \/ capacidad de bater\u00eda.<br \/>\nProtecci\u00f3n completa: Protecci\u00f3n sobrecarga, descarga y carga excesiva<br \/>\nDIMENSIONES: 39 x 14.6 x 20 cm<br \/>\nPESO: 10.3 kg<br \/>\nGARANTIA: 12 meses<\/p>\n","protected":false},"excerpt":{"rendered":"<p>&#8211;<\/p>\n","protected":false},"featured_media":14064,"template":"","meta":[],"pwb-brand":[],"product_brand":[],"product_cat":[263],"product_tag":[],"class_list":{"0":"post-14056","1":"product","2":"type-product","3":"status-publish","4":"has-post-thumbnail","6":"product_cat-263","8":"first","9":"instock","10":"taxable","11":"shipping-taxable","12":"purchasable","13":"product-type-simple"},"brands":[],"_links":{"self":[{"href":"https:\/\/tmp.compunegocios.com.pe\/index.php\/wp-json\/wp\/v2\/product\/14056","targetHints":{"allow":["GET"]}}],"collection":[{"href":"https:\/\/tmp.compunegocios.com.pe\/index.php\/wp-json\/wp\/v2\/product"}],"about":[{"href":"https:\/\/tmp.compunegocios.com.pe\/index.php\/wp-json\/wp\/v2\/types\/product"}],"wp:featuredmedia":[{"embeddable":true,"href":"https:\/\/tmp.compunegocios.com.pe\/index.php\/wp-json\/wp\/v2\/media\/14064"}],"wp:attachment":[{"href":"https:\/\/tmp.compunegocios.com.pe\/index.php\/wp-json\/wp\/v2\/media?parent=14056"}],"wp:term":[{"taxonomy":"pwb-brand","embeddable":true,"href":"https:\/\/tmp.compunegocios.com.pe\/index.php\/wp-json\/wp\/v2\/pwb-brand?post=14056"},{"taxonomy":"product_brand","embeddable":true,"href":"https:\/\/tmp.compunegocios.com.pe\/index.php\/wp-json\/wp\/v2\/product_brand?post=14056"},{"taxonomy":"product_cat","embeddable":true,"href":"https:\/\/tmp.compunegocios.com.pe\/index.php\/wp-json\/wp\/v2\/product_cat?post=14056"},{"taxonomy":"product_tag","embeddable":true,"href":"https:\/\/tmp.compunegocios.com.pe\/index.php\/wp-json\/wp\/v2\/product_tag?post=14056"}],"curies":[{"name":"wp","href":"https:\/\/api.w.org\/{rel}","templated":true}]}}