{"id":14059,"date":"2024-01-04T00:49:39","date_gmt":"2024-01-04T00:49:39","guid":{"rendered":"http:\/\/compunegocios.com.pe\/index.php\/product\/ups-cdp-r-upr1008i-1000va-500w-8-tomacorrientes\/"},"modified":"2025-08-19T17:29:54","modified_gmt":"2025-08-19T17:29:54","slug":"ups-cdp-r-upr1008i-1000va-500w-8-tomacorrientes","status":"publish","type":"product","link":"https:\/\/tmp.compunegocios.com.pe\/index.php\/product\/ups-cdp-r-upr1008i-1000va-500w-8-tomacorrientes\/","title":{"rendered":"UPS CDP R-UPR1008i 1000VA\/500W, 8 TOMACORRIENTES"},"content":{"rendered":"<p>UPS CDP R-UPR1008i 1000VA\/500W, 8 TOMACORRIENTES<br \/>\nUPS CDP R-Upr1008I 1000 Va\/500 W Autonom\u00eda 45 Min 8 Salidas<br \/>\nUPS CDP R-UPR1008i, interactivo, 1000VA, 500W, 220V, 8 tomacorrientes. 4 tomas UPS\/AVR, 4 tomas de supresi\u00f3n de picos.<\/p>\n<p>CARACTER\u00cdSTICAS:<br \/>\nInicio de funci\u00f3n dc.<br \/>\nAuto reseteo ups.<br \/>\nProtecci\u00f3n de bajo voltaje.<br \/>\nSilenciador de alarma audible.<br \/>\nModo apagado de carga.<br \/>\nProtecci\u00f3n corto circuito: breaker termomagn\u00e9tico y circuitos electr\u00f3nicos (modo l\u00ednea).<br \/>\nProtecci\u00f3n descarga rel\u00e1mpago: 300 Joules<\/p>\n<p>ESPECIFICACIONES:<br \/>\nMarca CDP<br \/>\nModelo 1000va<br \/>\nN\u00famero de parte r-upr1008i<br \/>\nPotencia 500va \/ 750va \/ 1000va<br \/>\nBot\u00f3n on \/ off<br \/>\nModo ecol\u00f3gico<br \/>\nEncendido autom\u00e1tico<br \/>\nBreaker contra corto circuito y sobrecarga<br \/>\nIndicador de modo normal y modo de bater\u00eda<br \/>\n8 contactos de salida para el de 1000va 4 con respaldo y regulaci\u00f3n + 4 con supresi\u00f3n de picos<br \/>\nTiempo de autonom\u00eda hasta 45 minutos<br \/>\nPN: R-UPR1008I<br \/>\nModelo: R-UPR1008I<br \/>\nEAN: ST879071001205<\/p>\n","protected":false},"excerpt":{"rendered":"<p>&#8211;<\/p>\n","protected":false},"featured_media":14074,"template":"","meta":[],"pwb-brand":[],"product_brand":[],"product_cat":[263],"product_tag":[],"class_list":{"0":"post-14059","1":"product","2":"type-product","3":"status-publish","4":"has-post-thumbnail","6":"product_cat-263","8":"first","9":"outofstock","10":"taxable","11":"shipping-taxable","12":"purchasable","13":"product-type-simple"},"brands":[],"_links":{"self":[{"href":"https:\/\/tmp.compunegocios.com.pe\/index.php\/wp-json\/wp\/v2\/product\/14059","targetHints":{"allow":["GET"]}}],"collection":[{"href":"https:\/\/tmp.compunegocios.com.pe\/index.php\/wp-json\/wp\/v2\/product"}],"about":[{"href":"https:\/\/tmp.compunegocios.com.pe\/index.php\/wp-json\/wp\/v2\/types\/product"}],"wp:featuredmedia":[{"embeddable":true,"href":"https:\/\/tmp.compunegocios.com.pe\/index.php\/wp-json\/wp\/v2\/media\/14074"}],"wp:attachment":[{"href":"https:\/\/tmp.compunegocios.com.pe\/index.php\/wp-json\/wp\/v2\/media?parent=14059"}],"wp:term":[{"taxonomy":"pwb-brand","embeddable":true,"href":"https:\/\/tmp.compunegocios.com.pe\/index.php\/wp-json\/wp\/v2\/pwb-brand?post=14059"},{"taxonomy":"product_brand","embeddable":true,"href":"https:\/\/tmp.compunegocios.com.pe\/index.php\/wp-json\/wp\/v2\/product_brand?post=14059"},{"taxonomy":"product_cat","embeddable":true,"href":"https:\/\/tmp.compunegocios.com.pe\/index.php\/wp-json\/wp\/v2\/product_cat?post=14059"},{"taxonomy":"product_tag","embeddable":true,"href":"https:\/\/tmp.compunegocios.com.pe\/index.php\/wp-json\/wp\/v2\/product_tag?post=14059"}],"curies":[{"name":"wp","href":"https:\/\/api.w.org\/{rel}","templated":true}]}}