{"id":14076,"date":"2024-01-04T21:57:00","date_gmt":"2024-01-04T21:57:00","guid":{"rendered":"http:\/\/compunegocios.com.pe\/index.php\/product\/ups-forza-fx-2200lcd-u-2200va-1200w-8-tomacorrientes\/"},"modified":"2025-08-19T17:29:55","modified_gmt":"2025-08-19T17:29:55","slug":"ups-forza-fx-2200lcd-u-2200va-1200w-8-tomacorrientes","status":"publish","type":"product","link":"https:\/\/tmp.compunegocios.com.pe\/index.php\/product\/ups-forza-fx-2200lcd-u-2200va-1200w-8-tomacorrientes\/","title":{"rendered":"UPS FORZA FX-2200LCD-U 2200VA\/1200W, 8 TOMACORRIENTES"},"content":{"rendered":"<p>UPS FORZA FX-2200LCD-U 2200VA\/1200W, 8 TOMACORRIENTES<\/p>\n<p>UPS INTERACTIVA 2200VA\/1200W, 8 TOMAS, GIGA &amp; COAX FX-2200LCD-U &#8211; FORZA<br \/>\nLa serie FX es conocida por su rendimiento excepcional en lo que respecta a la protecci\u00f3n de sus dispositivos conectados y componentes valiosos ante p\u00e9rdidas o da\u00f1os causados por sobretensiones transitorias y fallas en el suministro el\u00e9ctrico. Con un sistema de ventilaci\u00f3n eficiente, una avanzada pantalla de LCD m\u00e1s la protecci\u00f3n coaxial contra sobretensi\u00f3n, este sistema constituye la soluci\u00f3n perfecta para mantener la estabilidad funcional de sistemas de cine en hogar, consolas de videojuegos, de componentes audiovisuales y de centros de medios.<\/p>\n<p>ESPECIFICACIONES<br \/>\nMarca: Forza<br \/>\nModelo: FX-2200LCD-U<br \/>\nCapacidad: 2200VA\/1200W<br \/>\nTopolog\u00eda: Interactiva<br \/>\nForma de onda: Onda senoidal simulada<br \/>\nVoltaje: 220V<br \/>\nTipo de entrada: NEMA 5-15P<br \/>\nTipo de salida: 8 x NEMA 5-15R<br \/>\nComunicaci\u00f3n: USB<br \/>\nIndicador visual: Indicador LCD de estado<br \/>\nSoftware de gesti\u00f3n: Forza Tracker<br \/>\nGarantia: 3 a\u00f1os (2 a\u00f1os en las bater\u00edas)<\/p>\n<p>KEYWORDS<br \/>\nUPS interactiva 2200VA\/1200W, 8 salidas, protecci\u00f3n gigabit y coaxial, torre 220V, fuente de alimentaci\u00f3n ininterrumpida 2200VA, UPS con 1200W de capacidad, 8 salidas protegidas, protecci\u00f3n de red gigabit y coaxial, torre UPS para equipos 220V, respaldo de energ\u00eda para sistemas con 2200VA de capacidad, UPS con protecci\u00f3n de 8 salidas y soporte para conexiones de red gigabit y coaxial, sistema de alimentaci\u00f3n ininterrumpida para equipos de alta capacidad y protecci\u00f3n integral.<\/p>\n","protected":false},"excerpt":{"rendered":"<p>&#8211;<\/p>\n","protected":false},"featured_media":14080,"template":"","meta":[],"pwb-brand":[],"product_brand":[],"product_cat":[263],"product_tag":[],"class_list":{"0":"post-14076","1":"product","2":"type-product","3":"status-publish","4":"has-post-thumbnail","6":"product_cat-263","8":"first","9":"instock","10":"taxable","11":"shipping-taxable","12":"purchasable","13":"product-type-simple"},"brands":[],"_links":{"self":[{"href":"https:\/\/tmp.compunegocios.com.pe\/index.php\/wp-json\/wp\/v2\/product\/14076","targetHints":{"allow":["GET"]}}],"collection":[{"href":"https:\/\/tmp.compunegocios.com.pe\/index.php\/wp-json\/wp\/v2\/product"}],"about":[{"href":"https:\/\/tmp.compunegocios.com.pe\/index.php\/wp-json\/wp\/v2\/types\/product"}],"wp:featuredmedia":[{"embeddable":true,"href":"https:\/\/tmp.compunegocios.com.pe\/index.php\/wp-json\/wp\/v2\/media\/14080"}],"wp:attachment":[{"href":"https:\/\/tmp.compunegocios.com.pe\/index.php\/wp-json\/wp\/v2\/media?parent=14076"}],"wp:term":[{"taxonomy":"pwb-brand","embeddable":true,"href":"https:\/\/tmp.compunegocios.com.pe\/index.php\/wp-json\/wp\/v2\/pwb-brand?post=14076"},{"taxonomy":"product_brand","embeddable":true,"href":"https:\/\/tmp.compunegocios.com.pe\/index.php\/wp-json\/wp\/v2\/product_brand?post=14076"},{"taxonomy":"product_cat","embeddable":true,"href":"https:\/\/tmp.compunegocios.com.pe\/index.php\/wp-json\/wp\/v2\/product_cat?post=14076"},{"taxonomy":"product_tag","embeddable":true,"href":"https:\/\/tmp.compunegocios.com.pe\/index.php\/wp-json\/wp\/v2\/product_tag?post=14076"}],"curies":[{"name":"wp","href":"https:\/\/api.w.org\/{rel}","templated":true}]}}