{"id":14077,"date":"2024-01-04T22:05:31","date_gmt":"2024-01-04T22:05:31","guid":{"rendered":"http:\/\/compunegocios.com.pe\/index.php\/product\/estabilizador-cdp-r-avr2408i-2400va-1800w-8-tomacorrientes\/"},"modified":"2025-08-19T17:29:56","modified_gmt":"2025-08-19T17:29:56","slug":"estabilizador-cdp-r-avr2408i-2400va-1800w-8-tomacorrientes","status":"publish","type":"product","link":"https:\/\/tmp.compunegocios.com.pe\/index.php\/product\/estabilizador-cdp-r-avr2408i-2400va-1800w-8-tomacorrientes\/","title":{"rendered":"ESTABILIZADOR CDP R-AVR2408i 2400VA\/1800W, 8 TOMACORRIENTES"},"content":{"rendered":"<p>ESTABILIZADOR CDP R-AVR2408i 2400VA\/1800W, 8 TOMACORRIENTES<\/p>\n<p>Marca: CDP<br \/>\nModelo: R-AVR2408I<br \/>\nColor: Negro \/ Blanco<br \/>\nTipo de producto: Estabilizador<br \/>\nCapacidad: 2400VA-1800 W<br \/>\nEntrada:<br \/>\n&#8211; Voltaje: 220 VCA<br \/>\n&#8211; Rango de frecuencia: 50\/60 Hz autom\u00e1tico<br \/>\n&#8211; Rango de voltaje: 173 VCA &#8211; 275 VCA<br \/>\nSalida:<br \/>\n&#8211; Voltaje: 220VCA +\/-10%<br \/>\n&#8211; Rango de frecuencia: 50\/60 Hz<br \/>\n&#8211; Tiempos de retardo: 30 segundos &#8211; 1 minuto &#8211; 3 minutos<br \/>\nProtecci\u00f3n:<br \/>\n&#8211; Corriente m\u00e1xima: Interruptor autom\u00e1tico termomagn\u00e9tico 8 Amp.<br \/>\n&#8211; Protecci\u00f3n de picos: 525 Joules<br \/>\n&#8211; Protecci\u00f3n sobrecarga: Interruptor autom\u00e1tico termomagn\u00e9ticoCoaxial: Integrada<br \/>\nIndicadores LED:<br \/>\n&#8211; Temperatura: 0\u00b0 &#8211; 40\u00b0C<br \/>\n&#8211; Humedad: &lt;95% sin condensaci\u00f3n<br \/>\n&#8211; Nivel de ruido: &lt; 40 dB<br \/>\nDimensiones (L x A x H): 25 x 15 x 15.7 cm<\/p>\n","protected":false},"excerpt":{"rendered":"<p>&#8211;<\/p>\n","protected":false},"featured_media":14083,"template":"","meta":[],"pwb-brand":[],"product_brand":[],"product_cat":[259],"product_tag":[],"class_list":{"0":"post-14077","1":"product","2":"type-product","3":"status-publish","4":"has-post-thumbnail","6":"product_cat-259","8":"first","9":"instock","10":"taxable","11":"shipping-taxable","12":"purchasable","13":"product-type-simple"},"brands":[],"_links":{"self":[{"href":"https:\/\/tmp.compunegocios.com.pe\/index.php\/wp-json\/wp\/v2\/product\/14077","targetHints":{"allow":["GET"]}}],"collection":[{"href":"https:\/\/tmp.compunegocios.com.pe\/index.php\/wp-json\/wp\/v2\/product"}],"about":[{"href":"https:\/\/tmp.compunegocios.com.pe\/index.php\/wp-json\/wp\/v2\/types\/product"}],"wp:featuredmedia":[{"embeddable":true,"href":"https:\/\/tmp.compunegocios.com.pe\/index.php\/wp-json\/wp\/v2\/media\/14083"}],"wp:attachment":[{"href":"https:\/\/tmp.compunegocios.com.pe\/index.php\/wp-json\/wp\/v2\/media?parent=14077"}],"wp:term":[{"taxonomy":"pwb-brand","embeddable":true,"href":"https:\/\/tmp.compunegocios.com.pe\/index.php\/wp-json\/wp\/v2\/pwb-brand?post=14077"},{"taxonomy":"product_brand","embeddable":true,"href":"https:\/\/tmp.compunegocios.com.pe\/index.php\/wp-json\/wp\/v2\/product_brand?post=14077"},{"taxonomy":"product_cat","embeddable":true,"href":"https:\/\/tmp.compunegocios.com.pe\/index.php\/wp-json\/wp\/v2\/product_cat?post=14077"},{"taxonomy":"product_tag","embeddable":true,"href":"https:\/\/tmp.compunegocios.com.pe\/index.php\/wp-json\/wp\/v2\/product_tag?post=14077"}],"curies":[{"name":"wp","href":"https:\/\/api.w.org\/{rel}","templated":true}]}}