{"id":14079,"date":"2024-01-04T22:34:54","date_gmt":"2024-01-04T22:34:54","guid":{"rendered":"http:\/\/compunegocios.com.pe\/index.php\/product\/estabilizador-cdp-r2cu-avr1008i-1000va-500w-8-tomacorrientes\/"},"modified":"2025-10-01T01:01:22","modified_gmt":"2025-10-01T01:01:22","slug":"estabilizador-cdp-r2cu-avr1008i-1000va-500w-8-tomacorrientes","status":"publish","type":"product","link":"https:\/\/tmp.compunegocios.com.pe\/index.php\/product\/estabilizador-cdp-r2cu-avr1008i-1000va-500w-8-tomacorrientes\/","title":{"rendered":"ESTABILIZADOR CDP R2CU-AVR1008i 1000VA\/500W, 8 TOMACORRIENTES"},"content":{"rendered":"<p>ESTABILIZADOR CDP R2CU-AVR1008i 1000VA\/500W, 8 TOMACORRIENTES<\/p>\n<p>MARCA: CDP<br \/>\nMODELO: R2CU-AVR1008I<\/p>\n<p>CARACTERISTICAS<br \/>\nRegulador autom\u00e1tico de voltaje con supresi\u00f3n de picos, protege contra da\u00f1os de rayos el\u00e9ctricos y variaciones de voltaje.<br \/>\nIdeal para proteger: pantallas LED \/ LCD, equipos de c\u00f3mputo, audio, video, consolas de videojuegos y m\u00e1s&#8230;<br \/>\nMATERIAL Elaborado en pl\u00e1stico anti flama.<br \/>\nPROTECCI\u00d3N COAXIAL El producto y el cableado est\u00e1 envuelto en una cubierta externa protectora, resguardando de la humedad y las impurezas.<br \/>\nBREAKER DE PROTECCI\u00d3N Incluido.<br \/>\n8 TOMAS DE SALIDA 4 con regulaci\u00f3n y 4 con supresi\u00f3n.<br \/>\n4 CARGADORES USB 1 tableta (2.1 A) y 3 smartphones (1 A).<br \/>\nCAPACIDAD 500 W<br \/>\nENTRADA Voltaje: 220 VCA<br \/>\nFrecuencia: 50 \/ 60 Hz<br \/>\nRango: 120 &#8211; 270 VCA<br \/>\nCorriente M\u00e1xima: 6A \/ 720W<br \/>\nSALIDA Rango de Voltaje: 215 VCA + \/ &#8211; 12%<br \/>\nCorriente M\u00e1xima: 5A \/ 720W<br \/>\nTipo de Salida: NEMA UNIVERSAL<br \/>\nProtecci\u00f3n coaxial: Incluida<\/p>\n","protected":false},"excerpt":{"rendered":"<p>&#8211;<\/p>\n","protected":false},"featured_media":14088,"template":"","meta":[],"pwb-brand":[],"product_brand":[],"product_cat":[259],"product_tag":[],"class_list":{"0":"post-14079","1":"product","2":"type-product","3":"status-publish","4":"has-post-thumbnail","6":"product_cat-259","8":"first","9":"instock","10":"taxable","11":"shipping-taxable","12":"purchasable","13":"product-type-simple"},"brands":[],"_links":{"self":[{"href":"https:\/\/tmp.compunegocios.com.pe\/index.php\/wp-json\/wp\/v2\/product\/14079","targetHints":{"allow":["GET"]}}],"collection":[{"href":"https:\/\/tmp.compunegocios.com.pe\/index.php\/wp-json\/wp\/v2\/product"}],"about":[{"href":"https:\/\/tmp.compunegocios.com.pe\/index.php\/wp-json\/wp\/v2\/types\/product"}],"wp:featuredmedia":[{"embeddable":true,"href":"https:\/\/tmp.compunegocios.com.pe\/index.php\/wp-json\/wp\/v2\/media\/14088"}],"wp:attachment":[{"href":"https:\/\/tmp.compunegocios.com.pe\/index.php\/wp-json\/wp\/v2\/media?parent=14079"}],"wp:term":[{"taxonomy":"pwb-brand","embeddable":true,"href":"https:\/\/tmp.compunegocios.com.pe\/index.php\/wp-json\/wp\/v2\/pwb-brand?post=14079"},{"taxonomy":"product_brand","embeddable":true,"href":"https:\/\/tmp.compunegocios.com.pe\/index.php\/wp-json\/wp\/v2\/product_brand?post=14079"},{"taxonomy":"product_cat","embeddable":true,"href":"https:\/\/tmp.compunegocios.com.pe\/index.php\/wp-json\/wp\/v2\/product_cat?post=14079"},{"taxonomy":"product_tag","embeddable":true,"href":"https:\/\/tmp.compunegocios.com.pe\/index.php\/wp-json\/wp\/v2\/product_tag?post=14079"}],"curies":[{"name":"wp","href":"https:\/\/api.w.org\/{rel}","templated":true}]}}