{"id":14123,"date":"2024-01-06T21:03:10","date_gmt":"2024-01-06T21:03:10","guid":{"rendered":"http:\/\/compunegocios.com.pe\/index.php\/product\/cooler-halion-cybercool-ha-71-hasta-15-6\/"},"modified":"2025-08-19T17:30:08","modified_gmt":"2025-08-19T17:30:08","slug":"cooler-halion-cybercool-ha-71-hasta-15-6","status":"publish","type":"product","link":"https:\/\/tmp.compunegocios.com.pe\/index.php\/product\/cooler-halion-cybercool-ha-71-hasta-15-6\/","title":{"rendered":"COOLER HALION CYBERCOOL HA-71 HASTA 15.6"},"content":{"rendered":"<p>COOLER HALION CYBERCOOL HA-71 HASTA 15.6<\/p>\n<p>2 ventiladores de 14 cm<br \/>\nConexi\u00f3n USB<br \/>\nMaterial: pl\u00e1stico ligero con malla met\u00e1lica<br \/>\nBotones: on\/off, velocidad e iluminaci\u00f3n<br \/>\nSoporta laptops: 9\u2033 hasta 17\u2033<br \/>\nLuz LED AZUL, control de velocidad, con niveles de posici\u00f3n, material de pl\u00e1stico y metal, 2 puertos USB, cable de alimentaci\u00f3n USB 5VDC, marca Cybercool.<br \/>\nColor negro<\/p>\n","protected":false},"excerpt":{"rendered":"<p>&#8211;<\/p>\n","protected":false},"featured_media":14131,"template":"","meta":[],"pwb-brand":[],"product_brand":[],"product_cat":[32],"product_tag":[],"class_list":{"0":"post-14123","1":"product","2":"type-product","3":"status-publish","4":"has-post-thumbnail","6":"product_cat-32","8":"first","9":"instock","10":"taxable","11":"shipping-taxable","12":"purchasable","13":"product-type-simple"},"brands":[],"_links":{"self":[{"href":"https:\/\/tmp.compunegocios.com.pe\/index.php\/wp-json\/wp\/v2\/product\/14123","targetHints":{"allow":["GET"]}}],"collection":[{"href":"https:\/\/tmp.compunegocios.com.pe\/index.php\/wp-json\/wp\/v2\/product"}],"about":[{"href":"https:\/\/tmp.compunegocios.com.pe\/index.php\/wp-json\/wp\/v2\/types\/product"}],"wp:featuredmedia":[{"embeddable":true,"href":"https:\/\/tmp.compunegocios.com.pe\/index.php\/wp-json\/wp\/v2\/media\/14131"}],"wp:attachment":[{"href":"https:\/\/tmp.compunegocios.com.pe\/index.php\/wp-json\/wp\/v2\/media?parent=14123"}],"wp:term":[{"taxonomy":"pwb-brand","embeddable":true,"href":"https:\/\/tmp.compunegocios.com.pe\/index.php\/wp-json\/wp\/v2\/pwb-brand?post=14123"},{"taxonomy":"product_brand","embeddable":true,"href":"https:\/\/tmp.compunegocios.com.pe\/index.php\/wp-json\/wp\/v2\/product_brand?post=14123"},{"taxonomy":"product_cat","embeddable":true,"href":"https:\/\/tmp.compunegocios.com.pe\/index.php\/wp-json\/wp\/v2\/product_cat?post=14123"},{"taxonomy":"product_tag","embeddable":true,"href":"https:\/\/tmp.compunegocios.com.pe\/index.php\/wp-json\/wp\/v2\/product_tag?post=14123"}],"curies":[{"name":"wp","href":"https:\/\/api.w.org\/{rel}","templated":true}]}}