{"id":14125,"date":"2024-01-06T21:50:19","date_gmt":"2024-01-06T21:50:19","guid":{"rendered":"http:\/\/compunegocios.com.pe\/index.php\/product\/cooler-airboom-cruiser-ab021-soporte-antideslizante-led-azul\/"},"modified":"2025-08-19T17:30:10","modified_gmt":"2025-08-19T17:30:10","slug":"cooler-airboom-cruiser-ab021-soporte-antideslizante-led-azul","status":"publish","type":"product","link":"https:\/\/tmp.compunegocios.com.pe\/index.php\/product\/cooler-airboom-cruiser-ab021-soporte-antideslizante-led-azul\/","title":{"rendered":"COOLER AIRBOOM CRUISER AB021, SOPORTE ANTIDESLIZANTE, LED AZUL"},"content":{"rendered":"<p>COOLER AIRBOOM CRUISER AB021, SOPORTE ANTIDESLIZANTE, LED AZUL<\/p>\n<p>\u2022 Ventilaci\u00f3n: Cooler LED Azul de 140 mm.<br \/>\n\u2022 Color: Negro.<br \/>\n\u2022 Materiales: Pl\u00e1stico Ligero con Malla Met\u00e1lica Para Permitir una Mejor Disipaci\u00f3n de Calor.<br \/>\n\u2022 Alimentaci\u00f3n: Conector USB Directo a la Notebook.<br \/>\n\u2022 1 Puerto USB.<br \/>\n\u2022 Soporte Antideslizante.<br \/>\n\u2022 Ayuda a Reducir la Temperatura de Operaci\u00f3n Para Proporcionar un<br \/>\n\u2022 Desempe\u00f1o Mejorado y un Tiempo de Vida Mayor a su Notebook.<\/p>\n","protected":false},"excerpt":{"rendered":"<p>&#8211;<\/p>\n","protected":false},"featured_media":14139,"template":"","meta":[],"pwb-brand":[],"product_brand":[],"product_cat":[32],"product_tag":[],"class_list":{"0":"post-14125","1":"product","2":"type-product","3":"status-publish","4":"has-post-thumbnail","6":"product_cat-32","8":"first","9":"instock","10":"taxable","11":"shipping-taxable","12":"purchasable","13":"product-type-simple"},"brands":[],"_links":{"self":[{"href":"https:\/\/tmp.compunegocios.com.pe\/index.php\/wp-json\/wp\/v2\/product\/14125","targetHints":{"allow":["GET"]}}],"collection":[{"href":"https:\/\/tmp.compunegocios.com.pe\/index.php\/wp-json\/wp\/v2\/product"}],"about":[{"href":"https:\/\/tmp.compunegocios.com.pe\/index.php\/wp-json\/wp\/v2\/types\/product"}],"wp:featuredmedia":[{"embeddable":true,"href":"https:\/\/tmp.compunegocios.com.pe\/index.php\/wp-json\/wp\/v2\/media\/14139"}],"wp:attachment":[{"href":"https:\/\/tmp.compunegocios.com.pe\/index.php\/wp-json\/wp\/v2\/media?parent=14125"}],"wp:term":[{"taxonomy":"pwb-brand","embeddable":true,"href":"https:\/\/tmp.compunegocios.com.pe\/index.php\/wp-json\/wp\/v2\/pwb-brand?post=14125"},{"taxonomy":"product_brand","embeddable":true,"href":"https:\/\/tmp.compunegocios.com.pe\/index.php\/wp-json\/wp\/v2\/product_brand?post=14125"},{"taxonomy":"product_cat","embeddable":true,"href":"https:\/\/tmp.compunegocios.com.pe\/index.php\/wp-json\/wp\/v2\/product_cat?post=14125"},{"taxonomy":"product_tag","embeddable":true,"href":"https:\/\/tmp.compunegocios.com.pe\/index.php\/wp-json\/wp\/v2\/product_tag?post=14125"}],"curies":[{"name":"wp","href":"https:\/\/api.w.org\/{rel}","templated":true}]}}