{"id":14126,"date":"2024-01-06T22:06:09","date_gmt":"2024-01-06T22:06:09","guid":{"rendered":"http:\/\/compunegocios.com.pe\/index.php\/product\/cooler-airboom-vortex-ab008-4-ventiladores-led-azul\/"},"modified":"2025-08-19T17:30:11","modified_gmt":"2025-08-19T17:30:11","slug":"cooler-airboom-vortex-ab008-4-ventiladores-led-azul","status":"publish","type":"product","link":"https:\/\/tmp.compunegocios.com.pe\/index.php\/product\/cooler-airboom-vortex-ab008-4-ventiladores-led-azul\/","title":{"rendered":"COOLER AIRBOOM VORTEX AB008, 4 VENTILADORES, LED AZUL"},"content":{"rendered":"<p>COOLER AIRBOOM VORTEX AB008, 4 VENTILADORES, LED AZUL<\/p>\n<p>Soporta directamente port\u00e1tiles de 12\u2033 hasta 17\u2033<br \/>\nVentilaci\u00f3n: 2 cooler LED Azul de 125 mm y 2 cooler LED de 65 mm.<br \/>\nPl\u00e1stico ligero, con malla met\u00e1lica para permitir una mejor disipaci\u00f3n de calor<br \/>\nCable blindado de m\u00e1xima calidad<br \/>\nAlimentaci\u00f3n: Conector USB directo a la Notebook.<br \/>\nConexi\u00f3n: 2 Puertos USB 2.0 para la conexi\u00f3n de cualquier dispositivo USB.<br \/>\nSistema optimizado de ventilaci\u00f3n.<br \/>\n4 Niveles de inclinaci\u00f3n<br \/>\nDimensi\u00f3n del cooler: Ancho:39cm ; Profundidad: 28cm y Altura: 2.8<\/p>\n","protected":false},"excerpt":{"rendered":"<p>&#8211;<\/p>\n","protected":false},"featured_media":14145,"template":"","meta":[],"pwb-brand":[],"product_brand":[],"product_cat":[32],"product_tag":[],"class_list":{"0":"post-14126","1":"product","2":"type-product","3":"status-publish","4":"has-post-thumbnail","6":"product_cat-32","8":"first","9":"outofstock","10":"taxable","11":"shipping-taxable","12":"purchasable","13":"product-type-simple"},"brands":[],"_links":{"self":[{"href":"https:\/\/tmp.compunegocios.com.pe\/index.php\/wp-json\/wp\/v2\/product\/14126","targetHints":{"allow":["GET"]}}],"collection":[{"href":"https:\/\/tmp.compunegocios.com.pe\/index.php\/wp-json\/wp\/v2\/product"}],"about":[{"href":"https:\/\/tmp.compunegocios.com.pe\/index.php\/wp-json\/wp\/v2\/types\/product"}],"wp:featuredmedia":[{"embeddable":true,"href":"https:\/\/tmp.compunegocios.com.pe\/index.php\/wp-json\/wp\/v2\/media\/14145"}],"wp:attachment":[{"href":"https:\/\/tmp.compunegocios.com.pe\/index.php\/wp-json\/wp\/v2\/media?parent=14126"}],"wp:term":[{"taxonomy":"pwb-brand","embeddable":true,"href":"https:\/\/tmp.compunegocios.com.pe\/index.php\/wp-json\/wp\/v2\/pwb-brand?post=14126"},{"taxonomy":"product_brand","embeddable":true,"href":"https:\/\/tmp.compunegocios.com.pe\/index.php\/wp-json\/wp\/v2\/product_brand?post=14126"},{"taxonomy":"product_cat","embeddable":true,"href":"https:\/\/tmp.compunegocios.com.pe\/index.php\/wp-json\/wp\/v2\/product_cat?post=14126"},{"taxonomy":"product_tag","embeddable":true,"href":"https:\/\/tmp.compunegocios.com.pe\/index.php\/wp-json\/wp\/v2\/product_tag?post=14126"}],"curies":[{"name":"wp","href":"https:\/\/api.w.org\/{rel}","templated":true}]}}