{"id":14154,"date":"2024-01-09T01:33:56","date_gmt":"2024-01-09T01:33:56","guid":{"rendered":"http:\/\/compunegocios.com.pe\/index.php\/product\/monitor-samsung-27-t35f-led-fhd-ips-hdmi-vga-75-hz\/"},"modified":"2025-08-19T17:30:13","modified_gmt":"2025-08-19T17:30:13","slug":"monitor-samsung-27-t35f-led-fhd-ips-hdmi-vga-75-hz","status":"publish","type":"product","link":"https:\/\/tmp.compunegocios.com.pe\/index.php\/product\/monitor-samsung-27-t35f-led-fhd-ips-hdmi-vga-75-hz\/","title":{"rendered":"MONITOR SAMSUNG 27&#8243; T35F, LED, FHD, IPS, HDMI \/ VGA, 75 Hz"},"content":{"rendered":"<p>MONITOR SAMSUNG 27&#8243; T35F, LED, FHD, IPS, HDMI \/ VGA, 75 Hz<\/p>\n<p>Velocidad de refresco: 75Hz, Relacion de Aspecto: 16:9, Brillo: 250cd\/m2, Contraste: 1000:1, Relacion de contraste dinamico: Mega, Angulo de vision: 178\u00b0 \/ 178\u00b0, 100 &#8211; 240 VAC.<\/p>\n<p>Tama\u00f1o de pantalla: 27 Pulgadas<br \/>\nResoluci\u00f3n M\u00e1xima de Pantalla: 1920 x 1080 P\u00edxeles<br \/>\nMarca: SAMSUNG<br \/>\nCaracter\u00edsticas especiales: Resoluci\u00f3n 1080p de 27 pulgadas<br \/>\nVelocidad de actualizaci\u00f3n: 75 Hz<\/p>\n","protected":false},"excerpt":{"rendered":"<p>&#8211;<\/p>\n","protected":false},"featured_media":14156,"template":"","meta":[],"pwb-brand":[],"product_brand":[],"product_cat":[178],"product_tag":[],"class_list":{"0":"post-14154","1":"product","2":"type-product","3":"status-publish","4":"has-post-thumbnail","6":"product_cat-178","8":"first","9":"outofstock","10":"taxable","11":"shipping-taxable","12":"purchasable","13":"product-type-simple"},"brands":[],"_links":{"self":[{"href":"https:\/\/tmp.compunegocios.com.pe\/index.php\/wp-json\/wp\/v2\/product\/14154","targetHints":{"allow":["GET"]}}],"collection":[{"href":"https:\/\/tmp.compunegocios.com.pe\/index.php\/wp-json\/wp\/v2\/product"}],"about":[{"href":"https:\/\/tmp.compunegocios.com.pe\/index.php\/wp-json\/wp\/v2\/types\/product"}],"wp:featuredmedia":[{"embeddable":true,"href":"https:\/\/tmp.compunegocios.com.pe\/index.php\/wp-json\/wp\/v2\/media\/14156"}],"wp:attachment":[{"href":"https:\/\/tmp.compunegocios.com.pe\/index.php\/wp-json\/wp\/v2\/media?parent=14154"}],"wp:term":[{"taxonomy":"pwb-brand","embeddable":true,"href":"https:\/\/tmp.compunegocios.com.pe\/index.php\/wp-json\/wp\/v2\/pwb-brand?post=14154"},{"taxonomy":"product_brand","embeddable":true,"href":"https:\/\/tmp.compunegocios.com.pe\/index.php\/wp-json\/wp\/v2\/product_brand?post=14154"},{"taxonomy":"product_cat","embeddable":true,"href":"https:\/\/tmp.compunegocios.com.pe\/index.php\/wp-json\/wp\/v2\/product_cat?post=14154"},{"taxonomy":"product_tag","embeddable":true,"href":"https:\/\/tmp.compunegocios.com.pe\/index.php\/wp-json\/wp\/v2\/product_tag?post=14154"}],"curies":[{"name":"wp","href":"https:\/\/api.w.org\/{rel}","templated":true}]}}