{"id":14171,"date":"2024-01-09T23:38:57","date_gmt":"2024-01-09T23:38:57","guid":{"rendered":"http:\/\/compunegocios.com.pe\/index.php\/product\/auricular-gaming-antryx-gh-520-iluminacion-rgb\/"},"modified":"2025-08-19T17:30:17","modified_gmt":"2025-08-19T17:30:17","slug":"auricular-gaming-antryx-gh-520-iluminacion-rgb","status":"publish","type":"product","link":"https:\/\/tmp.compunegocios.com.pe\/index.php\/product\/auricular-gaming-antryx-gh-520-iluminacion-rgb\/","title":{"rendered":"AURICULAR GAMING ANTRYX GH-520, ILUMINACI\u00d3N RGB"},"content":{"rendered":"<p>AURICULAR GAMING ANTRYX GH-520, ILUMINACI\u00d3N RGB<\/p>\n<p>Auriculares para juegos con iluminaci\u00f3n RGB Rainbow<br \/>\nEl sonido envolvente est\u00e9reo 2.1 es adecuado para PC, port\u00e1tiles, PS4, Xbox, tel\u00e9fonos m\u00f3viles, etc. (el adaptador est\u00e1 incluido).<br \/>\nDurabilidad: la diadema de metal soporta las sesiones de juego m\u00e1s intensas sin romperse<br \/>\nMicr\u00f3fono flexible: soporte de micr\u00f3fono flexible, f\u00e1cil de ajustar para garantizar llamadas de alta calidad<br \/>\nSesiones de juego de marat\u00f3n, almohadillas supersuaves para colocar sobre las orejas y sobre la cabeza que son m\u00e1s c\u00f3modas para un uso prolongado<br \/>\nExcelentes graves mejorados, el altavoz del controlador perfectamente ecualizado de 50 mm ofrece audio de alta calidad<br \/>\nEl micr\u00f3fono de alta sensibilidad ofrece una voz m\u00e1s precisa, clara y suave<\/p>\n<p>Especificaciones<br \/>\nDi\u00e1metro del altavoz: \u00d850,00 mm<br \/>\nSensibilidad: 108dB \u00b1 3dB a 1KHz<br \/>\nImpedancia: 32\u03a9<br \/>\nRango de frecuencia: 20Hz \u2013 20KHz<br \/>\nSalida m\u00e1xima: 50mW<br \/>\nMicr\u00f3fono: \u00d86\u00d72,7 mm<br \/>\nSensibilidad: -38 \u00b1 3dB<br \/>\nImpedancia: \u22642.2K\u03a9<br \/>\nVoltaje de funcionamiento LED: DC5V<br \/>\nL\u00ednea: 2,1 M<br \/>\nEnchufe: audio est\u00e9reo de 3,5 mm + adaptador 3,5 + LED USB<\/p>\n","protected":false},"excerpt":{"rendered":"<p>&#8211;<\/p>\n","protected":false},"featured_media":14173,"template":"","meta":[],"pwb-brand":[],"product_brand":[],"product_cat":[161],"product_tag":[],"class_list":{"0":"post-14171","1":"product","2":"type-product","3":"status-publish","4":"has-post-thumbnail","6":"product_cat-161","8":"first","9":"instock","10":"taxable","11":"shipping-taxable","12":"purchasable","13":"product-type-simple"},"brands":[],"_links":{"self":[{"href":"https:\/\/tmp.compunegocios.com.pe\/index.php\/wp-json\/wp\/v2\/product\/14171","targetHints":{"allow":["GET"]}}],"collection":[{"href":"https:\/\/tmp.compunegocios.com.pe\/index.php\/wp-json\/wp\/v2\/product"}],"about":[{"href":"https:\/\/tmp.compunegocios.com.pe\/index.php\/wp-json\/wp\/v2\/types\/product"}],"wp:featuredmedia":[{"embeddable":true,"href":"https:\/\/tmp.compunegocios.com.pe\/index.php\/wp-json\/wp\/v2\/media\/14173"}],"wp:attachment":[{"href":"https:\/\/tmp.compunegocios.com.pe\/index.php\/wp-json\/wp\/v2\/media?parent=14171"}],"wp:term":[{"taxonomy":"pwb-brand","embeddable":true,"href":"https:\/\/tmp.compunegocios.com.pe\/index.php\/wp-json\/wp\/v2\/pwb-brand?post=14171"},{"taxonomy":"product_brand","embeddable":true,"href":"https:\/\/tmp.compunegocios.com.pe\/index.php\/wp-json\/wp\/v2\/product_brand?post=14171"},{"taxonomy":"product_cat","embeddable":true,"href":"https:\/\/tmp.compunegocios.com.pe\/index.php\/wp-json\/wp\/v2\/product_cat?post=14171"},{"taxonomy":"product_tag","embeddable":true,"href":"https:\/\/tmp.compunegocios.com.pe\/index.php\/wp-json\/wp\/v2\/product_tag?post=14171"}],"curies":[{"name":"wp","href":"https:\/\/api.w.org\/{rel}","templated":true}]}}