{"id":14184,"date":"2024-01-11T17:21:02","date_gmt":"2024-01-11T17:21:02","guid":{"rendered":"http:\/\/compunegocios.com.pe\/index.php\/product\/tarjeta-red-tp-link-tg-3468-pci-express-gigabit-10-100-1000-mbps\/"},"modified":"2025-10-15T00:25:06","modified_gmt":"2025-10-15T00:25:06","slug":"tarjeta-red-tp-link-tg-3468-pci-express-gigabit-10-100-1000-mbps","status":"publish","type":"product","link":"https:\/\/tmp.compunegocios.com.pe\/index.php\/product\/tarjeta-red-tp-link-tg-3468-pci-express-gigabit-10-100-1000-mbps\/","title":{"rendered":"TARJETA RED TP-LINK TG-3468, PCI EXPRESS, GIGABIT 10\/100\/1000 MBPS"},"content":{"rendered":"<p>TARJETA RED TP-LINK TG-3468, PCI EXPRESS, GIGABIT 10\/100\/1000 MBPS<\/p>\n<p>El TG-3468 10\/100 \/ adaptador de red PCIe 1000Mbps Gigabit es un adaptador Ethernet altamente integrado y rentable de 32 bits PCIe Gigabit que es totalmente compatible con los est\u00e1ndares IEEE 802.3, IEEE 802.3u y las especificaciones IEEE 802.3ab.<\/p>\n<p>El adaptador de red Gigabit PCIe TG-3468 es un adaptador de alto rendimiento dise\u00f1ado para la alta velocidad PCI Express Arquitectura autob\u00fas. Dise\u00f1ado para apoyar a 10\/100\/1000 Mbps de velocidad de red Auto-Negociaci\u00f3n, control de flujo 802.3x y tecnolog\u00eda Wake-on-LAN. TG-3468 Adaptador de red Gigabit PCIe es un adaptador Gigabit Ethernet altamente integrado y rentable que es una buena selecci\u00f3n para actualizar su red.<\/p>\n<p>Caracter\u00edsticas<\/p>\n<p>Adaptador PCIe a 10\/100\/1000 Mbps<\/p>\n<p>Interface PCIe de 32 bits: ahorro de espacio en interior del equipo<\/p>\n<p>Funci\u00f3n Wake-on-LAN, gesti\u00f3n remota a trav\u00e9s de la red local<\/p>\n","protected":false},"excerpt":{"rendered":"<p>&#8211;<\/p>\n","protected":false},"featured_media":14185,"template":"","meta":[],"pwb-brand":[],"product_brand":[],"product_cat":[223],"product_tag":[],"class_list":{"0":"post-14184","1":"product","2":"type-product","3":"status-publish","4":"has-post-thumbnail","6":"product_cat-223","8":"first","9":"instock","10":"taxable","11":"shipping-taxable","12":"purchasable","13":"product-type-simple"},"brands":[],"_links":{"self":[{"href":"https:\/\/tmp.compunegocios.com.pe\/index.php\/wp-json\/wp\/v2\/product\/14184","targetHints":{"allow":["GET"]}}],"collection":[{"href":"https:\/\/tmp.compunegocios.com.pe\/index.php\/wp-json\/wp\/v2\/product"}],"about":[{"href":"https:\/\/tmp.compunegocios.com.pe\/index.php\/wp-json\/wp\/v2\/types\/product"}],"wp:featuredmedia":[{"embeddable":true,"href":"https:\/\/tmp.compunegocios.com.pe\/index.php\/wp-json\/wp\/v2\/media\/14185"}],"wp:attachment":[{"href":"https:\/\/tmp.compunegocios.com.pe\/index.php\/wp-json\/wp\/v2\/media?parent=14184"}],"wp:term":[{"taxonomy":"pwb-brand","embeddable":true,"href":"https:\/\/tmp.compunegocios.com.pe\/index.php\/wp-json\/wp\/v2\/pwb-brand?post=14184"},{"taxonomy":"product_brand","embeddable":true,"href":"https:\/\/tmp.compunegocios.com.pe\/index.php\/wp-json\/wp\/v2\/product_brand?post=14184"},{"taxonomy":"product_cat","embeddable":true,"href":"https:\/\/tmp.compunegocios.com.pe\/index.php\/wp-json\/wp\/v2\/product_cat?post=14184"},{"taxonomy":"product_tag","embeddable":true,"href":"https:\/\/tmp.compunegocios.com.pe\/index.php\/wp-json\/wp\/v2\/product_tag?post=14184"}],"curies":[{"name":"wp","href":"https:\/\/api.w.org\/{rel}","templated":true}]}}