{"id":14206,"date":"2024-01-12T17:32:29","date_gmt":"2024-01-12T17:32:29","guid":{"rendered":"http:\/\/compunegocios.com.pe\/index.php\/product\/impresora-zebra-zd230-de-etiquetas-transferencia-termica-usb-red\/"},"modified":"2025-08-19T17:30:22","modified_gmt":"2025-08-19T17:30:22","slug":"impresora-zebra-zd230-de-etiquetas-transferencia-termica-usb-red","status":"publish","type":"product","link":"https:\/\/tmp.compunegocios.com.pe\/index.php\/product\/impresora-zebra-zd230-de-etiquetas-transferencia-termica-usb-red\/","title":{"rendered":"IMPRESORA ZEBRA ZD230, DE ETIQUETAS, TRANSFERENCIA T\u00c9RMICA, USB\/RED"},"content":{"rendered":"<p>IMPRESORA ZEBRA ZD230, DE ETIQUETAS, TRANSFERENCIA T\u00c9RMICA, USB\/RED<\/p>\n<p>Caracter\u00edsticas est\u00e1ndar<\/p>\n<p>\u2022 Impresi\u00f3n t\u00e9rmica directa y por transferencia t\u00e9rmica<br \/>\n\u2022 Lenguajes de programaci\u00f3n ZPL y EPL<br \/>\n\u2022 Un \u00fanico indicador LED de estado<br \/>\n\u2022 Un \u00fanico bot\u00f3n de alimentaci\u00f3n\/pausa<br \/>\n\u2022 Conectividad USB<br \/>\n\u2022 OpenACCESS\u2122 para cargar f\u00e1cilmente los materiales<br \/>\n\u2022 Construcci\u00f3n de marco de doble pared<br \/>\n\u2022 Certificaci\u00f3n ENERGY STAR<\/p>\n<p>Administraci\u00f3n de suministros<br \/>\n\u2022  Despegador o cortador instalado de f\u00e1brica<br \/>\nComunicaciones<br \/>\n\u2022 USB y Ethernet instalados de f\u00e1brica<br \/>\n\u2022 USB y Bluetooth 4.1 instalados de f\u00e1brica<br \/>\n\u2022 USB, wifi 802.11ac y Bluetooth 4.1 instalados de f\u00e1brica<\/p>\n","protected":false},"excerpt":{"rendered":"<p>&#8211;<\/p>\n","protected":false},"featured_media":14211,"template":"","meta":[],"pwb-brand":[],"product_brand":[],"product_cat":[209],"product_tag":[],"class_list":{"0":"post-14206","1":"product","2":"type-product","3":"status-publish","4":"has-post-thumbnail","6":"product_cat-209","8":"first","9":"outofstock","10":"taxable","11":"shipping-taxable","12":"purchasable","13":"product-type-simple"},"brands":[],"_links":{"self":[{"href":"https:\/\/tmp.compunegocios.com.pe\/index.php\/wp-json\/wp\/v2\/product\/14206","targetHints":{"allow":["GET"]}}],"collection":[{"href":"https:\/\/tmp.compunegocios.com.pe\/index.php\/wp-json\/wp\/v2\/product"}],"about":[{"href":"https:\/\/tmp.compunegocios.com.pe\/index.php\/wp-json\/wp\/v2\/types\/product"}],"wp:featuredmedia":[{"embeddable":true,"href":"https:\/\/tmp.compunegocios.com.pe\/index.php\/wp-json\/wp\/v2\/media\/14211"}],"wp:attachment":[{"href":"https:\/\/tmp.compunegocios.com.pe\/index.php\/wp-json\/wp\/v2\/media?parent=14206"}],"wp:term":[{"taxonomy":"pwb-brand","embeddable":true,"href":"https:\/\/tmp.compunegocios.com.pe\/index.php\/wp-json\/wp\/v2\/pwb-brand?post=14206"},{"taxonomy":"product_brand","embeddable":true,"href":"https:\/\/tmp.compunegocios.com.pe\/index.php\/wp-json\/wp\/v2\/product_brand?post=14206"},{"taxonomy":"product_cat","embeddable":true,"href":"https:\/\/tmp.compunegocios.com.pe\/index.php\/wp-json\/wp\/v2\/product_cat?post=14206"},{"taxonomy":"product_tag","embeddable":true,"href":"https:\/\/tmp.compunegocios.com.pe\/index.php\/wp-json\/wp\/v2\/product_tag?post=14206"}],"curies":[{"name":"wp","href":"https:\/\/api.w.org\/{rel}","templated":true}]}}