{"id":14314,"date":"2024-01-16T16:53:09","date_gmt":"2024-01-16T16:53:09","guid":{"rendered":"http:\/\/compunegocios.com.pe\/index.php\/product\/case-msi-mag-vampiric-100r-mid-tower-atx-argb-negro\/"},"modified":"2025-09-10T23:50:55","modified_gmt":"2025-09-10T23:50:55","slug":"case-msi-mag-vampiric-100r-mid-tower-atx-argb-negro","status":"publish","type":"product","link":"https:\/\/tmp.compunegocios.com.pe\/index.php\/product\/case-msi-mag-vampiric-100r-mid-tower-atx-argb-negro\/","title":{"rendered":"CASE MSI MAG VAMPIRIC 100R MID TOWER ATX ARGB NEGRO"},"content":{"rendered":"<p>CASE MSI MAG VAMPIRIC 100R MID TOWER ATX ARGB NEGRO<\/p>\n<p>ESPECIFICACIONES<\/p>\n<p>Nombre: MAG VAMPIRIC 100R<br \/>\nSoporta placa madre: ATX \/ M-ATX \/ Mini-ITX<br \/>\nDimensiones (W) x (D) x (H): 205 x 390 x 457 mm \/ 8.07 x 15.35 x 17.99 pulgadas<br \/>\nPuertos E\/S: 1 x USB 3.2 Gen 1 Tipo A \/ 2 x USB 2.0 \/ Audio HD \/ Mic<br \/>\nEspacio para disco: 2 x 2.5&#8243; + 2 x 3.5&#8243; (1 x compatible con 2.5&#8243;)<br \/>\nEspacio para tarjeta VGA: Max 300 mm \/ 11.81 pulgadas<br \/>\nEspacio para cooler de CPU: Max 160 mm \/ 6.3 pulgadas<br \/>\nFuente de alimentaci\u00f3n: ATX est\u00e1ndar, m\u00e1ximo 270 mm (sin instalar bandeja de HDD de 3.5&#8243;)<br \/>\nEspacio para refrigeraci\u00f3n: Frontal: M\u00e1x: 3 x 120 mm o 2 x 140 mm (1 ventilador de 120 mm incluido)<br \/>\nSuperior: M\u00e1x: 2 x 120 mm: Posterior: 1 x 120 mm(1 ventilador ARGB de 120 mm incluido)<br \/>\nEspacio para radiador: Frontal: hasta 240 mm \/ Posterior: hasta 120 mm<\/p>\n","protected":false},"excerpt":{"rendered":"<p>&#8211;<\/p>\n","protected":false},"featured_media":14333,"template":"","meta":[],"pwb-brand":[],"product_brand":[],"product_cat":[166],"product_tag":[],"class_list":{"0":"post-14314","1":"product","2":"type-product","3":"status-publish","4":"has-post-thumbnail","6":"product_cat-166","8":"first","9":"outofstock","10":"taxable","11":"shipping-taxable","12":"purchasable","13":"product-type-simple"},"brands":[],"_links":{"self":[{"href":"https:\/\/tmp.compunegocios.com.pe\/index.php\/wp-json\/wp\/v2\/product\/14314","targetHints":{"allow":["GET"]}}],"collection":[{"href":"https:\/\/tmp.compunegocios.com.pe\/index.php\/wp-json\/wp\/v2\/product"}],"about":[{"href":"https:\/\/tmp.compunegocios.com.pe\/index.php\/wp-json\/wp\/v2\/types\/product"}],"wp:featuredmedia":[{"embeddable":true,"href":"https:\/\/tmp.compunegocios.com.pe\/index.php\/wp-json\/wp\/v2\/media\/14333"}],"wp:attachment":[{"href":"https:\/\/tmp.compunegocios.com.pe\/index.php\/wp-json\/wp\/v2\/media?parent=14314"}],"wp:term":[{"taxonomy":"pwb-brand","embeddable":true,"href":"https:\/\/tmp.compunegocios.com.pe\/index.php\/wp-json\/wp\/v2\/pwb-brand?post=14314"},{"taxonomy":"product_brand","embeddable":true,"href":"https:\/\/tmp.compunegocios.com.pe\/index.php\/wp-json\/wp\/v2\/product_brand?post=14314"},{"taxonomy":"product_cat","embeddable":true,"href":"https:\/\/tmp.compunegocios.com.pe\/index.php\/wp-json\/wp\/v2\/product_cat?post=14314"},{"taxonomy":"product_tag","embeddable":true,"href":"https:\/\/tmp.compunegocios.com.pe\/index.php\/wp-json\/wp\/v2\/product_tag?post=14314"}],"curies":[{"name":"wp","href":"https:\/\/api.w.org\/{rel}","templated":true}]}}