{"id":14380,"date":"2024-01-17T20:35:21","date_gmt":"2024-01-17T20:35:21","guid":{"rendered":"http:\/\/compunegocios.com.pe\/index.php\/product\/placa-madre-asus-tuf-gaming-b760m-plus-wifi-d5-memoria-ddr5-de-4-socket-hasta-128gb-buss-5333-mhz\/"},"modified":"2025-08-19T17:30:59","modified_gmt":"2025-08-19T17:30:59","slug":"placa-madre-asus-tuf-gaming-b760m-plus-wifi-d5-memoria-ddr5-de-4-socket-hasta-128gb-buss-5333-mhz","status":"publish","type":"product","link":"https:\/\/tmp.compunegocios.com.pe\/index.php\/product\/placa-madre-asus-tuf-gaming-b760m-plus-wifi-d5-memoria-ddr5-de-4-socket-hasta-128gb-buss-5333-mhz\/","title":{"rendered":"PLACA MADRE ASUS TUF GAMING B760M-PLUS WIFI, D5, MEMORIA DDR5 DE 4 SOCKET HASTA 128GB BUSS 5333 MHZ"},"content":{"rendered":"<p>PLACA MADRE ASUS TUF GAMING B760M-PLUS WIFI, D5, MEMORIA DDR5 DE 4 SOCKET HASTA 128GB BUSS 5333 MHZ<\/p>\n<p>Marca: Asus<br \/>\nModelo: TUF GAMING B760M-PLUS WIFI<br \/>\nChipset: INTEL B760<br \/>\nSocket: LGA 1700<\/p>\n<p>Procesadores compatibles: for 13th Gen Intel\u00ae Core\u2122 &amp; 12th Gen Intel\u00ae Core\u2122, Pentium\u00ae Gold and Celeron\u00ae Processors* Supports Intel\u00ae Turbo Boost Technology 2.0 and Intel\u00ae Turbo Boost Max Technology 3.0**<\/p>\n<p>Tipo de memoria: DDR5<\/p>\n<p>Ranuras de memoria Ram: 4 Ranuras<\/p>\n<p>Ranuras de expansi\u00f3n: Procesadores Intel\u00ae de 13.\u00aa y 12.\u00aa generaci\u00f3n 1 ranura PCIe 5.0 x16 Chipset Intel\u00ae B760 1 ranura PCIe 4.0 x16 (admite el modo x4) 1 ranura PCIe 4.0 x1 : para garantizar la compatibilidad del dispositivo instalado, consulte https: \/\/www.asus.com\/support\/ para ver la lista de perif\u00e9ricos compatibles<\/p>\n<p>Almacenamiento: Total admite 2 ranuras M.2 y 4 puertos SATA de 6 Gb\/s* Procesadores Intel\u00ae de 13.\u00aa y 12.\u00aa generaci\u00f3n Ranura M.2_1 ( clave M ), tipo 2242\/2260\/2280 (admite modo PCIe 4.0 x4) Intel\u00ae Chipset B760 Ranura M.2_2 (Clave M), tipo 2242\/2260\/2280 (admite modo PCIe 4.0 x4) 4 puertos SATA 6Gb\/s * La tecnolog\u00eda Intel \u00ae Rapid Storage admite SATA RAID 0\/1\/5\/10.<\/p>\n<p>Puertos de Video: 1 x DisplayPort** 1 x HDMI\u2122port*** * Graphics specifications may vary between CPU types. Please refer to www.intel.com for any updates. ** Supports max. 4K@60Hz as specified in DisplayPort 1.4. ***Supports 4K@60Hz as specified in HDMI 2.1.<\/p>\n<p>USB: USB posterior (8 puertos en total) 1 puerto USB 3.2 Gen 2&#215;2 (1 x USB Type-C \u00ae ) 2 puertos USB 3.2 Gen 2 (2 x Type-A) 3 puertos USB 3.2 Gen 1 (3 x Type-A ) 2 puertos USB 2.0 (2 de tipo A) USB frontal (7 puertos en total ) 1 conector USB 3.2 Gen 2 (compatible con USB Type-C \u00ae )* 1 cabezal USB 3.2 Gen 1 compatible con 2 USB 3.2 Gen 1 adicionales puertos 2 cabezales USB 2.0 compatibles con 4 puertos USB 2.0 adicionales*<\/p>\n<p>Audio: C\u00d3DEC de audio de alta definici\u00f3n con sonido envolvente Realtek 7.1 &#8211; Admite: Detecci\u00f3n de conector, transmisi\u00f3n m\u00faltiple, reasignaci\u00f3n de conector del panel frontal &#8211; Admite reproducci\u00f3n de hasta 24 bits\/192 kHz Caracter\u00edsticas de audio &#8211; Protecci\u00f3n de audio &#8211; Puerto de salida S\/PDIF \u00f3ptico trasero &#8211; Condensadores de audio premium : capas de PCB de audio dedicadas<\/p>\n<p>Puertos de E\/S del panel posterior: 1 x puerto USB 3.2 Gen 2&#215;2 (1 x USB Type-C \u00ae ) 2 x puertos USB 3.2 Gen 2 (2 x Type-A) 3 x puertos USB 3.2 Gen 1 (3 x Type-A) 2 x puertos USB 2.0 ( 2 de tipo A) 1 de DisplayPort 1 de HDMI\u21221 x m\u00f3dulo Wi-Fi 1 x puerto Ethernet Realtek de 2,5 Gb 5 x conectores de audio 1 x puerto de salida S\/PDIF \u00f3ptico<\/p>\n<p>Conectores de E\/S internos:\tConectores de E\/S Relacionado con el ventilador y la refrigeraci\u00f3n 1 cabezal de ventilador de CPU de 4 pines 1 cabezal de ventilador OPT de CPU de 4 pines 1 cabezal de bomba AIO de 4 pines 3 cabezales de ventilador de chasis de 4 pines Relacionado con la alimentaci\u00f3n 1 alimentaci\u00f3n principal de 24 pines conector 1 conector de alimentaci\u00f3n de +12 V de 8 pines 1 conector de alimentaci\u00f3n de +12 V de 4 pines Relacionado con el almacenami<\/p>\n","protected":false},"excerpt":{"rendered":"<p>&#8211;<\/p>\n","protected":false},"featured_media":14384,"template":"","meta":[],"pwb-brand":[339],"product_brand":[],"product_cat":[98],"product_tag":[],"class_list":{"0":"post-14380","1":"product","2":"type-product","3":"status-publish","4":"has-post-thumbnail","6":"pwb-brand-asus","7":"product_cat-98","9":"first","10":"instock","11":"taxable","12":"shipping-taxable","13":"purchasable","14":"product-type-simple"},"brands":[{"id":339,"name":"Asus","slug":"asus"}],"_links":{"self":[{"href":"https:\/\/tmp.compunegocios.com.pe\/index.php\/wp-json\/wp\/v2\/product\/14380","targetHints":{"allow":["GET"]}}],"collection":[{"href":"https:\/\/tmp.compunegocios.com.pe\/index.php\/wp-json\/wp\/v2\/product"}],"about":[{"href":"https:\/\/tmp.compunegocios.com.pe\/index.php\/wp-json\/wp\/v2\/types\/product"}],"wp:featuredmedia":[{"embeddable":true,"href":"https:\/\/tmp.compunegocios.com.pe\/index.php\/wp-json\/wp\/v2\/media\/14384"}],"wp:attachment":[{"href":"https:\/\/tmp.compunegocios.com.pe\/index.php\/wp-json\/wp\/v2\/media?parent=14380"}],"wp:term":[{"taxonomy":"pwb-brand","embeddable":true,"href":"https:\/\/tmp.compunegocios.com.pe\/index.php\/wp-json\/wp\/v2\/pwb-brand?post=14380"},{"taxonomy":"product_brand","embeddable":true,"href":"https:\/\/tmp.compunegocios.com.pe\/index.php\/wp-json\/wp\/v2\/product_brand?post=14380"},{"taxonomy":"product_cat","embeddable":true,"href":"https:\/\/tmp.compunegocios.com.pe\/index.php\/wp-json\/wp\/v2\/product_cat?post=14380"},{"taxonomy":"product_tag","embeddable":true,"href":"https:\/\/tmp.compunegocios.com.pe\/index.php\/wp-json\/wp\/v2\/product_tag?post=14380"}],"curies":[{"name":"wp","href":"https:\/\/api.w.org\/{rel}","templated":true}]}}