{"id":14416,"date":"2024-01-18T16:15:29","date_gmt":"2024-01-18T16:15:29","guid":{"rendered":"http:\/\/compunegocios.com.pe\/index.php\/product\/ssd-externo-kingston-xs1000-1tb-usb-3-2-gen-2\/"},"modified":"2025-10-08T00:44:16","modified_gmt":"2025-10-08T00:44:16","slug":"ssd-externo-kingston-xs1000-1tb-usb-3-2-gen-2","status":"publish","type":"product","link":"https:\/\/tmp.compunegocios.com.pe\/index.php\/product\/ssd-externo-kingston-xs1000-1tb-usb-3-2-gen-2\/","title":{"rendered":"SSD EXTERNO KINGSTON XS1000 1TB USB 3.2 GEN 2"},"content":{"rendered":"<p>SSD EXTERNO KINGSTON XS1000 1TB USB 3.2 GEN 2 #<\/p>\n<p>El SSD externo XS1000 de Kingston es una soluci\u00f3n para disponer de copias de seguridad de archivos bastante pr\u00e1ctica. Por su estilizado y compacto factor de forma, ha sido dise\u00f1ada para encajar perfectamente en su estilo de vida, permiti\u00e9ndole llevarla consigo con facilidad.<\/p>\n<p>Incluye cable USB-C a USB-A<br \/>\nUSB 3.2 Gen 2<br \/>\nVelocidades de lectura de hasta 1.050 MB\/s y de hasta 1.000 MB\/s en escritura<br \/>\nC\u00f3digo de art\u00edculo: SXS1000\/1000G<\/p>\n","protected":false},"excerpt":{"rendered":"<p>&#8211;<\/p>\n","protected":false},"featured_media":14421,"template":"","meta":[],"pwb-brand":[],"product_brand":[],"product_cat":[147],"product_tag":[],"class_list":{"0":"post-14416","1":"product","2":"type-product","3":"status-publish","4":"has-post-thumbnail","6":"product_cat-147","8":"first","9":"instock","10":"taxable","11":"shipping-taxable","12":"purchasable","13":"product-type-simple"},"brands":[],"_links":{"self":[{"href":"https:\/\/tmp.compunegocios.com.pe\/index.php\/wp-json\/wp\/v2\/product\/14416","targetHints":{"allow":["GET"]}}],"collection":[{"href":"https:\/\/tmp.compunegocios.com.pe\/index.php\/wp-json\/wp\/v2\/product"}],"about":[{"href":"https:\/\/tmp.compunegocios.com.pe\/index.php\/wp-json\/wp\/v2\/types\/product"}],"wp:featuredmedia":[{"embeddable":true,"href":"https:\/\/tmp.compunegocios.com.pe\/index.php\/wp-json\/wp\/v2\/media\/14421"}],"wp:attachment":[{"href":"https:\/\/tmp.compunegocios.com.pe\/index.php\/wp-json\/wp\/v2\/media?parent=14416"}],"wp:term":[{"taxonomy":"pwb-brand","embeddable":true,"href":"https:\/\/tmp.compunegocios.com.pe\/index.php\/wp-json\/wp\/v2\/pwb-brand?post=14416"},{"taxonomy":"product_brand","embeddable":true,"href":"https:\/\/tmp.compunegocios.com.pe\/index.php\/wp-json\/wp\/v2\/product_brand?post=14416"},{"taxonomy":"product_cat","embeddable":true,"href":"https:\/\/tmp.compunegocios.com.pe\/index.php\/wp-json\/wp\/v2\/product_cat?post=14416"},{"taxonomy":"product_tag","embeddable":true,"href":"https:\/\/tmp.compunegocios.com.pe\/index.php\/wp-json\/wp\/v2\/product_tag?post=14416"}],"curies":[{"name":"wp","href":"https:\/\/api.w.org\/{rel}","templated":true}]}}