{"id":14446,"date":"2024-01-18T21:27:06","date_gmt":"2024-01-18T21:27:06","guid":{"rendered":"http:\/\/compunegocios.com.pe\/index.php\/product\/teclado-multimedia-halion-ha-k901-usb-sistema-antiderrame\/"},"modified":"2025-08-19T17:31:12","modified_gmt":"2025-08-19T17:31:12","slug":"teclado-multimedia-halion-ha-k901-usb-sistema-antiderrame","status":"publish","type":"product","link":"https:\/\/tmp.compunegocios.com.pe\/index.php\/product\/teclado-multimedia-halion-ha-k901-usb-sistema-antiderrame\/","title":{"rendered":"TECLADO MULTIMEDIA HALION HA-K901 USB, SISTEMA ANTIDERRAME"},"content":{"rendered":"<p>TECLADO MULTIMEDIA HALION HA-K901 USB, SISTEMA ANTIDERRAME<\/p>\n<p> conexi\u00f3n a PC Cable US<br \/>\nSistema Anti-Derrame (impermeable): Permite la salida de l\u00edquidos en caso de derrame sobre la superficie del teclado.<br \/>\nBarniz Anti-Borrado: Letras resistente al borrado por desgaste.<br \/>\nDistribuci\u00f3n de teclas: Espa\u00f1ol-Idioma : espa\u00f1ol\/Internacional.<br \/>\nCompatible con sistemas Operativos Windows.<\/p>\n","protected":false},"excerpt":{"rendered":"<p>&#8211;<\/p>\n","protected":false},"featured_media":14449,"template":"","meta":[],"pwb-brand":[],"product_brand":[],"product_cat":[189],"product_tag":[],"class_list":{"0":"post-14446","1":"product","2":"type-product","3":"status-publish","4":"has-post-thumbnail","6":"product_cat-189","8":"first","9":"instock","10":"taxable","11":"shipping-taxable","12":"purchasable","13":"product-type-simple"},"brands":[],"_links":{"self":[{"href":"https:\/\/tmp.compunegocios.com.pe\/index.php\/wp-json\/wp\/v2\/product\/14446","targetHints":{"allow":["GET"]}}],"collection":[{"href":"https:\/\/tmp.compunegocios.com.pe\/index.php\/wp-json\/wp\/v2\/product"}],"about":[{"href":"https:\/\/tmp.compunegocios.com.pe\/index.php\/wp-json\/wp\/v2\/types\/product"}],"wp:featuredmedia":[{"embeddable":true,"href":"https:\/\/tmp.compunegocios.com.pe\/index.php\/wp-json\/wp\/v2\/media\/14449"}],"wp:attachment":[{"href":"https:\/\/tmp.compunegocios.com.pe\/index.php\/wp-json\/wp\/v2\/media?parent=14446"}],"wp:term":[{"taxonomy":"pwb-brand","embeddable":true,"href":"https:\/\/tmp.compunegocios.com.pe\/index.php\/wp-json\/wp\/v2\/pwb-brand?post=14446"},{"taxonomy":"product_brand","embeddable":true,"href":"https:\/\/tmp.compunegocios.com.pe\/index.php\/wp-json\/wp\/v2\/product_brand?post=14446"},{"taxonomy":"product_cat","embeddable":true,"href":"https:\/\/tmp.compunegocios.com.pe\/index.php\/wp-json\/wp\/v2\/product_cat?post=14446"},{"taxonomy":"product_tag","embeddable":true,"href":"https:\/\/tmp.compunegocios.com.pe\/index.php\/wp-json\/wp\/v2\/product_tag?post=14446"}],"curies":[{"name":"wp","href":"https:\/\/api.w.org\/{rel}","templated":true}]}}