{"id":14448,"date":"2024-01-18T21:49:38","date_gmt":"2024-01-18T21:49:38","guid":{"rendered":"http:\/\/compunegocios.com.pe\/index.php\/product\/teclado-multimedia-enkore-enk-301-argos-usb-antiderrame\/"},"modified":"2025-08-19T17:31:14","modified_gmt":"2025-08-19T17:31:14","slug":"teclado-multimedia-enkore-enk-301-argos-usb-antiderrame","status":"publish","type":"product","link":"https:\/\/tmp.compunegocios.com.pe\/index.php\/product\/teclado-multimedia-enkore-enk-301-argos-usb-antiderrame\/","title":{"rendered":"TECLADO MULTIMEDIA ENKORE ENK 301 ARGOS USB ANTIDERRAME"},"content":{"rendered":"<p>TECLADO MULTIMEDIA ENKORE ENK 301 ARGOS USB ANTIDERRAME<\/p>\n<p>Marca: ENKORE<br \/>\nModelo: Argos &#8211; ENK 301<br \/>\nCaracter\u00edsticas:<br \/>\nTeclado Multimedia e Internet.<br \/>\nSistema Antiderrame (Waterproof):<br \/>\nPermite la Salida de L\u00edquidos en Caso de Derrame sobre la Superficie del Teclado.<br \/>\nBarniz UV Antiborrado: Letras Resistentes al Borrado Por Desgaste.<br \/>\nColor Negro con Teclas AWSD y Direccionales en Rojo.<br \/>\n10 Teclas con Funciones Adicionales de Multimedia e Internet.<br \/>\nConexi\u00f3n: USB.<br \/>\nTeclas Semicurvas.<br \/>\nDistribuci\u00f3n de Teclas: Espa\u00f1ol &#8211; Espa\u00f1a.<br \/>\nIdioma: Espa\u00f1ol \/ Internacional.<br \/>\nCompatible con Todos los Sistemas Operativos.<\/p>\n","protected":false},"excerpt":{"rendered":"<p>&#8211;<\/p>\n","protected":false},"featured_media":14455,"template":"","meta":[],"pwb-brand":[],"product_brand":[],"product_cat":[189],"product_tag":[],"class_list":{"0":"post-14448","1":"product","2":"type-product","3":"status-publish","4":"has-post-thumbnail","6":"product_cat-189","8":"first","9":"outofstock","10":"taxable","11":"shipping-taxable","12":"purchasable","13":"product-type-simple"},"brands":[],"_links":{"self":[{"href":"https:\/\/tmp.compunegocios.com.pe\/index.php\/wp-json\/wp\/v2\/product\/14448","targetHints":{"allow":["GET"]}}],"collection":[{"href":"https:\/\/tmp.compunegocios.com.pe\/index.php\/wp-json\/wp\/v2\/product"}],"about":[{"href":"https:\/\/tmp.compunegocios.com.pe\/index.php\/wp-json\/wp\/v2\/types\/product"}],"wp:featuredmedia":[{"embeddable":true,"href":"https:\/\/tmp.compunegocios.com.pe\/index.php\/wp-json\/wp\/v2\/media\/14455"}],"wp:attachment":[{"href":"https:\/\/tmp.compunegocios.com.pe\/index.php\/wp-json\/wp\/v2\/media?parent=14448"}],"wp:term":[{"taxonomy":"pwb-brand","embeddable":true,"href":"https:\/\/tmp.compunegocios.com.pe\/index.php\/wp-json\/wp\/v2\/pwb-brand?post=14448"},{"taxonomy":"product_brand","embeddable":true,"href":"https:\/\/tmp.compunegocios.com.pe\/index.php\/wp-json\/wp\/v2\/product_brand?post=14448"},{"taxonomy":"product_cat","embeddable":true,"href":"https:\/\/tmp.compunegocios.com.pe\/index.php\/wp-json\/wp\/v2\/product_cat?post=14448"},{"taxonomy":"product_tag","embeddable":true,"href":"https:\/\/tmp.compunegocios.com.pe\/index.php\/wp-json\/wp\/v2\/product_tag?post=14448"}],"curies":[{"name":"wp","href":"https:\/\/api.w.org\/{rel}","templated":true}]}}