{"id":14471,"date":"2024-01-19T16:41:44","date_gmt":"2024-01-19T16:41:44","guid":{"rendered":"http:\/\/compunegocios.com.pe\/index.php\/product\/antivirus-eset-nod32-windows-macos-para-5-equipos\/"},"modified":"2025-08-19T17:31:19","modified_gmt":"2025-08-19T17:31:19","slug":"antivirus-eset-nod32-windows-macos-para-5-equipos","status":"publish","type":"product","link":"https:\/\/tmp.compunegocios.com.pe\/index.php\/product\/antivirus-eset-nod32-windows-macos-para-5-equipos\/","title":{"rendered":"ANTIVIRUS ESET NOD32  WINDOWS MACOS PARA 5 EQUIPOS"},"content":{"rendered":"<p>ANTIVIRUS ESET NOD32   WINDOWS MACOS PARA 5 EQUIPOS <\/p>\n<p>SOLUCION: PROTECCI\u00d3N CONTRA MALWARE Y RANSOMWARE<br \/>\nCONTROL DE DISPOSITIVOS:<br \/>\nPREVIENE LA COPIA NO AUTORIZADA DE LOS DATOS PRIVADOS A DISPOSITIVOS EXTERNOS, QUE PODR\u00cdAN SER DE TERCEROS. BLOQUEA LOS MEDIOS DE ALMACENAMIENTO, COMO CD, DVD, USB Y DISCOS EXTRA\u00cdBLES. PERMITE BLOQUEAR LOS DISPOSITIVOS CONECTADOS POR BLUETOOTH, FIREWIRE Y PUERTOS SERIE.<br \/>\nANTI-PHISHING:<br \/>\nPROTEGE LA PRIVACIDAD CUANDO SITIOS WEB FALSOS INTENTAN OBTENER INFORMACI\u00d3N CONFIDENCIAL, COMO NOMBRES DE USUARIO, CONTRASE\u00d1AS O DETALLES BANCARIOS, O ALERTA ANTE INFORMACI\u00d3N FALSA DE FUENTES QUE SIMULAN SER REALES. AVISA ANTE PALABRAS CON CARACTERES REEMPLAZADOS INTENCIONALMENTE PARA FINES MALICIOSOS (ATAQUES DE HOMOGLYPH).<br \/>\nTIEMPO DE LICENCIA: 1 A\u00d1O PARA 5 PCs<br \/>\nPLATAFORMA DE TRABAJO: WINDOWS \/ macOS<\/p>\n","protected":false},"excerpt":{"rendered":"<p>&#8211;<\/p>\n","protected":false},"featured_media":14472,"template":"","meta":[],"pwb-brand":[],"product_brand":[],"product_cat":[241],"product_tag":[],"class_list":{"0":"post-14471","1":"product","2":"type-product","3":"status-publish","4":"has-post-thumbnail","6":"product_cat-241","8":"first","9":"outofstock","10":"taxable","11":"shipping-taxable","12":"purchasable","13":"product-type-simple"},"brands":[],"_links":{"self":[{"href":"https:\/\/tmp.compunegocios.com.pe\/index.php\/wp-json\/wp\/v2\/product\/14471","targetHints":{"allow":["GET"]}}],"collection":[{"href":"https:\/\/tmp.compunegocios.com.pe\/index.php\/wp-json\/wp\/v2\/product"}],"about":[{"href":"https:\/\/tmp.compunegocios.com.pe\/index.php\/wp-json\/wp\/v2\/types\/product"}],"wp:featuredmedia":[{"embeddable":true,"href":"https:\/\/tmp.compunegocios.com.pe\/index.php\/wp-json\/wp\/v2\/media\/14472"}],"wp:attachment":[{"href":"https:\/\/tmp.compunegocios.com.pe\/index.php\/wp-json\/wp\/v2\/media?parent=14471"}],"wp:term":[{"taxonomy":"pwb-brand","embeddable":true,"href":"https:\/\/tmp.compunegocios.com.pe\/index.php\/wp-json\/wp\/v2\/pwb-brand?post=14471"},{"taxonomy":"product_brand","embeddable":true,"href":"https:\/\/tmp.compunegocios.com.pe\/index.php\/wp-json\/wp\/v2\/product_brand?post=14471"},{"taxonomy":"product_cat","embeddable":true,"href":"https:\/\/tmp.compunegocios.com.pe\/index.php\/wp-json\/wp\/v2\/product_cat?post=14471"},{"taxonomy":"product_tag","embeddable":true,"href":"https:\/\/tmp.compunegocios.com.pe\/index.php\/wp-json\/wp\/v2\/product_tag?post=14471"}],"curies":[{"name":"wp","href":"https:\/\/api.w.org\/{rel}","templated":true}]}}