{"id":14531,"date":"2024-01-19T22:11:38","date_gmt":"2024-01-19T22:11:38","guid":{"rendered":"http:\/\/compunegocios.com.pe\/index.php\/product\/memoria-usb-hp-64gb-3-1-x796w-flash-drive-metalico-retractil\/"},"modified":"2025-08-19T17:31:36","modified_gmt":"2025-08-19T17:31:36","slug":"memoria-usb-hp-64gb-3-1-x796w-flash-drive-metalico-retractil","status":"publish","type":"product","link":"https:\/\/tmp.compunegocios.com.pe\/index.php\/product\/memoria-usb-hp-64gb-3-1-x796w-flash-drive-metalico-retractil\/","title":{"rendered":"MEMORIA USB HP 64GB 3.1 X796W FLASH DRIVE MET\u00c1LICO RETR\u00c1CTIL"},"content":{"rendered":"<p>MEMORIA USB HP 64GB 3.1 X796W FLASH DRIVE MET\u00c1LICO RETR\u00c1CTIL<\/p>\n<p>MEMORIA HP USB 3.2 X796W 64GB SILVER<br \/>\nP\/N: HPFD796L-64<\/p>\n<p>La unidad flash USB HP x796w tiene un dise\u00f1o Push Pull ideal para almacenar grandes bibliotecas de archivos, que consisten en pel\u00edculas, im\u00e1genes de alta resoluci\u00f3n, m\u00fasica, representaciones y m\u00e1s. La apariencia de perfil bajo de HP x796w muestra su gusto inusual.<\/p>\n<p>Caracter\u00edsticas:<br \/>\nUSB 3.1 de 1.\u00aa generaci\u00f3n<br \/>\nCompatible con versiones anteriores con USB 2.0<br \/>\nHasta 30 veces m\u00e1s r\u00e1pido que las unidades flash USB 2.0 est\u00e1ndar<\/p>\n<p>Especificaciones:<\/p>\n<p>Capacidad: 64GB<br \/>\nInterfaz del dispositivo: USB tipo A<br \/>\nVersi\u00f3n USB: 3.2 Gen 1 (3.1 Gen 1)<br \/>\nVelocidad de lectura: 75 MB\/s<br \/>\nFactor de forma: Diapositiva<br \/>\nPeso: 13,9 gramos<\/p>\n","protected":false},"excerpt":{"rendered":"<p>&#8211;<\/p>\n","protected":false},"featured_media":14546,"template":"","meta":[],"pwb-brand":[340],"product_brand":[],"product_cat":[215],"product_tag":[],"class_list":{"0":"post-14531","1":"product","2":"type-product","3":"status-publish","4":"has-post-thumbnail","6":"pwb-brand-hp","7":"product_cat-215","9":"first","10":"instock","11":"taxable","12":"shipping-taxable","13":"purchasable","14":"product-type-simple"},"brands":[{"id":340,"name":"HP","slug":"hp"}],"_links":{"self":[{"href":"https:\/\/tmp.compunegocios.com.pe\/index.php\/wp-json\/wp\/v2\/product\/14531","targetHints":{"allow":["GET"]}}],"collection":[{"href":"https:\/\/tmp.compunegocios.com.pe\/index.php\/wp-json\/wp\/v2\/product"}],"about":[{"href":"https:\/\/tmp.compunegocios.com.pe\/index.php\/wp-json\/wp\/v2\/types\/product"}],"wp:featuredmedia":[{"embeddable":true,"href":"https:\/\/tmp.compunegocios.com.pe\/index.php\/wp-json\/wp\/v2\/media\/14546"}],"wp:attachment":[{"href":"https:\/\/tmp.compunegocios.com.pe\/index.php\/wp-json\/wp\/v2\/media?parent=14531"}],"wp:term":[{"taxonomy":"pwb-brand","embeddable":true,"href":"https:\/\/tmp.compunegocios.com.pe\/index.php\/wp-json\/wp\/v2\/pwb-brand?post=14531"},{"taxonomy":"product_brand","embeddable":true,"href":"https:\/\/tmp.compunegocios.com.pe\/index.php\/wp-json\/wp\/v2\/product_brand?post=14531"},{"taxonomy":"product_cat","embeddable":true,"href":"https:\/\/tmp.compunegocios.com.pe\/index.php\/wp-json\/wp\/v2\/product_cat?post=14531"},{"taxonomy":"product_tag","embeddable":true,"href":"https:\/\/tmp.compunegocios.com.pe\/index.php\/wp-json\/wp\/v2\/product_tag?post=14531"}],"curies":[{"name":"wp","href":"https:\/\/api.w.org\/{rel}","templated":true}]}}