{"id":14607,"date":"2024-01-20T22:37:36","date_gmt":"2024-01-20T22:37:36","guid":{"rendered":"http:\/\/compunegocios.com.pe\/index.php\/product\/teclado-mecanico-logitech-g413-retroiluminado-black\/"},"modified":"2025-08-19T17:31:52","modified_gmt":"2025-08-19T17:31:52","slug":"teclado-mecanico-logitech-g413-retroiluminado-black","status":"publish","type":"product","link":"https:\/\/tmp.compunegocios.com.pe\/index.php\/product\/teclado-mecanico-logitech-g413-retroiluminado-black\/","title":{"rendered":"TECLADO MECANICO LOGITECH G413 TKL SE RETROILUMINADO BLACK"},"content":{"rendered":"<p>TECLADO MECANICO LOGITECH G413 TKL SE RETROILUMINADO BLACK<\/p>\n<p>Dise\u00f1o para un desempe\u00f1o avanzado con las funciones adecuadas. La compacta carcasa de aleaci\u00f3n de aluminio tiene, entre otras cosas, paso de USB, teclas con retroiluminaci\u00f3n e interruptores mec\u00e1nicos Romer-G.<\/p>\n<p>DIMENSIONES<br \/>\nAltura: 290 mm<br \/>\nAncho: 445 mm<br \/>\nProfundidad: 34 mm<br \/>\nPeso sin cable: 1.105 g<br \/>\nCable: 1,8 m<\/p>\n<p>ESPECIFICACIONES T\u00c9CNICAS<\/p>\n<p>INTERRUPTORES MEC\u00c1NICOS ROMER G<br \/>\nDURABILIDAD: 70 millones de pulsaciones de teclas<br \/>\nDistancia de actuaci\u00f3n: 1,5 mm<br \/>\nFuerza de actuaci\u00f3n: 45 g<br \/>\nRecorrido total: 3,2 mm<\/p>\n<p>TIPO DE CONEXI\u00d3N<br \/>\nUSB tipo A (con cable)<br \/>\nProtocolo USB: USB 2.0<br \/>\nVelocidad USB: Velocidad m\u00e1xima<br \/>\nIndicadores luminosos (LED): 2 (hasta 1080p)<br \/>\nPuertos USB (integrados): 1, USB 2.0<\/p>\n<p>RETROILUMINACI\u00d3N<br \/>\nUn color (5 niveles de intensidad predefinidos)<br \/>\nG413 Silver: Blanco<br \/>\nG413 Carbon: Rojo<\/p>\n<p>BOTONES\/TECLAS ESPECIALES<br \/>\nConmutador de retroiluminaci\u00f3n: FN + F7<br \/>\nModo de juego: FN + F8<br \/>\nControles multimedia: FN + F9\/ F10\/F11\/F12<\/p>\n","protected":false},"excerpt":{"rendered":"<p>&#8211;<\/p>\n","protected":false},"featured_media":14620,"template":"","meta":[],"pwb-brand":[],"product_brand":[],"product_cat":[187],"product_tag":[],"class_list":{"0":"post-14607","1":"product","2":"type-product","3":"status-publish","4":"has-post-thumbnail","6":"product_cat-187","8":"first","9":"instock","10":"taxable","11":"shipping-taxable","12":"purchasable","13":"product-type-simple"},"brands":[],"_links":{"self":[{"href":"https:\/\/tmp.compunegocios.com.pe\/index.php\/wp-json\/wp\/v2\/product\/14607","targetHints":{"allow":["GET"]}}],"collection":[{"href":"https:\/\/tmp.compunegocios.com.pe\/index.php\/wp-json\/wp\/v2\/product"}],"about":[{"href":"https:\/\/tmp.compunegocios.com.pe\/index.php\/wp-json\/wp\/v2\/types\/product"}],"wp:featuredmedia":[{"embeddable":true,"href":"https:\/\/tmp.compunegocios.com.pe\/index.php\/wp-json\/wp\/v2\/media\/14620"}],"wp:attachment":[{"href":"https:\/\/tmp.compunegocios.com.pe\/index.php\/wp-json\/wp\/v2\/media?parent=14607"}],"wp:term":[{"taxonomy":"pwb-brand","embeddable":true,"href":"https:\/\/tmp.compunegocios.com.pe\/index.php\/wp-json\/wp\/v2\/pwb-brand?post=14607"},{"taxonomy":"product_brand","embeddable":true,"href":"https:\/\/tmp.compunegocios.com.pe\/index.php\/wp-json\/wp\/v2\/product_brand?post=14607"},{"taxonomy":"product_cat","embeddable":true,"href":"https:\/\/tmp.compunegocios.com.pe\/index.php\/wp-json\/wp\/v2\/product_cat?post=14607"},{"taxonomy":"product_tag","embeddable":true,"href":"https:\/\/tmp.compunegocios.com.pe\/index.php\/wp-json\/wp\/v2\/product_tag?post=14607"}],"curies":[{"name":"wp","href":"https:\/\/api.w.org\/{rel}","templated":true}]}}