{"id":14608,"date":"2024-01-20T22:40:59","date_gmt":"2024-01-20T22:40:59","guid":{"rendered":"http:\/\/compunegocios.com.pe\/index.php\/product\/audifono-gamer-xblade-piranha-gxb-es9280-rgb-con-microfono-usb-iluminado\/"},"modified":"2025-08-19T17:31:53","modified_gmt":"2025-08-19T17:31:53","slug":"audifono-gamer-xblade-piranha-gxb-es9280-rgb-con-microfono-usb-iluminado","status":"publish","type":"product","link":"https:\/\/tmp.compunegocios.com.pe\/index.php\/product\/audifono-gamer-xblade-piranha-gxb-es9280-rgb-con-microfono-usb-iluminado\/","title":{"rendered":"AUD\u00cdFONO GAMER XBLADE PIRANHA GXB-ES9280 RGB CON MICR\u00d3FONO USB ILUMINADO"},"content":{"rendered":"<p>AUD\u00cdFONO GAMER XBLADE PIRANHA GXB-ES9280 RGB CON MICR\u00d3FONO USB ILUMINADO<\/p>\n<p>ESPECIFICACIONES<br \/>\nAUD\u00cdFONO C\/MICROF. XBLADE GAMING PIRANHA BLACK<br \/>\nNROPARTE: GXB-ES9280<br \/>\nMODELO: PIRANHA<br \/>\nDi\u00e1metro del auricular \u03a650mm<br \/>\nImpedancia 32\u03a9 \u00b1 15%<br \/>\nFrecuencia de respuesta 20-20KHZ<br \/>\nSensibilidad del auricular 115db\u00b13db<br \/>\nImpedancia del micr\u00f3fono &lt;2.2K\u03a9<br \/>\nSensibilidad del micr\u00f3fono -42db \u00b1 3db<br \/>\nFrecuencia de respuesta del micr\u00f3fono 20-16KHZ<br \/>\nPotencia nominal 30mw<br \/>\nCable trenzado de 2.1m \u00b1 3mm<\/p>\n","protected":false},"excerpt":{"rendered":"<p>&#8211;<\/p>\n","protected":false},"featured_media":14624,"template":"","meta":[],"pwb-brand":[],"product_brand":[],"product_cat":[161],"product_tag":[],"class_list":{"0":"post-14608","1":"product","2":"type-product","3":"status-publish","4":"has-post-thumbnail","6":"product_cat-161","8":"first","9":"instock","10":"taxable","11":"shipping-taxable","12":"purchasable","13":"product-type-simple"},"brands":[],"_links":{"self":[{"href":"https:\/\/tmp.compunegocios.com.pe\/index.php\/wp-json\/wp\/v2\/product\/14608","targetHints":{"allow":["GET"]}}],"collection":[{"href":"https:\/\/tmp.compunegocios.com.pe\/index.php\/wp-json\/wp\/v2\/product"}],"about":[{"href":"https:\/\/tmp.compunegocios.com.pe\/index.php\/wp-json\/wp\/v2\/types\/product"}],"wp:featuredmedia":[{"embeddable":true,"href":"https:\/\/tmp.compunegocios.com.pe\/index.php\/wp-json\/wp\/v2\/media\/14624"}],"wp:attachment":[{"href":"https:\/\/tmp.compunegocios.com.pe\/index.php\/wp-json\/wp\/v2\/media?parent=14608"}],"wp:term":[{"taxonomy":"pwb-brand","embeddable":true,"href":"https:\/\/tmp.compunegocios.com.pe\/index.php\/wp-json\/wp\/v2\/pwb-brand?post=14608"},{"taxonomy":"product_brand","embeddable":true,"href":"https:\/\/tmp.compunegocios.com.pe\/index.php\/wp-json\/wp\/v2\/product_brand?post=14608"},{"taxonomy":"product_cat","embeddable":true,"href":"https:\/\/tmp.compunegocios.com.pe\/index.php\/wp-json\/wp\/v2\/product_cat?post=14608"},{"taxonomy":"product_tag","embeddable":true,"href":"https:\/\/tmp.compunegocios.com.pe\/index.php\/wp-json\/wp\/v2\/product_tag?post=14608"}],"curies":[{"name":"wp","href":"https:\/\/api.w.org\/{rel}","templated":true}]}}