{"id":14609,"date":"2024-01-20T22:44:24","date_gmt":"2024-01-20T22:44:24","guid":{"rendered":"http:\/\/compunegocios.com.pe\/index.php\/product\/webcam-logitech-c270-hd-720p-30fps-microfono-integrado\/"},"modified":"2025-09-24T17:16:43","modified_gmt":"2025-09-24T17:16:43","slug":"webcam-logitech-c270-hd-720p-30fps-microfono-integrado","status":"publish","type":"product","link":"https:\/\/tmp.compunegocios.com.pe\/index.php\/product\/webcam-logitech-c270-hd-720p-30fps-microfono-integrado\/","title":{"rendered":"WEBCAM LOGITECH C270 HD 720P\/30FPS MICR\u00d3FONO INTEGRADO"},"content":{"rendered":"<p>WEBCAM LOGITECH C270 HD 720P\/30FPS MICR\u00d3FONO INTEGRADO<\/p>\n<p>La c\u00e1mara web HD C270 ofrece conferencias n\u00edtidas y fluidas en pantalla panor\u00e1mica. La correcci\u00f3n de iluminaci\u00f3n autom\u00e1tica produce colores reales y naturales.<\/p>\n<p>Especificaciones y detalles<\/p>\n<p>Dimensiones<br \/>\nDimensiones con clip de montaje acoplado<br \/>\nAltura: 72,91 mm<br \/>\nAncho: 31,91 mm<br \/>\nProfundidad: 66,64 mm<br \/>\nLongitud del cable: 1,5 m<br \/>\nPeso: 75 g<\/p>\n<p>Especificaciones t\u00e9cnicas<br \/>\nResoluci\u00f3n m\u00e1xima: 720p\/30 fps<br \/>\nC\u00e1mara mega pixel: 0.9<br \/>\nTipo de enfoque: foco fijo<br \/>\nTipo de lente: Pl\u00e1stico<br \/>\nMicr\u00f3fono integrado: Mono<br \/>\nRadio de micr\u00f3fono: Hasta 1 m<br \/>\nCampo visual diagonal (dFoV): 55\u00b0<br \/>\nClip de montaje universal listo para laptops, LCD o monitores<\/p>\n","protected":false},"excerpt":{"rendered":"<p>&#8211;<\/p>\n","protected":false},"featured_media":14627,"template":"","meta":[],"pwb-brand":[],"product_brand":[],"product_cat":[160],"product_tag":[],"class_list":{"0":"post-14609","1":"product","2":"type-product","3":"status-publish","4":"has-post-thumbnail","6":"product_cat-160","8":"first","9":"instock","10":"taxable","11":"shipping-taxable","12":"purchasable","13":"product-type-simple"},"brands":[],"_links":{"self":[{"href":"https:\/\/tmp.compunegocios.com.pe\/index.php\/wp-json\/wp\/v2\/product\/14609","targetHints":{"allow":["GET"]}}],"collection":[{"href":"https:\/\/tmp.compunegocios.com.pe\/index.php\/wp-json\/wp\/v2\/product"}],"about":[{"href":"https:\/\/tmp.compunegocios.com.pe\/index.php\/wp-json\/wp\/v2\/types\/product"}],"wp:featuredmedia":[{"embeddable":true,"href":"https:\/\/tmp.compunegocios.com.pe\/index.php\/wp-json\/wp\/v2\/media\/14627"}],"wp:attachment":[{"href":"https:\/\/tmp.compunegocios.com.pe\/index.php\/wp-json\/wp\/v2\/media?parent=14609"}],"wp:term":[{"taxonomy":"pwb-brand","embeddable":true,"href":"https:\/\/tmp.compunegocios.com.pe\/index.php\/wp-json\/wp\/v2\/pwb-brand?post=14609"},{"taxonomy":"product_brand","embeddable":true,"href":"https:\/\/tmp.compunegocios.com.pe\/index.php\/wp-json\/wp\/v2\/product_brand?post=14609"},{"taxonomy":"product_cat","embeddable":true,"href":"https:\/\/tmp.compunegocios.com.pe\/index.php\/wp-json\/wp\/v2\/product_cat?post=14609"},{"taxonomy":"product_tag","embeddable":true,"href":"https:\/\/tmp.compunegocios.com.pe\/index.php\/wp-json\/wp\/v2\/product_tag?post=14609"}],"curies":[{"name":"wp","href":"https:\/\/api.w.org\/{rel}","templated":true}]}}