{"id":14610,"date":"2024-01-20T22:52:19","date_gmt":"2024-01-20T22:52:19","guid":{"rendered":"http:\/\/compunegocios.com.pe\/index.php\/product\/puntero-laser-logitech-r400-inalambrico-usb-p-n-910-001354\/"},"modified":"2025-08-19T17:31:55","modified_gmt":"2025-08-19T17:31:55","slug":"puntero-laser-logitech-r400-inalambrico-usb-p-n-910-001354","status":"publish","type":"product","link":"https:\/\/tmp.compunegocios.com.pe\/index.php\/product\/puntero-laser-logitech-r400-inalambrico-usb-p-n-910-001354\/","title":{"rendered":"PUNTERO L\u00c1SER LOGITECH R400 INALAMBRICO USB P\/N 910-001354"},"content":{"rendered":"<p>PUNTERO L\u00c1SER LOGITECH R400 INALAMBRICO USB P\/N 910-001354<\/p>\n<p>Tendr\u00e1s el control desde la primera diapositiva hasta la \u00faltima. Los botones se encuentran f\u00e1cilmente al tacto. Y los suaves contornos ofrecen una estupenda sensaci\u00f3n en la mano.<\/p>\n<p>Dimensiones<br \/>\nRemoto inal\u00e1mbrico para presentaciones<br \/>\nAltura: 115,5 mm<br \/>\nAncho: 37,8 mm<br \/>\nProfundidad: 27,4 mm<br \/>\nPeso: 57 g<br \/>\nReceptor<br \/>\nAltura: 58,6 mm<br \/>\nAncho: 16,5 mm<br \/>\nProfundidad: 7,9 mm<br \/>\nPeso: 6 g<\/p>\n<p>Especificaciones t\u00e9cnicas<br \/>\nL\u00e1ser<br \/>\nClase: L\u00e1ser 2<br \/>\nSalida m\u00e1x.: Menos de 1 mW<br \/>\nLongitud de onda: 640\uff5e660nm (luz roja)<br \/>\nPilas<br \/>\nTipo de bater\u00edas: Dos bater\u00edas AAA<br \/>\nDuraci\u00f3n de bater\u00edas (puntero l\u00e1ser): 20 horas m\u00e1x.<br \/>\nDuraci\u00f3n de bater\u00edas (dispositivo de presentaci\u00f3n): 1050 horas m\u00e1x.<br \/>\nConectividad<br \/>\nTecnolog\u00eda inal\u00e1mbrica: Tecnolog\u00eda inal\u00e1mbrica de 2,4 GHz<br \/>\nDistancia de funcionamiento: Aprox. 10 m 1Depende del uso y del equipo.<\/p>\n","protected":false},"excerpt":{"rendered":"<p>&#8211;<\/p>\n","protected":false},"featured_media":14632,"template":"","meta":[],"pwb-brand":[],"product_brand":[],"product_cat":[196],"product_tag":[],"class_list":{"0":"post-14610","1":"product","2":"type-product","3":"status-publish","4":"has-post-thumbnail","6":"product_cat-196","8":"first","9":"outofstock","10":"taxable","11":"shipping-taxable","12":"purchasable","13":"product-type-simple"},"brands":[],"_links":{"self":[{"href":"https:\/\/tmp.compunegocios.com.pe\/index.php\/wp-json\/wp\/v2\/product\/14610","targetHints":{"allow":["GET"]}}],"collection":[{"href":"https:\/\/tmp.compunegocios.com.pe\/index.php\/wp-json\/wp\/v2\/product"}],"about":[{"href":"https:\/\/tmp.compunegocios.com.pe\/index.php\/wp-json\/wp\/v2\/types\/product"}],"wp:featuredmedia":[{"embeddable":true,"href":"https:\/\/tmp.compunegocios.com.pe\/index.php\/wp-json\/wp\/v2\/media\/14632"}],"wp:attachment":[{"href":"https:\/\/tmp.compunegocios.com.pe\/index.php\/wp-json\/wp\/v2\/media?parent=14610"}],"wp:term":[{"taxonomy":"pwb-brand","embeddable":true,"href":"https:\/\/tmp.compunegocios.com.pe\/index.php\/wp-json\/wp\/v2\/pwb-brand?post=14610"},{"taxonomy":"product_brand","embeddable":true,"href":"https:\/\/tmp.compunegocios.com.pe\/index.php\/wp-json\/wp\/v2\/product_brand?post=14610"},{"taxonomy":"product_cat","embeddable":true,"href":"https:\/\/tmp.compunegocios.com.pe\/index.php\/wp-json\/wp\/v2\/product_cat?post=14610"},{"taxonomy":"product_tag","embeddable":true,"href":"https:\/\/tmp.compunegocios.com.pe\/index.php\/wp-json\/wp\/v2\/product_tag?post=14610"}],"curies":[{"name":"wp","href":"https:\/\/api.w.org\/{rel}","templated":true}]}}