{"id":14613,"date":"2024-01-20T23:10:47","date_gmt":"2024-01-20T23:10:47","guid":{"rendered":"http:\/\/compunegocios.com.pe\/index.php\/product\/mouse-gamer-logitech-g502-ligthspeed-inalambrico\/"},"modified":"2025-08-19T17:31:56","modified_gmt":"2025-08-19T17:31:56","slug":"mouse-gamer-logitech-g502-ligthspeed-inalambrico","status":"publish","type":"product","link":"https:\/\/tmp.compunegocios.com.pe\/index.php\/product\/mouse-gamer-logitech-g502-ligthspeed-inalambrico\/","title":{"rendered":"MOUSE GAMER LOGITECH G502 LIGHTSPEED INAL\u00c1MBRICO"},"content":{"rendered":"<p>MOUSE GAMER LOGITECH G502 LIGHTSPEED INAL\u00c1MBRICO<\/p>\n<p>Mouse inal\u00e1mbrico para juego LIGHTSPEED<br \/>\nEl dise\u00f1o emblem\u00e1tico del G502 se combina con la tecnolog\u00eda inal\u00e1mbrica LIGHTSPEED de calidad profesional para una conectividad ultrarr\u00e1pida y fiable. El sensor HERO 25K cuenta con un seguimiento submicr\u00f3nico. Compatible con POWERPLAY para una carga continua tanto en reposo como en juego.<\/p>\n<p>ESPECIFICACIONES F\u00cdSICAS<br \/>\nAltura: 290 mm<br \/>\nAncho: 75 mm<br \/>\nProfundidad: 40 mm<br \/>\nPeso: 114 g (solo mouse)<br \/>\nPesas adicionales opcionales: hasta: 16 g<\/p>\n<p>SEGUIMIENTO<br \/>\nSensor: HERO 2<br \/>\nResoluci\u00f3n: 100 \u2013 25.600 dpi<br \/>\nSin suavizado\/aceleraci\u00f3n\/filtros<br \/>\nAceleraci\u00f3n m\u00e1x.: &gt;40 G 1Pruebas realizadas en Logitech G240 Gaming Mouse Pad<br \/>\nVelocidad m\u00e1x.: &gt;400 IPS 2Pruebas realizadas en Logitech G240 Gaming Mouse Pad<\/p>\n<p>RESPUESTA<br \/>\nFormato de datos USB: 16 bits\/eje<br \/>\nVelocidad de respuesta USB: 1 ms (1.000 Hz)<br \/>\nVelocidad de respuesta inal\u00e1mbrica: 1 ms (1.000 Hz)<br \/>\nTecnolog\u00eda inal\u00e1mbrica: Tecnolog\u00eda inal\u00e1mbrica LIGHTSPEED<br \/>\nMicroprocesador: ARM de 32 bits<\/p>\n<p>DURABILIDAD<br \/>\nPies de PTFE: Recorrido de 250 km 3Pruebas realizadas en Logitech G240 Gaming Mouse Pad<br \/>\nDURACI\u00d3N DE BATER\u00cdA (USO ININTERRUMPIDO)4<br \/>\nIluminaci\u00f3n predeterminada: hasta 48 horas<br \/>\nSin iluminaci\u00f3n: hasta 60 horas<\/p>\n<p>OTRAS FUNCIONES<br \/>\nBot\u00f3n rueda con desplazamiento superr\u00e1pido<br \/>\nCompatible con POWERPLAY<br \/>\nMemoria integrada<br \/>\nRGB LIGHTSYNC: 2 zonas<br \/>\nSistema mec\u00e1nico de tensi\u00f3n de botones<\/p>\n","protected":false},"excerpt":{"rendered":"<p>&#8211;<\/p>\n","protected":false},"featured_media":14637,"template":"","meta":[],"pwb-brand":[],"product_brand":[],"product_cat":[194],"product_tag":[],"class_list":{"0":"post-14613","1":"product","2":"type-product","3":"status-publish","4":"has-post-thumbnail","6":"product_cat-194","8":"first","9":"outofstock","10":"taxable","11":"shipping-taxable","12":"purchasable","13":"product-type-simple"},"brands":[],"_links":{"self":[{"href":"https:\/\/tmp.compunegocios.com.pe\/index.php\/wp-json\/wp\/v2\/product\/14613","targetHints":{"allow":["GET"]}}],"collection":[{"href":"https:\/\/tmp.compunegocios.com.pe\/index.php\/wp-json\/wp\/v2\/product"}],"about":[{"href":"https:\/\/tmp.compunegocios.com.pe\/index.php\/wp-json\/wp\/v2\/types\/product"}],"wp:featuredmedia":[{"embeddable":true,"href":"https:\/\/tmp.compunegocios.com.pe\/index.php\/wp-json\/wp\/v2\/media\/14637"}],"wp:attachment":[{"href":"https:\/\/tmp.compunegocios.com.pe\/index.php\/wp-json\/wp\/v2\/media?parent=14613"}],"wp:term":[{"taxonomy":"pwb-brand","embeddable":true,"href":"https:\/\/tmp.compunegocios.com.pe\/index.php\/wp-json\/wp\/v2\/pwb-brand?post=14613"},{"taxonomy":"product_brand","embeddable":true,"href":"https:\/\/tmp.compunegocios.com.pe\/index.php\/wp-json\/wp\/v2\/product_brand?post=14613"},{"taxonomy":"product_cat","embeddable":true,"href":"https:\/\/tmp.compunegocios.com.pe\/index.php\/wp-json\/wp\/v2\/product_cat?post=14613"},{"taxonomy":"product_tag","embeddable":true,"href":"https:\/\/tmp.compunegocios.com.pe\/index.php\/wp-json\/wp\/v2\/product_tag?post=14613"}],"curies":[{"name":"wp","href":"https:\/\/api.w.org\/{rel}","templated":true}]}}