{"id":14644,"date":"2024-01-21T01:14:25","date_gmt":"2024-01-21T01:14:25","guid":{"rendered":"http:\/\/compunegocios.com.pe\/index.php\/product\/laptop-gamer-hp-victus-15-fb0135la-ryzen-5-5600h-8gb-ram-512gb-ssd-4gb-rtx3050-89r74la\/"},"modified":"2025-08-19T17:31:58","modified_gmt":"2025-08-19T17:31:58","slug":"laptop-gamer-hp-victus-15-fb0135la-ryzen-5-5600h-8gb-ram-512gb-ssd-4gb-rtx3050-89r74la","status":"publish","type":"product","link":"https:\/\/tmp.compunegocios.com.pe\/index.php\/product\/laptop-gamer-hp-victus-15-fb0135la-ryzen-5-5600h-8gb-ram-512gb-ssd-4gb-rtx3050-89r74la\/","title":{"rendered":"LAPTOP GAMER HP VICTUS 15-FB0135LA Ryzen 5-5600H 8GB RAM 512GB SSD 4GB RTX3050 (PN: 89R74LA#ABM)"},"content":{"rendered":"<p>LAPTOP GAMER HP VICTUS 15-FB0135LA Ryzen 5-5600H 8GB RAM 512GB SSD 4GB RTX3050 (PN: 89R74LA#ABM)<\/p>\n<p>Eleva tu juego hasta donde quieras llegar con la nueva HP Victus Gaming 15 Laptop. Dise\u00f1o sustentable con procesador AMD Cezanne-H, gr\u00e1ficos hasta NVIDIA\u00ae GeForce\u00ae RTX 3050, WiFi6 y SSD ultrar\u00e1pido que se adapta a tu estilo de juego y es perfecta para jugadores casuales o para los que necesitan poder para todo.<\/p>\n<p>Especificaciones:<br \/>\nSistema operativo: FreeDOS 3.0<br \/>\nProcesador: AMD Ryzen\u2122 5 5600H (aumento m\u00e1ximo de hasta 4,2 GHz, 16 MB de cach\u00e9 L3, 6 n\u00facleos, 12 subprocesos) 1 2<br \/>\nGr\u00e1ficos: GPU NVIDIA\u00ae GeForce RTX\u2122 3050 para laptop (GDDR6 de 4 GB dedicada)<br \/>\nMemoria: 8 GB de RAM DDR4-3200 MHz (1 x 8 GB)<br \/>\n(Velocidades de transferencia de hasta 3200 MT\/s)<br \/>\nAlmacenamiento interno: Unidad de estado s\u00f3lido PCIe\u00ae Gen4 NVMe\u2122 TLC M.2 de 512 GB<br \/>\nPantalla: 15.6&#8243; diagonal, FHD (1920 x 1080), 144 Hz, 9 ms response time, IPS, micro-edge, anti-glare, 250 nits, 45% NTSC 3<br \/>\nPantalla FHD, IPS, antirreflectante, con tiempo de respuesta de 9 ms y microbordes, de 144 Hz, 39,6 cm (15,6&#8243;) en diagonal, 250 nits y 45 % de NTSC (1920 x 1080) 3<br \/>\nDimensiones m\u00ednimas: 35,79 x 25,5 x 2,35 cm<br \/>\nPeso: 2,29 kg<br \/>\nTipo de bater\u00eda: Pol\u00edmero de iones de litio, de 4 celdas y 70 Wh<br \/>\nDuraci\u00f3n de la bater\u00eda: Hasta 10 horas<br \/>\nInal\u00e1mbrico: Tarjeta inal\u00e1mbrica MediaTek Wi-Fi 6 MT7921 (2&#215;2) y Bluetooth\u00ae 5.3 (compatible con velocidad de datos de Gigabit) 8 9 10 (Compatible con MU-MIMO; Modo de espera moderno (conectado))<br \/>\nInterfaz de red\tLAN 10\/100\/1000 GbE integrada<br \/>\nColor de producto: Plata mica, logotipo cromado negro<br \/>\nTeclado: Teclado de tama\u00f1o completo, con retroiluminaci\u00f3n, de color plata mica y teclado num\u00e9rico<br \/>\nC\u00e1mara Web: C\u00e1mara HD HP Wide Vision de 720p con reducci\u00f3n de ruido temporal y micr\u00f3fonos digitales integrados de doble matriz<br \/>\nFunciones de audio: Audio by B&amp;O; Altavoces dobles; HP Audio Boost<br \/>\nRanuras de expansi\u00f3n: 1 lector de tarjetas SD multiformato<br \/>\nPuertos: 1 USB Type-C\u00ae con velocidad de se\u00f1alizaci\u00f3n de 5 Gb\/s (DisplayPort\u2122 1.4, HP Sleep and Charge); 1 USB Tipo-A con velocidad de se\u00f1alizaci\u00f3n de 5 Gb\/s (HP Sleep and Charge); 1 USB Tipo-A con velocidad de se\u00f1alizaci\u00f3n de 5 Gb\/s; 1 HDMI 2.1; 1 RJ-45; 1 pin inteligente de CA; 1 combinaci\u00f3n de auriculares\/micr\u00f3fono 11<br \/>\nTipo de fuente de alimentaci\u00f3n: Adaptador de alimentaci\u00f3n de CA inteligente de 200 W<\/p>\n","protected":false},"excerpt":{"rendered":"<p>&#8211;<\/p>\n","protected":false},"featured_media":14667,"template":"","meta":[],"pwb-brand":[336,340],"product_brand":[],"product_cat":[25],"product_tag":[],"class_list":{"0":"post-14644","1":"product","2":"type-product","3":"status-publish","4":"has-post-thumbnail","6":"pwb-brand-amd","7":"pwb-brand-hp","8":"product_cat-25","10":"first","11":"instock","12":"taxable","13":"shipping-taxable","14":"purchasable","15":"product-type-simple"},"brands":[{"id":336,"name":"AMD","slug":"amd"},{"id":340,"name":"HP","slug":"hp"}],"_links":{"self":[{"href":"https:\/\/tmp.compunegocios.com.pe\/index.php\/wp-json\/wp\/v2\/product\/14644","targetHints":{"allow":["GET"]}}],"collection":[{"href":"https:\/\/tmp.compunegocios.com.pe\/index.php\/wp-json\/wp\/v2\/product"}],"about":[{"href":"https:\/\/tmp.compunegocios.com.pe\/index.php\/wp-json\/wp\/v2\/types\/product"}],"wp:featuredmedia":[{"embeddable":true,"href":"https:\/\/tmp.compunegocios.com.pe\/index.php\/wp-json\/wp\/v2\/media\/14667"}],"wp:attachment":[{"href":"https:\/\/tmp.compunegocios.com.pe\/index.php\/wp-json\/wp\/v2\/media?parent=14644"}],"wp:term":[{"taxonomy":"pwb-brand","embeddable":true,"href":"https:\/\/tmp.compunegocios.com.pe\/index.php\/wp-json\/wp\/v2\/pwb-brand?post=14644"},{"taxonomy":"product_brand","embeddable":true,"href":"https:\/\/tmp.compunegocios.com.pe\/index.php\/wp-json\/wp\/v2\/product_brand?post=14644"},{"taxonomy":"product_cat","embeddable":true,"href":"https:\/\/tmp.compunegocios.com.pe\/index.php\/wp-json\/wp\/v2\/product_cat?post=14644"},{"taxonomy":"product_tag","embeddable":true,"href":"https:\/\/tmp.compunegocios.com.pe\/index.php\/wp-json\/wp\/v2\/product_tag?post=14644"}],"curies":[{"name":"wp","href":"https:\/\/api.w.org\/{rel}","templated":true}]}}