{"id":14722,"date":"2024-01-23T15:13:56","date_gmt":"2024-01-23T15:13:56","guid":{"rendered":"http:\/\/compunegocios.com.pe\/index.php\/product\/impresora-kyocera-ecosys-m3655idn-multifuncional-laser-a4\/"},"modified":"2025-08-19T17:32:11","modified_gmt":"2025-08-19T17:32:11","slug":"impresora-kyocera-ecosys-m3655idn-multifuncional-laser-a4","status":"publish","type":"product","link":"https:\/\/tmp.compunegocios.com.pe\/index.php\/product\/impresora-kyocera-ecosys-m3655idn-multifuncional-laser-a4\/","title":{"rendered":"IMPRESORA KYOCERA ECOSYS M3655IDN MULTIFUNCIONAL LASER A4"},"content":{"rendered":"<p>IMPRESORA KYOCERA ECOSYS M3655IDN MULTIFUNCIONAL LASER A4<\/p>\n<p>Esta multifuncional es perfecta para equipos din\u00e1micos con altas exigencias de productividad y eficiencia de software, al tiempo que ofrece costes de funcionamiento excepcionalmente bajos.<\/p>\n<p> Impresi\u00f3n a doble cara, esc\u00e1ner a color, copia y fax.<br \/>\n Escaneado r\u00e1pido con el alimentador de escaneo d\u00faplex Single pass.<br \/>\n Reducci\u00f3n de costes.<br \/>\n Pantalla t\u00e1ctil 7 pulgadas.<br \/>\n Proporcionar OCR y las posibilidades de escaneo de Microsoft Office (opci\u00f3n).<br \/>\n A\u00f1ade funcionalidades gracias a la plataforma de soluciones HyPAS\u2122.<br \/>\nGeneral<\/p>\n<p>Tipo<br \/>\nMultifuncional monocromo A4<br \/>\nVelocidad (ppm)<br \/>\nHasta 55 ppm Velocidad de impresi\u00f3n en d\u00faplex: 39,5 ppm<br \/>\nTiempo de calentamiento (seg.)<br \/>\n25 segundos o menos<br \/>\nConsumo de energ\u00eda<br \/>\nImprimiendo: 711 W Copiando: 731 W<br \/>\nManejo de papel<br \/>\nCapacidad de entrada<br \/>\nBypass de 100 hojas, 60\u2013220 g\/m\u00b2, A4, A5, A6, B5, B6, Carta, Legal, Folio, personalizado (70 x 148 &#8211; 216 x 356 mm); Dep\u00f3sito universal de 500 hojas, 60-120 g\/m\u00b2, A4, A5, A6, B5, B6, Carta, Legal, Folio, personalizado (105 x 148 &#8211; 216 x 356 mm)<br \/>\nCapacidad de entrada con opciones (hojas)<br \/>\n2.600 hojas<br \/>\nUnidad d\u00faplex<br \/>\nD\u00faplex de serie, 60-120 g\/m\u00b2, A4, A5, B5, Carta, Legal<br \/>\nCapacidad de salida (hojas)<br \/>\n500 hojas cara abajo con sensor y 250 hojas cara arriba con PT-320<br \/>\nAlimentador de documentos<br \/>\nAlimentador de documentos a doble cara de una sola pasada: 100 originales, 50-120g\/m\u00b2, A4, A5, A6, B5, Carta, Legal, personalizado (105 x 148\u2013216 x 356 mm)<br \/>\nImpresi\u00f3n<br \/>\nProcesador<br \/>\nARM Cortex-A9 1,2 GHz<br \/>\nFuentes<br \/>\n93 fuentes escalables (PCL6, KPDL 3), 8 fuentes (Windows), 1 fuente bitmap, 45 tipos de c\u00f3digos de barras de una dimensi\u00f3n y 1 c\u00f3digo de barras de 2 dimensiones (PDF-417)<br \/>\nFunciones de impresora<br \/>\nImpresi\u00f3n ecta de PDF encriptados, impresi\u00f3n IPP, impresi\u00f3n de e-mail, impresi\u00f3n WSD, impresi\u00f3n segura v\u00eda SSL, IPsec, SNMPv3<br \/>\nSistemas operativos<br \/>\nTodos los sistemas operativos de Windows, MAC OS versiones 10.8 o superior, UNIX, LINUX, as\u00ed como otros sistemas operativos bajo petici\u00f3n<br \/>\nCopia<br \/>\nTama\u00f1o m\u00e1x. de original<br \/>\nA4\/Legal<br \/>\nCopia continua<br \/>\n1 &#8211; 999<br \/>\nZoom<br \/>\n25 &#8211; 400 % en incrementos del 1%<br \/>\nPorcentajes de ampliaci\u00f3n\/reducci\u00f3n<br \/>\n7R\/5E<br \/>\nAjustes de la imagen<br \/>\nTexto + foto, texto, foto, gr\u00e1fico\/mapa<br \/>\nFunciones de copia digital<br \/>\nClasificaci\u00f3n electr\u00f3nica, copia de DNI, 2en1, 4en1, cambio de dep\u00f3sito autom\u00e1tico, eliminaci\u00f3n de p\u00e1ginas en blanco<br \/>\nEsc\u00e1ner<\/p>\n<p>Funcionalidad<br \/>\nEnv\u00edo a e-mail, a FTP, a SMB, a USB, a buz\u00f3n, a TWAIN (red), WSD y WIA<br \/>\nVelocidad de escaneo (ipm)<br \/>\n60 ipm (300 ppp, A4 B\/N), 40 ipm (300 ppp, A4 color), 100 ipm (300 ppp, A4 B\/N) (d\u00faplex), 64 ipm (300 ppp, A4 color) (d\u00faplex)<br \/>\nFunciones de esc\u00e1ner<br \/>\nEsc\u00e1ner de banner, esc\u00e1ner a color, libreta de ecciones integrada, compatibilidad con ectorio activo, transferencia de datos encriptados, env\u00edo m\u00faltiple (e-mail, fax, carpeta SMB\/FTP, impresi\u00f3n) de una vez, eliminaci\u00f3n de p\u00e1gina en blanco<br \/>\nResoluci\u00f3n de escaneo (ppp)<br \/>\n600, 400, 300, 200 ppp (256 escala de grises)<br \/>\nTama\u00f1o m\u00e1x. de escaneo<br \/>\nA4 \/ Legal<br \/>\nFormato de archivo<br \/>\nTIFF, PDF, PDF\/A,<\/p>\n","protected":false},"excerpt":{"rendered":"<p>&#8211;<\/p>\n","protected":false},"featured_media":14736,"template":"","meta":[],"pwb-brand":[],"product_brand":[],"product_cat":[206],"product_tag":[],"class_list":{"0":"post-14722","1":"product","2":"type-product","3":"status-publish","4":"has-post-thumbnail","6":"product_cat-206","8":"first","9":"outofstock","10":"taxable","11":"shipping-taxable","12":"purchasable","13":"product-type-simple"},"brands":[],"_links":{"self":[{"href":"https:\/\/tmp.compunegocios.com.pe\/index.php\/wp-json\/wp\/v2\/product\/14722","targetHints":{"allow":["GET"]}}],"collection":[{"href":"https:\/\/tmp.compunegocios.com.pe\/index.php\/wp-json\/wp\/v2\/product"}],"about":[{"href":"https:\/\/tmp.compunegocios.com.pe\/index.php\/wp-json\/wp\/v2\/types\/product"}],"wp:featuredmedia":[{"embeddable":true,"href":"https:\/\/tmp.compunegocios.com.pe\/index.php\/wp-json\/wp\/v2\/media\/14736"}],"wp:attachment":[{"href":"https:\/\/tmp.compunegocios.com.pe\/index.php\/wp-json\/wp\/v2\/media?parent=14722"}],"wp:term":[{"taxonomy":"pwb-brand","embeddable":true,"href":"https:\/\/tmp.compunegocios.com.pe\/index.php\/wp-json\/wp\/v2\/pwb-brand?post=14722"},{"taxonomy":"product_brand","embeddable":true,"href":"https:\/\/tmp.compunegocios.com.pe\/index.php\/wp-json\/wp\/v2\/product_brand?post=14722"},{"taxonomy":"product_cat","embeddable":true,"href":"https:\/\/tmp.compunegocios.com.pe\/index.php\/wp-json\/wp\/v2\/product_cat?post=14722"},{"taxonomy":"product_tag","embeddable":true,"href":"https:\/\/tmp.compunegocios.com.pe\/index.php\/wp-json\/wp\/v2\/product_tag?post=14722"}],"curies":[{"name":"wp","href":"https:\/\/api.w.org\/{rel}","templated":true}]}}