{"id":14725,"date":"2024-01-23T15:35:52","date_gmt":"2024-01-23T15:35:52","guid":{"rendered":"http:\/\/compunegocios.com.pe\/index.php\/product\/pasta-termica-deepcool-z5-3grs\/"},"modified":"2025-09-17T21:33:48","modified_gmt":"2025-09-17T21:33:48","slug":"pasta-termica-deepcool-z5-3grs","status":"publish","type":"product","link":"https:\/\/tmp.compunegocios.com.pe\/index.php\/product\/pasta-termica-deepcool-z5-3grs\/","title":{"rendered":"PASTA TERMICA DEEPCOOL Z5 3Grs"},"content":{"rendered":"<p>PASTA TERMICA DEEPCOOL Z5 3Grs<\/p>\n<p>La Z5 es una pasta t\u00e9rmica de alto rendimiento con una excelente conductividad t\u00e9rmica.<br \/>\nExcelente Conductividad T\u00e9rmica: El gel t\u00e9rmico de Z5 consiste en una alta conductividad del calor para permitir un alto rendimiento de disipaci\u00f3n de calor.<br \/>\nRecomendado con alto rendimiento para cooler para CPU: La densidad de Z5 es compatible con la superficie sharp-reflejado del cooler para CPU para una m\u00e1xima disipaci\u00f3n del calor.<br \/>\nAislamiento El\u00e9ctrico Puro: Z5 est\u00e1 hecho especialmente para evitar cualquier da\u00f1o el\u00e9ctrico provocado por la pasta t\u00e9rmica.<\/p>\n<p>CARACTER\u00cdSTICAS<br \/>\nPeso bruto: 7g<br \/>\nColor: Gris plata<br \/>\nTemperatura de funcionamiento: -50\u00b0C\u2013220\u00b0C<br \/>\nConductividad T\u00e9rmica: &gt;1.46 W\/m-K<br \/>\nImpedancia t\u00e9rmica: 6<br \/>\nViscosidad: 76cps<br \/>\nPeso neto: 3,0 g<br \/>\nEAN: 6933412700043<br \/>\nN.\u00ba del producto: DP-TIM-Z5-2<\/p>\n","protected":false},"excerpt":{"rendered":"<p>&#8211;<\/p>\n","protected":false},"featured_media":14746,"template":"","meta":[],"pwb-brand":[],"product_brand":[],"product_cat":[108],"product_tag":[],"class_list":{"0":"post-14725","1":"product","2":"type-product","3":"status-publish","4":"has-post-thumbnail","6":"product_cat-108","8":"first","9":"instock","10":"taxable","11":"shipping-taxable","12":"purchasable","13":"product-type-simple"},"brands":[],"_links":{"self":[{"href":"https:\/\/tmp.compunegocios.com.pe\/index.php\/wp-json\/wp\/v2\/product\/14725","targetHints":{"allow":["GET"]}}],"collection":[{"href":"https:\/\/tmp.compunegocios.com.pe\/index.php\/wp-json\/wp\/v2\/product"}],"about":[{"href":"https:\/\/tmp.compunegocios.com.pe\/index.php\/wp-json\/wp\/v2\/types\/product"}],"wp:featuredmedia":[{"embeddable":true,"href":"https:\/\/tmp.compunegocios.com.pe\/index.php\/wp-json\/wp\/v2\/media\/14746"}],"wp:attachment":[{"href":"https:\/\/tmp.compunegocios.com.pe\/index.php\/wp-json\/wp\/v2\/media?parent=14725"}],"wp:term":[{"taxonomy":"pwb-brand","embeddable":true,"href":"https:\/\/tmp.compunegocios.com.pe\/index.php\/wp-json\/wp\/v2\/pwb-brand?post=14725"},{"taxonomy":"product_brand","embeddable":true,"href":"https:\/\/tmp.compunegocios.com.pe\/index.php\/wp-json\/wp\/v2\/product_brand?post=14725"},{"taxonomy":"product_cat","embeddable":true,"href":"https:\/\/tmp.compunegocios.com.pe\/index.php\/wp-json\/wp\/v2\/product_cat?post=14725"},{"taxonomy":"product_tag","embeddable":true,"href":"https:\/\/tmp.compunegocios.com.pe\/index.php\/wp-json\/wp\/v2\/product_tag?post=14725"}],"curies":[{"name":"wp","href":"https:\/\/api.w.org\/{rel}","templated":true}]}}