{"id":14798,"date":"2024-01-23T23:13:14","date_gmt":"2024-01-23T23:13:14","guid":{"rendered":"http:\/\/compunegocios.com.pe\/index.php\/product\/antivirus-kaspersky-licencia-1-ano-para-3-dispositivos\/"},"modified":"2025-08-19T17:32:29","modified_gmt":"2025-08-19T17:32:29","slug":"antivirus-kaspersky-licencia-1-ano-para-3-dispositivos","status":"publish","type":"product","link":"https:\/\/tmp.compunegocios.com.pe\/index.php\/product\/antivirus-kaspersky-licencia-1-ano-para-3-dispositivos\/","title":{"rendered":"ANTIVIRUS KASPERSKY LICENCIA 1 A\u00d1O  PARA 3 DISPOSITIVOS"},"content":{"rendered":"<p>ANTIVIRUS KASPERSKY LICENCIA 1 A\u00d1O  PARA 3 DISPOSITIVOS<\/p>\n<p>Especificaciones<\/p>\n<p>Condicion del producto\tNuevo<br \/>\nDetalle de la garant\u00eda\tGarant\u00eda 30 d\u00edas si el c\u00f3digo no ha sido utilizado. De lo contrario se pierde la garant\u00eda.<br \/>\nGarant\u00eda\t3 meses<br \/>\nCaracter\u00edsticas\tActualizaciones incluidas<br \/>\nModelo\tKL1171DUCFS<br \/>\nPa\u00eds de origen\tEstados Unidos<br \/>\nDimensiones\t10 cm x 10 cm x 10 cm<br \/>\nCompatible con\tMicrosoft windows<br \/>\nTipo de software y membres\u00eda\tAntivirus y seguridad<br \/>\nFormato software y membres\u00eda\tC\u00f3digo de activaci\u00f3n<br \/>\nEspacio en disco duro\t250 mb<br \/>\nN\u00famero m\u00e1ximo de dispositivos\t3<br \/>\nIncluye\tSoftware Instalable mediante descarga e instalaci\u00f3n con c\u00f3digo.<\/p>\n","protected":false},"excerpt":{"rendered":"<p>&#8211;<\/p>\n","protected":false},"featured_media":14805,"template":"","meta":[],"pwb-brand":[],"product_brand":[],"product_cat":[241],"product_tag":[],"class_list":{"0":"post-14798","1":"product","2":"type-product","3":"status-publish","4":"has-post-thumbnail","6":"product_cat-241","8":"first","9":"instock","10":"taxable","11":"shipping-taxable","12":"purchasable","13":"product-type-simple"},"brands":[],"_links":{"self":[{"href":"https:\/\/tmp.compunegocios.com.pe\/index.php\/wp-json\/wp\/v2\/product\/14798","targetHints":{"allow":["GET"]}}],"collection":[{"href":"https:\/\/tmp.compunegocios.com.pe\/index.php\/wp-json\/wp\/v2\/product"}],"about":[{"href":"https:\/\/tmp.compunegocios.com.pe\/index.php\/wp-json\/wp\/v2\/types\/product"}],"wp:featuredmedia":[{"embeddable":true,"href":"https:\/\/tmp.compunegocios.com.pe\/index.php\/wp-json\/wp\/v2\/media\/14805"}],"wp:attachment":[{"href":"https:\/\/tmp.compunegocios.com.pe\/index.php\/wp-json\/wp\/v2\/media?parent=14798"}],"wp:term":[{"taxonomy":"pwb-brand","embeddable":true,"href":"https:\/\/tmp.compunegocios.com.pe\/index.php\/wp-json\/wp\/v2\/pwb-brand?post=14798"},{"taxonomy":"product_brand","embeddable":true,"href":"https:\/\/tmp.compunegocios.com.pe\/index.php\/wp-json\/wp\/v2\/product_brand?post=14798"},{"taxonomy":"product_cat","embeddable":true,"href":"https:\/\/tmp.compunegocios.com.pe\/index.php\/wp-json\/wp\/v2\/product_cat?post=14798"},{"taxonomy":"product_tag","embeddable":true,"href":"https:\/\/tmp.compunegocios.com.pe\/index.php\/wp-json\/wp\/v2\/product_tag?post=14798"}],"curies":[{"name":"wp","href":"https:\/\/api.w.org\/{rel}","templated":true}]}}