{"id":14839,"date":"2024-01-25T16:18:12","date_gmt":"2024-01-25T16:18:12","guid":{"rendered":"http:\/\/compunegocios.com.pe\/index.php\/product\/impresora-canon-pixma-g3170-multifuncional-inalambrica\/"},"modified":"2025-10-14T23:22:57","modified_gmt":"2025-10-14T23:22:57","slug":"impresora-canon-pixma-g3170-multifuncional-inalambrica","status":"publish","type":"product","link":"https:\/\/tmp.compunegocios.com.pe\/index.php\/product\/impresora-canon-pixma-g3170-multifuncional-inalambrica\/","title":{"rendered":"IMPRESORA CANON PIXMA G3170 MULTIFUNCIONAL INALAMBRICA"},"content":{"rendered":"<p>IMPRESORA CANON PIXMA G3170 MULTIFUNCIONAL INALAMBRICA<\/p>\n<p>Marca: CANON<br \/>\nModelo: PIXMA G3170 BK<br \/>\nTecnolog\u00eda de impresi\u00f3n: Inyecci\u00f3n de tinta<br \/>\nColores de impresi\u00f3n; 4 colores (CMYBK)<\/p>\n<p>Funciones destacadas<br \/>\nPANTALLA LCD CUADRADA DE 3.4 CM<br \/>\nPosterArtist\u2077 es un programa de software para crear carteles dise\u00f1ado para ser utilizado por usuarios de todos los niveles que los ayuda a crear carteles, pancartas y letreros profesionales., Imprima desde sus dispositivos m\u00f3viles favoritos a trav\u00e9s de la Aplicaci\u00f3n gratuita Canon PRINT<br \/>\nApple AirPrint y Mopria Print Service<br \/>\nImprima hasta 6.000 p\u00e1ginas en blanco y negro y 7.700 en color. Hasta 7,600 (Blanco y Negro) \/ 8,100 (Color) P\u00e1ginas en modo econom\u00eda, con solo un juego de tintas, Imprima hermosas FOTOGRAF\u00cdAS SIN BORDES de hasta<br \/>\n8.5\u201d x 11\u201d (Tama\u00f1o carta), compatible con Mac y Windows <\/p>\n<p>\u00c1rea de impresi\u00f3n: Impresi\u00f3n de una cara (Simplex), Impresi\u00f3n sin bordes\u00b3 (3.5\u201d x 3.5\u201d hasta 8.5\u201d x 11\u201d, (8.9 x 8.9 x 27.9 cm))<br \/>\nImpresi\u00f3n sin bordes: S\u00ed<br \/>\nImpresi\u00f3n doble cara: No<br \/>\nImpresi\u00f3n desde dispositivo m\u00f3vil: S\u00ed<br \/>\nVelocidad de impresi\u00f3n en B\/N: Aprox. 11.0 ipm<br \/>\nResoluci\u00f3n de impresi\u00f3n en B\/N: Hasta 4800 x 1200 dpi<br \/>\nCapacidad en bandeja entrada: Hasta 100 hojas<br \/>\nWifi integrado: S\u00ed<br \/>\nBluetooth integrado: No<br \/>\nEntradas USB: 1<br \/>\nConectividad de impresora: WiFi, USB<br \/>\nTecnolog\u00eda de suministro: Botella de tinta<br \/>\nCantidad de cartuchos: 4<br \/>\nFormato de sobres: U.S. #10 Sobres<br \/>\nPantalla incorporada: S\u00ed<br \/>\nColor: Negro<br \/>\nConsumo\t114W (0.6W En espera \/ 0.1W Apagado)<br \/>\nIncluye: Juego de botellas (GI-11: PGBK, C, M, Y), Documentaci\u00f3n, Cable de Poder, Carta de Garant\u00eda<br \/>\nGarant\u00eda del proveedor: 1 a\u00f1o<\/p>\n","protected":false},"excerpt":{"rendered":"<p>&#8211;<\/p>\n","protected":false},"featured_media":14849,"template":"","meta":[],"pwb-brand":[334],"product_brand":[],"product_cat":[205],"product_tag":[],"class_list":{"0":"post-14839","1":"product","2":"type-product","3":"status-publish","4":"has-post-thumbnail","6":"pwb-brand-canon","7":"product_cat-205","9":"first","10":"instock","11":"taxable","12":"shipping-taxable","13":"purchasable","14":"product-type-simple"},"brands":[{"id":334,"name":"Canon","slug":"canon"}],"_links":{"self":[{"href":"https:\/\/tmp.compunegocios.com.pe\/index.php\/wp-json\/wp\/v2\/product\/14839","targetHints":{"allow":["GET"]}}],"collection":[{"href":"https:\/\/tmp.compunegocios.com.pe\/index.php\/wp-json\/wp\/v2\/product"}],"about":[{"href":"https:\/\/tmp.compunegocios.com.pe\/index.php\/wp-json\/wp\/v2\/types\/product"}],"wp:featuredmedia":[{"embeddable":true,"href":"https:\/\/tmp.compunegocios.com.pe\/index.php\/wp-json\/wp\/v2\/media\/14849"}],"wp:attachment":[{"href":"https:\/\/tmp.compunegocios.com.pe\/index.php\/wp-json\/wp\/v2\/media?parent=14839"}],"wp:term":[{"taxonomy":"pwb-brand","embeddable":true,"href":"https:\/\/tmp.compunegocios.com.pe\/index.php\/wp-json\/wp\/v2\/pwb-brand?post=14839"},{"taxonomy":"product_brand","embeddable":true,"href":"https:\/\/tmp.compunegocios.com.pe\/index.php\/wp-json\/wp\/v2\/product_brand?post=14839"},{"taxonomy":"product_cat","embeddable":true,"href":"https:\/\/tmp.compunegocios.com.pe\/index.php\/wp-json\/wp\/v2\/product_cat?post=14839"},{"taxonomy":"product_tag","embeddable":true,"href":"https:\/\/tmp.compunegocios.com.pe\/index.php\/wp-json\/wp\/v2\/product_tag?post=14839"}],"curies":[{"name":"wp","href":"https:\/\/api.w.org\/{rel}","templated":true}]}}