{"id":14856,"date":"2024-01-25T17:16:07","date_gmt":"2024-01-25T17:16:07","guid":{"rendered":"http:\/\/compunegocios.com.pe\/index.php\/product\/impresora-multifuncional-epson-workforce-pro-wf-c5810\/"},"modified":"2025-10-01T21:14:02","modified_gmt":"2025-10-01T21:14:02","slug":"impresora-multifuncional-epson-workforce-pro-wf-c5810","status":"publish","type":"product","link":"https:\/\/tmp.compunegocios.com.pe\/index.php\/product\/impresora-multifuncional-epson-workforce-pro-wf-c5810\/","title":{"rendered":"IMPRESORA MULTIFUNCIONAL EPSON WORKFORCE PRO WF-C5810"},"content":{"rendered":"<p>MARCA: EPSON<br \/>\nMODELO: WORKFORCE PRO WF-C5810<br \/>\nNUMERO DE PARTE: C11CK24301<\/p>\n<p>EQUIPO MULTIFUNCION<br \/>\n&#8211; IMPRIME<br \/>\n&#8211; ESCANEA<br \/>\n&#8211; COPIA<br \/>\n&#8211; ENVIA Y RECIBE FAXES<\/p>\n<p>TECNOLOGIA DE IMPRESION: CABEZAL DE IMPRESI\u00d3N PRECISIONCORE 4S POR INYECCI\u00d3N DE TINTA DE 4 COLORES<\/p>\n<p>ESPECIFICACION IMPRESORA<br \/>\nRESOLUCION MAX COLOR:\t4800 dpi x 1200 dpi<br \/>\nRESOLUCION MAX COLOR NEGRO:\t4800 dpi x 1200 dpi<br \/>\nVELOCIDAD MAX COLOR:\t25\/16 ISO ppm (NEGRO\/COLOR) S\u00cdMPLEX \/ 17\/16 PPM (NEGRO\/COLOR) D\u00daPLEX<br \/>\nVELOCIDAD MAX COLOR NEGRO:\t25\/16 ISO ppm (NEGRO\/COLOR) S\u00cdMPLEX34 PPM (BORRADOR) \/ 17\/16 PPM (NEGRO\/COLOR) D\u00daPLEX<\/p>\n<p>ESPECIFICACION ESCANER<br \/>\nRESOLUCION OPTICA:\tOPTICA: 1200 dpi \/ HARDWARE: 1200 x 2400 dpi<br \/>\nRESOLUCION MEJORADA:\t9600 x 9600 dpi (INTERPOLADA)<\/p>\n<p>ESPECIF COPIADORA<br \/>\nVELOCIDAD MAXIMA COLOR:\t21 cpm (ISO)<br \/>\nVELOCIDAD MAXIMA NEGRO:\t21 cpm (ISO)<br \/>\nAUTOM\u00c1TICO DE DOBLE CARA, VISTA PREVIA, CAMBIO DE TAMA\u00d1O, COPIA DE TARJETA DE IDENTIFICACI\u00d3N, INTERCALACI\u00d3N, DENSIDAD DE COPIA AJUSTABLE<\/p>\n<p>ESPECIF FAX<br \/>\nVELOCIDAD:\t33.6 KBPS \/ (HASTA 3 SEGUNDOS POR P\u00c1GINA)<br \/>\nMEMORIA:\tHASTA 550 PAGINAS<\/p>\n<p>CONECTIVIDAD<br \/>\nUSB DE ALTA VELOCIDAD<br \/>\nWIRELESS (INAL\u00c1MBRICA) (802.11 B\/G\/N\/A\/AC) \/ Wi-Fi DIRECT<br \/>\nLAN ETHERNET (1000 BASE-T\/100 BASE-TX\/10 BASE-T)<\/p>\n<p>INCORPORA<br \/>\nPANTALLA LCD T\u00c1CTIL A COLOR DE 4.3&#8243;<br \/>\nCAPACIDAD DE ENTRADA: 250 HOJAS (BANDEJA FRONTAL) + 80 HOJAS (ALIMENTADOR TRASERO)<br \/>\nCAPACIDAD DE SALIDA: 150 HOJAS DE PAPEL NORMA<\/p>\n<p>MEDIOS SOPORTADOS<br \/>\nHOJAS SIMPLES TAMA\u00d1O<br \/>\n&#8211; A4<br \/>\n&#8211; A5<br \/>\n&#8211; A6<br \/>\nLEGAL, CARTA, EJECUTIVO, OFICIO<br \/>\nSOBRE N\u00b010<\/p>\n<p>BOTELLAS DE IMPRESION<br \/>\nTINTA DE PIGMENTO: DURABRITE ULTRA (RESISTENTE AL AGUA, LAS MANCHAS Y LA DECOLORACI\u00d3N)<br \/>\n4 BOLSAS DE TINTA INDIVIDUALES:<br \/>\nT11A \/ TAMA\u00d1O EST\u00c1NDAR: NEGRO, CIAN, MAGENTA Y AMARILLO \/ RENDIMIENTO DE P\u00c1GINAS ISO: NEGRO 5.000 \/ COLOR 5.000<\/p>\n","protected":false},"excerpt":{"rendered":"<p>&#8211;<\/p>\n","protected":false},"featured_media":14862,"template":"","meta":[],"pwb-brand":[333],"product_brand":[],"product_cat":[205],"product_tag":[],"class_list":{"0":"post-14856","1":"product","2":"type-product","3":"status-publish","4":"has-post-thumbnail","6":"pwb-brand-epson","7":"product_cat-205","9":"first","10":"outofstock","11":"taxable","12":"shipping-taxable","13":"purchasable","14":"product-type-simple"},"brands":[{"id":333,"name":"Epson","slug":"epson"}],"_links":{"self":[{"href":"https:\/\/tmp.compunegocios.com.pe\/index.php\/wp-json\/wp\/v2\/product\/14856","targetHints":{"allow":["GET"]}}],"collection":[{"href":"https:\/\/tmp.compunegocios.com.pe\/index.php\/wp-json\/wp\/v2\/product"}],"about":[{"href":"https:\/\/tmp.compunegocios.com.pe\/index.php\/wp-json\/wp\/v2\/types\/product"}],"wp:featuredmedia":[{"embeddable":true,"href":"https:\/\/tmp.compunegocios.com.pe\/index.php\/wp-json\/wp\/v2\/media\/14862"}],"wp:attachment":[{"href":"https:\/\/tmp.compunegocios.com.pe\/index.php\/wp-json\/wp\/v2\/media?parent=14856"}],"wp:term":[{"taxonomy":"pwb-brand","embeddable":true,"href":"https:\/\/tmp.compunegocios.com.pe\/index.php\/wp-json\/wp\/v2\/pwb-brand?post=14856"},{"taxonomy":"product_brand","embeddable":true,"href":"https:\/\/tmp.compunegocios.com.pe\/index.php\/wp-json\/wp\/v2\/product_brand?post=14856"},{"taxonomy":"product_cat","embeddable":true,"href":"https:\/\/tmp.compunegocios.com.pe\/index.php\/wp-json\/wp\/v2\/product_cat?post=14856"},{"taxonomy":"product_tag","embeddable":true,"href":"https:\/\/tmp.compunegocios.com.pe\/index.php\/wp-json\/wp\/v2\/product_tag?post=14856"}],"curies":[{"name":"wp","href":"https:\/\/api.w.org\/{rel}","templated":true}]}}