{"id":14901,"date":"2024-01-26T15:27:48","date_gmt":"2024-01-26T15:27:48","guid":{"rendered":"http:\/\/compunegocios.com.pe\/index.php\/product\/multigrabadora-externa-lg-ultra-slim-p-n-gp65nb60\/"},"modified":"2025-10-04T23:31:50","modified_gmt":"2025-10-04T23:31:50","slug":"multigrabadora-externa-lg-ultra-slim-p-n-gp65nb60","status":"publish","type":"product","link":"https:\/\/tmp.compunegocios.com.pe\/index.php\/product\/multigrabadora-externa-lg-ultra-slim-p-n-gp65nb60\/","title":{"rendered":"MULTIGRABADORA EXTERNA LG ULTRA SLIM P\/N GP65NB60"},"content":{"rendered":"<p>MULTIGRABADORA EXTERNA LG ULTRA SLIM P\/N GP65NB60<\/p>\n<p>M\u00e1s eficiente, m\u00e1s port\u00e1til, con el grabador externo LG, puedes conectarte a desktop o una Laptop en cualquier lugar, ya sea para grabar o reproducir archivos.<\/p>\n<p>CARACTERISTICAS:<br \/>\nMARCA: LG<br \/>\nMODELO: GP65NB60<\/p>\n<p>DRIVE<br \/>\n&#8211; DVD SUPERMULTI<br \/>\n&#8211; EXTERNO<\/p>\n<p>INTERFAZ: USB 2.0<\/p>\n<p>VELOCIDAD LECTURA<br \/>\n&#8211; CD-R: 24X<br \/>\n&#8211; DVD-R: 8X<br \/>\n&#8211; DVD+R: 8X<br \/>\n&#8211; DVD\u00b1R (DUAL LAYER): 8X<br \/>\n&#8211; DVD-ROM: 8X<br \/>\n&#8211; CD-RW: 24X<br \/>\n&#8211; DVD-RW: 8X<br \/>\n&#8211; DVD+RW: 8X<\/p>\n<p>VELOCIDAD ESCRITURA<br \/>\n&#8211; CD-R: 24X<br \/>\n&#8211; CD-RW: 24X<br \/>\n&#8211; DVD-R: 8X<br \/>\n&#8211; DVD+R: 8X<br \/>\n&#8211; DVD+R (DUAL LAYER): 8X<br \/>\n&#8211; DVD-R (DUAL LAYER): 6X<br \/>\n&#8211; DVD-RW: 8X<br \/>\n&#8211; DVD+RW: 8X<\/p>\n<p>BUFFER: 0.75 MB<\/p>\n<p>PLATAFORMAS DE TRABAJO<br \/>\n&#8211; WINDOWS 8.1\/8\/7\/VISTA\/XP\/2008\/2003<br \/>\n&#8211; MAC OS: X 10.7.5<\/p>\n<p>COLOR: NEGRO<\/p>\n","protected":false},"excerpt":{"rendered":"<p>&#8211;<\/p>\n","protected":false},"featured_media":14906,"template":"","meta":[],"pwb-brand":[],"product_brand":[],"product_cat":[154],"product_tag":[],"class_list":{"0":"post-14901","1":"product","2":"type-product","3":"status-publish","4":"has-post-thumbnail","6":"product_cat-154","8":"first","9":"instock","10":"taxable","11":"shipping-taxable","12":"purchasable","13":"product-type-simple"},"brands":[],"_links":{"self":[{"href":"https:\/\/tmp.compunegocios.com.pe\/index.php\/wp-json\/wp\/v2\/product\/14901","targetHints":{"allow":["GET"]}}],"collection":[{"href":"https:\/\/tmp.compunegocios.com.pe\/index.php\/wp-json\/wp\/v2\/product"}],"about":[{"href":"https:\/\/tmp.compunegocios.com.pe\/index.php\/wp-json\/wp\/v2\/types\/product"}],"wp:featuredmedia":[{"embeddable":true,"href":"https:\/\/tmp.compunegocios.com.pe\/index.php\/wp-json\/wp\/v2\/media\/14906"}],"wp:attachment":[{"href":"https:\/\/tmp.compunegocios.com.pe\/index.php\/wp-json\/wp\/v2\/media?parent=14901"}],"wp:term":[{"taxonomy":"pwb-brand","embeddable":true,"href":"https:\/\/tmp.compunegocios.com.pe\/index.php\/wp-json\/wp\/v2\/pwb-brand?post=14901"},{"taxonomy":"product_brand","embeddable":true,"href":"https:\/\/tmp.compunegocios.com.pe\/index.php\/wp-json\/wp\/v2\/product_brand?post=14901"},{"taxonomy":"product_cat","embeddable":true,"href":"https:\/\/tmp.compunegocios.com.pe\/index.php\/wp-json\/wp\/v2\/product_cat?post=14901"},{"taxonomy":"product_tag","embeddable":true,"href":"https:\/\/tmp.compunegocios.com.pe\/index.php\/wp-json\/wp\/v2\/product_tag?post=14901"}],"curies":[{"name":"wp","href":"https:\/\/api.w.org\/{rel}","templated":true}]}}